{"id":2024,"date":"2019-10-25T00:19:12","date_gmt":"2019-10-24T22:19:12","guid":{"rendered":"https:\/\/www.ins-netz.at\/zeit\/?page_id=2024"},"modified":"2021-11-09T13:46:47","modified_gmt":"2021-11-09T12:46:47","slug":"uber-uns","status":"publish","type":"page","link":"https:\/\/www.zeitpolster.com\/staging\/uber-uns\/","title":{"rendered":"\u00dcber uns"},"content":{"rendered":"\n<section class=\"wp-block-uagb-section uagb-section__wrap uagb-section__background-image uagb-block-1c970cdf\"><div class=\"uagb-section__overlay\"><\/div><div class=\"uagb-section__inner-wrap\">\n<div class=\"wp-block-uagb-advanced-heading uagb-block-b0559e55\"><h1 class=\"uagb-heading-text\">\u00dcber uns<\/h1><p class=\"uagb-desc-text\"><\/p><\/div>\n<\/div><\/section>\n\n\n\n<section class=\"wp-block-uagb-columns uagb-columns__wrap uagb-columns__background-undefined uagb-columns__stack-mobile uagb-columns__valign-undefined uagb-columns__gap-10 alignfull uagb-block-62f1f562\"><div class=\"uagb-columns__overlay\"><\/div><div class=\"uagb-columns__inner-wrap uagb-columns__columns-3\">\n<div class=\"wp-block-uagb-column uagb-column__wrap uagb-column__background-undefined uagb-block-8745dbd2\"><div class=\"uagb-column__overlay\"><\/div><div class=\"uagb-column__inner-wrap\">\n<p><\/p>\n<\/div><\/div>\n\n\n\n<div class=\"wp-block-uagb-column uagb-column__wrap uagb-column__background-undefined uagb-block-49f430ca\"><div class=\"uagb-column__overlay\"><\/div><div class=\"uagb-column__inner-wrap\">\n<div style=\"height:20px\" aria-hidden=\"true\" class=\"wp-block-spacer\"><\/div>\n\n\n\n<div class=\"wp-block-uagb-advanced-heading uagb-block-0c0e2713\"><h2 class=\"uagb-heading-text\">Wir machen m\u00f6glich,<br>was fr\u00fcher selbstverst\u00e4ndlich war <\/h2><p class=\"uagb-desc-text\"><\/p><\/div>\n\n\n\n<div style=\"height:50px\" aria-hidden=\"true\" class=\"wp-block-spacer\"><\/div>\n\n\n\n<p style=\"font-size:22px\">Wer heute anderen hilft, sorgt f\u00fcr sein eigenes Morgen vor. <\/p>\n\n\n\n<p style=\"font-size:22px\">\u201eZeitpolster\u201c ist ein ganz besonderes Betreuungs- und Vorsorgemodell. Wer anderen hilft, bekommt kein Geld, aber eine Zeitgutschrift, die im Alter gegen Betreuung eingel\u00f6st werden kann. <\/p>\n\n\n\n<p style=\"font-size:22px\">Mit unserem Social-Business-Modell l\u00f6sen wir ein brennendes gesellschaftliches Problem auf unternehmerische Art und Weise. \u00dcbersch\u00fcsse werden reinvestiert.<\/p>\n\n\n\n<p style=\"font-size:22px\">Wir k\u00fcmmern uns um jene, die es brauchen!<\/p>\n\n\n\n<p style=\"font-size:22px\">Ihr Gernot Jochum-M\u00fcller<br>Gr\u00fcnder von Zeitpolster<\/p>\n<\/div><\/div>\n\n\n\n<div class=\"wp-block-uagb-column uagb-column__wrap uagb-column__background-image uagb-block-ed0d634d\"><div class=\"uagb-column__overlay\"><\/div><div class=\"uagb-column__inner-wrap\">\n<div style=\"height:500px\" aria-hidden=\"true\" class=\"wp-block-spacer\"><\/div>\n<\/div><\/div>\n<\/div><\/section>\n\n\n\n<section class=\"wp-block-uagb-section uagb-section__wrap uagb-section__background-color uagb-block-47050afb\"><div class=\"uagb-section__overlay\"><\/div><div class=\"uagb-section__inner-wrap\">\n<div class=\"wp-block-uagb-advanced-heading uagb-block-3e7b7aa1\"><h2 class=\"uagb-heading-text\">Entstehung von Zeitpolster<\/h2><p class=\"uagb-desc-text\"><\/p><\/div>\n\n\n\n<div style=\"height:50px\" aria-hidden=\"true\" class=\"wp-block-spacer\"><\/div>\n\n\n\n<p style=\"font-size:22px\">Angeregt durch die Berichte eines Zeitgutschriftenmodells f\u00fcr Betreuungsleistungen in Japan starteten wir im <a rel=\"noreferrer noopener\" href=\"http:\/\/www.talente.cc\" target=\"_blank\"><strong>Verein Talente Vorarlberg<\/strong><\/a>&nbsp;mit  ersten Umsetzungsversuchen. Diese waren ebenso lehrreich, wie zum  Scheitern verurteilt. Dennoch waren wir durch den grunds\u00e4tzlichen  Zuspruch ermutigt, weiter am Thema zu forschen und das Konzept  weiterzuentwickeln.<\/p>\n\n\n\n<p style=\"font-size:22px\">Sp\u00e4ter \u00fcbernahm die <a rel=\"noreferrer noopener\" href=\"http:\/\/www.allmenda.com\" target=\"_blank\"><strong>ALLMENDA Social Business eG<\/strong><\/a>&nbsp;Projekte  des Vereins.&nbsp;In Europa fehlten praktische Umsetzungen zur&nbsp;Zeitvorsorge.  Deswegen forschten wir weiter an diesem Thema. Wichtig f\u00fcr uns war der  Auftrag zur Konzeptentwicklung einer Zeitvorsorge f\u00fcr die <a rel=\"noreferrer noopener\" href=\"http:\/\/www.zeitvorsorge.ch\" target=\"_blank\"><strong>Stadt St. Gallen, Schweiz. Die Beauftragung erfolgte durch das Bundesamt f\u00fcr Sozialversicherungen und der Stadt St. Gallen.<\/strong><\/a><\/p>\n\n\n\n<p style=\"font-size:22px\">Das Konzept wurde von unserem Gr\u00fcnder Gernot Jochum-M\u00fcller entwickelt. &nbsp;Durch seine Mitgliedschaft im Netzwerk <a rel=\"noreferrer noopener\" href=\"http:\/\/www.makingmorehealth.org\" target=\"_blank\"><strong>MMH &#8222;Making More Health&#8220;<\/strong><\/a> von Boehringer Ingelheim sowie das Stipendium&nbsp;als <a rel=\"noreferrer noopener\" href=\"http:\/\/ashoka-cee.org\/austria\/fellow\/gernot-jochum-muller\/\" target=\"_blank\"><strong>Ashoka Fellow<\/strong><\/a> entstand die M\u00f6glichkeit, das Projekt&nbsp;Zeitpolster auf die n\u00e4chste Ebene  zu heben. Das war der Start von Zeitpolster. <\/p>\n\n\n\n<p style=\"font-size:22px\">Zeitpolster w\u00e4chst von unten. Die Freiwilligen sind die wichtigsten GestalterInnen von Zeitpolster. Nach dem ersten operativen Jahr waren 250 Helfende aktiv, wurden die ersten 4.000 Stunden verbucht und 100 Menschen betreut. Acht Zeitpolstergruppen in Wien, Nieder\u00f6sterreich, der Steiermark und Vorarlberg sind entstanden.  <\/p>\n<\/div><\/section>\n\n\n\n<section class=\"wp-block-uagb-section uagb-section__wrap uagb-section__background-none uagb-block-ffafb7b8\"><div class=\"uagb-section__overlay\"><\/div><div class=\"uagb-section__inner-wrap\">\n<div class=\"wp-block-uagb-icon-list uagb-icon-list__outer-wrap uagb-icon-list__layout-horizontal uagb-icon-list__no-label uagb-block-a4f304e7\"><div class=\"uagb-icon-list__wrap\">\n<div class=\"wp-block-uagb-icon-list-child uagb-icon-list-repeater uagb-icon-list__wrapper uagb-block-6e09b745\"><div class=\"uagb-icon-list__content-wrap\"><span class=\"uagb-icon-list__source-wrap\"><span class=\"uagb-icon-list__source-icon\"><svg xmlns=\"http:\/\/www.w3.org\/2000\/svg\" viewbox=\"0 0 512 512\"><path d=\"M493.4 24.6l-104-24c-11.3-2.6-22.9 3.3-27.5 13.9l-48 112c-4.2 9.8-1.4 21.3 6.9 28l60.6 49.6c-36 76.7-98.9 140.5-177.2 177.2l-49.6-60.6c-6.8-8.3-18.2-11.1-28-6.9l-112 48C3.9 366.5-2 378.1.6 389.4l24 104C27.1 504.2 36.7 512 48 512c256.1 0 464-207.5 464-464 0-11.2-7.7-20.9-18.6-23.4z\"><\/path><\/svg><\/span><\/span><\/div><\/div>\n<\/div><\/div>\n\n\n\n<div style=\"height:50px\" aria-hidden=\"true\" class=\"wp-block-spacer\"><\/div>\n\n\n\n<div style=\"text-align:center;\"><a href=\"tel:+43 664 8872 0770\"><h1>0043 664 8872 0770<\/h1><\/a><\/div>\n\n\n\n<div class=\"wp-block-uagb-advanced-heading uagb-block-14dd0ec1\"><h2 class=\"uagb-heading-text\">Serviceline: Mo-Fr 9 bis 12 Uhr <\/h2><p class=\"uagb-desc-text\"><\/p><\/div>\n<\/div><\/section>\n\n\n\n<section class=\"wp-block-uagb-section uagb-section__wrap uagb-section__background-color uagb-block-a8819f45\"><div class=\"uagb-section__overlay\"><\/div><div class=\"uagb-section__inner-wrap\">\n<section class=\"wp-block-uagb-columns uagb-columns__wrap uagb-columns__background-undefined uagb-columns__stack-mobile uagb-columns__valign-undefined uagb-columns__gap-10 alignundefined uagb-block-df58f502\"><div class=\"uagb-columns__overlay\"><\/div><div class=\"uagb-columns__inner-wrap uagb-columns__columns-3\">\n<div class=\"wp-block-uagb-column uagb-column__wrap uagb-column__background-undefined uagb-block-afb5b1b0\"><div class=\"uagb-column__overlay\"><\/div><div class=\"uagb-column__inner-wrap\"><\/div><\/div>\n\n\n\n<div class=\"wp-block-uagb-column uagb-column__wrap uagb-column__background-undefined uagb-block-3591cf2b\"><div class=\"uagb-column__overlay\"><\/div><div class=\"uagb-column__inner-wrap\">\n<div class=\"wp-block-uagb-advanced-heading uagb-block-759924ba\"><h1 class=\"uagb-heading-text\">Lust auf mehr?<\/h1><p class=\"uagb-desc-text\"><\/p><\/div>\n\n\n\n<div style=\"height:50px\" aria-hidden=\"true\" class=\"wp-block-spacer\"><\/div>\n\n\n\n<p class=\"has-text-align-center has-text-color\" style=\"color:#ffffff;font-size:22px\"> Zeitpolster in meiner Region aufbauen<br>und weiterbringen<\/p>\n\n\n\n<div style=\"height:20px\" aria-hidden=\"true\" class=\"wp-block-spacer\"><\/div>\n\n\n\n<div class=\"wp-block-uagb-buttons uagb-buttons__outer-wrap uagb-block-6bcc5015\"><div class=\"uagb-buttons__wrap uagb-buttons-layout-wrap\">\n<div class=\"wp-block-uagb-buttons-child uagb-buttons__outer-wrap uagb-block-8821ad7f\"><div class=\"uagb-button__wrapper\"><a class=\"uagb-buttons-repeater\" href=\"https:\/\/www.zeitpolster.com\/staging\/kontakt\/\" rel=\"noopener noreferrer\" target=\"_self\"><div class=\"uagb-button__link\">Kontakt<\/div><\/a><\/div><\/div>\n<\/div><\/div>\n<\/div><\/div>\n\n\n\n<div class=\"wp-block-uagb-column uagb-column__wrap uagb-column__background-undefined uagb-block-f28cd452\"><div class=\"uagb-column__overlay\"><\/div><div class=\"uagb-column__inner-wrap\"><\/div><\/div>\n<\/div><\/section>\n<\/div><\/section>\n\n\n\n<section class=\"wp-block-uagb-columns uagb-columns__wrap uagb-columns__background-none uagb-columns__stack-mobile uagb-columns__valign-undefined uagb-columns__gap-10 alignundefined uagb-block-8741288f\"><div class=\"uagb-columns__overlay\"><\/div><div class=\"uagb-columns__inner-wrap uagb-columns__columns-3\">\n<div class=\"wp-block-uagb-column uagb-column__wrap uagb-column__background-undefined uagb-block-ce75b270\"><div class=\"uagb-column__overlay\"><\/div><div class=\"uagb-column__inner-wrap\">\n<p><\/p>\n<\/div><\/div>\n\n\n\n<div class=\"wp-block-uagb-column uagb-column__wrap uagb-column__background-undefined uagb-block-525ed68b\"><div class=\"uagb-column__overlay\"><\/div><div class=\"uagb-column__inner-wrap\">\n<div class=\"wp-block-image\"><figure class=\"aligncenter\"><img loading=\"lazy\" decoding=\"async\" width=\"361\" height=\"192\" src=\"https:\/\/www.zeitpolster.com\/staging\/wp-content\/uploads\/sites\/14\/2019\/10\/logo_green-2.png\" alt=\"\" class=\"wp-image-32\" srcset=\"https:\/\/www.zeitpolster.com\/staging\/wp-content\/uploads\/sites\/14\/2019\/10\/logo_green-2.png 361w, https:\/\/www.zeitpolster.com\/staging\/wp-content\/uploads\/sites\/14\/2019\/10\/logo_green-2-300x160.png 300w, https:\/\/www.zeitpolster.com\/staging\/wp-content\/uploads\/sites\/14\/2019\/10\/logo_green-2-140x74.png 140w\" sizes=\"auto, (max-width: 361px) 100vw, 361px\" \/><\/figure><\/div>\n\n\n\n<p class=\"has-text-align-center\" style=\"font-size:22px\">Die Zeits\u00e4ule f\u00fcr die Altersvorsorge<\/p>\n\n\n\n<div style=\"height:20px\" aria-hidden=\"true\" class=\"wp-block-spacer\"><\/div>\n\n\n\n<div class=\"wp-block-uagb-icon-list uagb-icon-list__outer-wrap uagb-icon-list__layout-horizontal uagb-icon-list__no-label\" id=\"uagb-icon-list-6b30ef57-10c0-4bd7-a03e-44c9e005973e\"><div class=\"uagb-icon-list__wrap\"><a class=\"uagb-icon-list-repeater-0 uagb-icon-list__wrapper\" target=\"_blank\" rel=\"noopener noreferrer\" href=\"https:\/\/de-de.facebook.com\/zeitpolster\/\"><div class=\"uagb-icon-list__content-wrap\"><span class=\"uagb-icon-list__source-wrap\"><span class=\"uagb-icon-list__source-icon\"><svg xmlns=\"http:\/\/www.w3.org\/2000\/svg\" viewbox=\"0 0 264 512\"><path d=\"M76.7 512V283H0v-91h76.7v-71.7C76.7 42.4 124.3 0 193.8 0c33.3 0 61.9 2.5 70.2 3.6V85h-48.2c-37.8 0-45.1 18-45.1 44.3V192H256l-11.7 91h-73.6v229\"><\/path><\/svg><\/span><\/span><\/div><\/a><a class=\"uagb-icon-list-repeater-1 uagb-icon-list__wrapper\" target=\"_self\" rel=\"noopener noreferrer\" href=\"mailto:info@zeitpolster.com\"><div class=\"uagb-icon-list__content-wrap\"><span class=\"uagb-icon-list__source-wrap\"><span class=\"uagb-icon-list__source-icon\"><svg xmlns=\"http:\/\/www.w3.org\/2000\/svg\" viewbox=\"0 0 512 512\"><path d=\"M502.3 190.8c3.9-3.1 9.7-.2 9.7 4.7V400c0 26.5-21.5 48-48 48H48c-26.5 0-48-21.5-48-48V195.6c0-5 5.7-7.8 9.7-4.7 22.4 17.4 52.1 39.5 154.1 113.6 21.1 15.4 56.7 47.8 92.2 47.6 35.7.3 72-32.8 92.3-47.6 102-74.1 131.6-96.3 154-113.7zM256 320c23.2.4 56.6-29.2 73.4-41.4 132.7-96.3 142.8-104.7 173.4-128.7 5.8-4.5 9.2-11.5 9.2-18.9v-19c0-26.5-21.5-48-48-48H48C21.5 64 0 85.5 0 112v19c0 7.4 3.4 14.3 9.2 18.9 30.6 23.9 40.7 32.4 173.4 128.7 16.8 12.2 50.2 41.8 73.4 41.4z\"><\/path><\/svg><\/span><\/span><\/div><\/a><\/div><\/div>\n<\/div><\/div>\n\n\n\n<div class=\"wp-block-uagb-column uagb-column__wrap uagb-column__background-undefined uagb-block-67ad4b69\"><div class=\"uagb-column__overlay\"><\/div><div class=\"uagb-column__inner-wrap\">\n<p><\/p>\n<\/div><\/div>\n<\/div><\/section>\n","protected":false},"excerpt":{"rendered":"<p>Wir machen m\u00f6glich,was fr\u00fcher selbstverst\u00e4ndlich war Wer heute anderen hilft, sorgt f\u00fcr sein eigenes Morgen vor. \u201eZeitpolster\u201c ist ein ganz besonderes Betreuungs- und Vorsorgemodell. Wer anderen hilft, bekommt kein Geld, aber eine Zeitgutschrift, die im Alter gegen Betreuung eingel\u00f6st werden kann. Mit unserem Social-Business-Modell l\u00f6sen wir ein brennendes gesellschaftliches Problem auf unternehmerische Art und Weise. [&hellip;]<\/p>\n","protected":false},"author":1,"featured_media":0,"parent":0,"menu_order":0,"comment_status":"closed","ping_status":"closed","template":"","meta":{"_bbp_topic_count":0,"_bbp_reply_count":0,"_bbp_total_topic_count":0,"_bbp_total_reply_count":0,"_bbp_voice_count":0,"_bbp_anonymous_reply_count":0,"_bbp_topic_count_hidden":0,"_bbp_reply_count_hidden":0,"_bbp_forum_subforum_count":0,"_uag_custom_page_level_css":"","site-sidebar-layout":"no-sidebar","site-content-layout":"page-builder","ast-site-content-layout":"default","site-content-style":"default","site-sidebar-style":"default","ast-global-header-display":"","ast-banner-title-visibility":"","ast-main-header-display":"","ast-hfb-above-header-display":"","ast-hfb-below-header-display":"","ast-hfb-mobile-header-display":"","site-post-title":"disabled","ast-breadcrumbs-content":"","ast-featured-img":"disabled","footer-sml-layout":"","ast-disable-related-posts":"","theme-transparent-header-meta":"disabled","adv-header-id-meta":"","stick-header-meta":"","header-above-stick-meta":"","header-main-stick-meta":"","header-below-stick-meta":"","astra-migrate-meta-layouts":"default","ast-page-background-enabled":"default","ast-page-background-meta":{"desktop":{"background-color":"","background-image":"","background-repeat":"repeat","background-position":"center center","background-size":"auto","background-attachment":"scroll","background-type":"","background-media":"","overlay-type":"","overlay-color":"","overlay-opacity":"","overlay-gradient":""},"tablet":{"background-color":"","background-image":"","background-repeat":"repeat","background-position":"center center","background-size":"auto","background-attachment":"scroll","background-type":"","background-media":"","overlay-type":"","overlay-color":"","overlay-opacity":"","overlay-gradient":""},"mobile":{"background-color":"","background-image":"","background-repeat":"repeat","background-position":"center center","background-size":"auto","background-attachment":"scroll","background-type":"","background-media":"","overlay-type":"","overlay-color":"","overlay-opacity":"","overlay-gradient":""}},"ast-content-background-meta":{"desktop":{"background-color":"var(--ast-global-color-5)","background-image":"","background-repeat":"repeat","background-position":"center center","background-size":"auto","background-attachment":"scroll","background-type":"","background-media":"","overlay-type":"","overlay-color":"","overlay-opacity":"","overlay-gradient":""},"tablet":{"background-color":"var(--ast-global-color-5)","background-image":"","background-repeat":"repeat","background-position":"center center","background-size":"auto","background-attachment":"scroll","background-type":"","background-media":"","overlay-type":"","overlay-color":"","overlay-opacity":"","overlay-gradient":""},"mobile":{"background-color":"var(--ast-global-color-5)","background-image":"","background-repeat":"repeat","background-position":"center center","background-size":"auto","background-attachment":"scroll","background-type":"","background-media":"","overlay-type":"","overlay-color":"","overlay-opacity":"","overlay-gradient":""}},"footnotes":""},"class_list":["post-2024","page","type-page","status-publish","hentry"],"yoast_head":"<!-- This site is optimized with the Yoast SEO plugin v26.7 - https:\/\/yoast.com\/wordpress\/plugins\/seo\/ -->\n<title>\u00dcber uns - Zeitpolster Staging<\/title>\n<meta name=\"description\" content=\"Informieren Sie sich \u00fcber die Idee hinter Zeitpolster und was das Social-Business-Modell f\u00fcr unsere Gesesllschaft bewirken wird.\" \/>\n<meta name=\"robots\" content=\"noindex, follow, max-snippet:-1, max-image-preview:large, max-video-preview:-1\" \/>\n<meta property=\"og:locale\" content=\"de_DE\" \/>\n<meta property=\"og:type\" content=\"article\" \/>\n<meta property=\"og:title\" content=\"\u00dcber uns - Zeitpolster Staging\" \/>\n<meta property=\"og:description\" content=\"Informieren Sie sich \u00fcber die Idee hinter Zeitpolster und was das Social-Business-Modell f\u00fcr unsere Gesesllschaft bewirken wird.\" \/>\n<meta property=\"og:url\" content=\"https:\/\/www.zeitpolster.com\/staging\/uber-uns\/\" \/>\n<meta property=\"og:site_name\" content=\"Zeitpolster Staging\" \/>\n<meta property=\"article:modified_time\" content=\"2021-11-09T12:46:47+00:00\" \/>\n<meta property=\"og:image\" content=\"https:\/\/www.zeitpolster.com\/staging\/wp-content\/uploads\/sites\/14\/2019\/10\/logo_green-2.png\" \/>\n<meta name=\"twitter:card\" content=\"summary_large_image\" \/>\n<meta name=\"twitter:label1\" content=\"Gesch\u00e4tzte Lesezeit\" \/>\n\t<meta name=\"twitter:data1\" content=\"2\u00a0Minuten\" \/>\n<script type=\"application\/ld+json\" class=\"yoast-schema-graph\">{\"@context\":\"https:\/\/schema.org\",\"@graph\":[{\"@type\":\"WebPage\",\"@id\":\"https:\/\/www.zeitpolster.com\/staging\/uber-uns\/\",\"url\":\"https:\/\/www.zeitpolster.com\/staging\/uber-uns\/\",\"name\":\"\u00dcber uns - Zeitpolster Staging\",\"isPartOf\":{\"@id\":\"https:\/\/www.zeitpolster.com\/staging\/#website\"},\"primaryImageOfPage\":{\"@id\":\"https:\/\/www.zeitpolster.com\/staging\/uber-uns\/#primaryimage\"},\"image\":{\"@id\":\"https:\/\/www.zeitpolster.com\/staging\/uber-uns\/#primaryimage\"},\"thumbnailUrl\":\"https:\/\/www.zeitpolster.com\/staging\/wp-content\/uploads\/sites\/14\/2019\/10\/logo_green-2.png\",\"datePublished\":\"2019-10-24T22:19:12+00:00\",\"dateModified\":\"2021-11-09T12:46:47+00:00\",\"description\":\"Informieren Sie sich \u00fcber die Idee hinter Zeitpolster und was das Social-Business-Modell f\u00fcr unsere Gesesllschaft bewirken wird.\",\"breadcrumb\":{\"@id\":\"https:\/\/www.zeitpolster.com\/staging\/uber-uns\/#breadcrumb\"},\"inLanguage\":\"de\",\"potentialAction\":[{\"@type\":\"ReadAction\",\"target\":[\"https:\/\/www.zeitpolster.com\/staging\/uber-uns\/\"]}]},{\"@type\":\"ImageObject\",\"inLanguage\":\"de\",\"@id\":\"https:\/\/www.zeitpolster.com\/staging\/uber-uns\/#primaryimage\",\"url\":\"https:\/\/www.zeitpolster.com\/staging\/wp-content\/uploads\/sites\/14\/2019\/10\/logo_green-2.png\",\"contentUrl\":\"https:\/\/www.zeitpolster.com\/staging\/wp-content\/uploads\/sites\/14\/2019\/10\/logo_green-2.png\",\"width\":361,\"height\":192,\"caption\":\"Logo Zeitpolster\"},{\"@type\":\"BreadcrumbList\",\"@id\":\"https:\/\/www.zeitpolster.com\/staging\/uber-uns\/#breadcrumb\",\"itemListElement\":[{\"@type\":\"ListItem\",\"position\":1,\"name\":\"Startseite\",\"item\":\"https:\/\/www.zeitpolster.com\/staging\/\"},{\"@type\":\"ListItem\",\"position\":2,\"name\":\"\u00dcber uns\"}]},{\"@type\":\"WebSite\",\"@id\":\"https:\/\/www.zeitpolster.com\/staging\/#website\",\"url\":\"https:\/\/www.zeitpolster.com\/staging\/\",\"name\":\"Zeitpolster Staging\",\"description\":\"Verein f\u00fcr Zeitvorsorge\",\"publisher\":{\"@id\":\"https:\/\/www.zeitpolster.com\/staging\/#organization\"},\"potentialAction\":[{\"@type\":\"SearchAction\",\"target\":{\"@type\":\"EntryPoint\",\"urlTemplate\":\"https:\/\/www.zeitpolster.com\/staging\/?s={search_term_string}\"},\"query-input\":{\"@type\":\"PropertyValueSpecification\",\"valueRequired\":true,\"valueName\":\"search_term_string\"}}],\"inLanguage\":\"de\"},{\"@type\":\"Organization\",\"@id\":\"https:\/\/www.zeitpolster.com\/staging\/#organization\",\"name\":\"Zeitpolster Staging\",\"url\":\"https:\/\/www.zeitpolster.com\/staging\/\",\"logo\":{\"@type\":\"ImageObject\",\"inLanguage\":\"de\",\"@id\":\"https:\/\/www.zeitpolster.com\/staging\/#\/schema\/logo\/image\/\",\"url\":\"https:\/\/www.zeitpolster.com\/staging\/wp-content\/uploads\/sites\/14\/2019\/10\/logo_green-2.png\",\"contentUrl\":\"https:\/\/www.zeitpolster.com\/staging\/wp-content\/uploads\/sites\/14\/2019\/10\/logo_green-2.png\",\"width\":361,\"height\":192,\"caption\":\"Zeitpolster Staging\"},\"image\":{\"@id\":\"https:\/\/www.zeitpolster.com\/staging\/#\/schema\/logo\/image\/\"}}]}<\/script>\n<!-- \/ Yoast SEO plugin. -->","yoast_head_json":{"title":"\u00dcber uns - Zeitpolster Staging","description":"Informieren Sie sich \u00fcber die Idee hinter Zeitpolster und was das Social-Business-Modell f\u00fcr unsere Gesesllschaft bewirken wird.","robots":{"index":"noindex","follow":"follow","max-snippet":"max-snippet:-1","max-image-preview":"max-image-preview:large","max-video-preview":"max-video-preview:-1"},"og_locale":"de_DE","og_type":"article","og_title":"\u00dcber uns - Zeitpolster Staging","og_description":"Informieren Sie sich \u00fcber die Idee hinter Zeitpolster und was das Social-Business-Modell f\u00fcr unsere Gesesllschaft bewirken wird.","og_url":"https:\/\/www.zeitpolster.com\/staging\/uber-uns\/","og_site_name":"Zeitpolster Staging","article_modified_time":"2021-11-09T12:46:47+00:00","og_image":[{"url":"https:\/\/www.zeitpolster.com\/staging\/wp-content\/uploads\/sites\/14\/2019\/10\/logo_green-2.png","type":"","width":"","height":""}],"twitter_card":"summary_large_image","twitter_misc":{"Gesch\u00e4tzte Lesezeit":"2\u00a0Minuten"},"schema":{"@context":"https:\/\/schema.org","@graph":[{"@type":"WebPage","@id":"https:\/\/www.zeitpolster.com\/staging\/uber-uns\/","url":"https:\/\/www.zeitpolster.com\/staging\/uber-uns\/","name":"\u00dcber uns - Zeitpolster Staging","isPartOf":{"@id":"https:\/\/www.zeitpolster.com\/staging\/#website"},"primaryImageOfPage":{"@id":"https:\/\/www.zeitpolster.com\/staging\/uber-uns\/#primaryimage"},"image":{"@id":"https:\/\/www.zeitpolster.com\/staging\/uber-uns\/#primaryimage"},"thumbnailUrl":"https:\/\/www.zeitpolster.com\/staging\/wp-content\/uploads\/sites\/14\/2019\/10\/logo_green-2.png","datePublished":"2019-10-24T22:19:12+00:00","dateModified":"2021-11-09T12:46:47+00:00","description":"Informieren Sie sich \u00fcber die Idee hinter Zeitpolster und was das Social-Business-Modell f\u00fcr unsere Gesesllschaft bewirken wird.","breadcrumb":{"@id":"https:\/\/www.zeitpolster.com\/staging\/uber-uns\/#breadcrumb"},"inLanguage":"de","potentialAction":[{"@type":"ReadAction","target":["https:\/\/www.zeitpolster.com\/staging\/uber-uns\/"]}]},{"@type":"ImageObject","inLanguage":"de","@id":"https:\/\/www.zeitpolster.com\/staging\/uber-uns\/#primaryimage","url":"https:\/\/www.zeitpolster.com\/staging\/wp-content\/uploads\/sites\/14\/2019\/10\/logo_green-2.png","contentUrl":"https:\/\/www.zeitpolster.com\/staging\/wp-content\/uploads\/sites\/14\/2019\/10\/logo_green-2.png","width":361,"height":192,"caption":"Logo Zeitpolster"},{"@type":"BreadcrumbList","@id":"https:\/\/www.zeitpolster.com\/staging\/uber-uns\/#breadcrumb","itemListElement":[{"@type":"ListItem","position":1,"name":"Startseite","item":"https:\/\/www.zeitpolster.com\/staging\/"},{"@type":"ListItem","position":2,"name":"\u00dcber uns"}]},{"@type":"WebSite","@id":"https:\/\/www.zeitpolster.com\/staging\/#website","url":"https:\/\/www.zeitpolster.com\/staging\/","name":"Zeitpolster Staging","description":"Verein f\u00fcr Zeitvorsorge","publisher":{"@id":"https:\/\/www.zeitpolster.com\/staging\/#organization"},"potentialAction":[{"@type":"SearchAction","target":{"@type":"EntryPoint","urlTemplate":"https:\/\/www.zeitpolster.com\/staging\/?s={search_term_string}"},"query-input":{"@type":"PropertyValueSpecification","valueRequired":true,"valueName":"search_term_string"}}],"inLanguage":"de"},{"@type":"Organization","@id":"https:\/\/www.zeitpolster.com\/staging\/#organization","name":"Zeitpolster Staging","url":"https:\/\/www.zeitpolster.com\/staging\/","logo":{"@type":"ImageObject","inLanguage":"de","@id":"https:\/\/www.zeitpolster.com\/staging\/#\/schema\/logo\/image\/","url":"https:\/\/www.zeitpolster.com\/staging\/wp-content\/uploads\/sites\/14\/2019\/10\/logo_green-2.png","contentUrl":"https:\/\/www.zeitpolster.com\/staging\/wp-content\/uploads\/sites\/14\/2019\/10\/logo_green-2.png","width":361,"height":192,"caption":"Zeitpolster Staging"},"image":{"@id":"https:\/\/www.zeitpolster.com\/staging\/#\/schema\/logo\/image\/"}}]}},"featured_image_src":null,"featured_image_src_square":null,"uagb_featured_image_src":{"full":false,"thumbnail":false,"medium":false,"medium_large":false,"large":false,"1536x1536":false,"2048x2048":false,"gb-block-post-grid-landscape":false,"gb-block-post-grid-square":false,"woocommerce_thumbnail":false,"woocommerce_single":false,"woocommerce_gallery_thumbnail":false},"uagb_author_info":{"display_name":"wordpressadmin","author_link":"https:\/\/www.zeitpolster.com\/staging\/author\/wordpressadmin\/"},"uagb_comment_info":0,"uagb_excerpt":"Wir machen m\u00f6glich,was fr\u00fcher selbstverst\u00e4ndlich war Wer heute anderen hilft, sorgt f\u00fcr sein eigenes Morgen vor. \u201eZeitpolster\u201c ist ein ganz besonderes Betreuungs- und Vorsorgemodell. Wer anderen hilft, bekommt kein Geld, aber eine Zeitgutschrift, die im Alter gegen Betreuung eingel\u00f6st werden kann. Mit unserem Social-Business-Modell l\u00f6sen wir ein brennendes gesellschaftliches Problem auf unternehmerische Art und Weise.&hellip;","_links":{"self":[{"href":"https:\/\/www.zeitpolster.com\/staging\/wp-json\/wp\/v2\/pages\/2024","targetHints":{"allow":["GET"]}}],"collection":[{"href":"https:\/\/www.zeitpolster.com\/staging\/wp-json\/wp\/v2\/pages"}],"about":[{"href":"https:\/\/www.zeitpolster.com\/staging\/wp-json\/wp\/v2\/types\/page"}],"author":[{"embeddable":true,"href":"https:\/\/www.zeitpolster.com\/staging\/wp-json\/wp\/v2\/users\/1"}],"replies":[{"embeddable":true,"href":"https:\/\/www.zeitpolster.com\/staging\/wp-json\/wp\/v2\/comments?post=2024"}],"version-history":[{"count":0,"href":"https:\/\/www.zeitpolster.com\/staging\/wp-json\/wp\/v2\/pages\/2024\/revisions"}],"wp:attachment":[{"href":"https:\/\/www.zeitpolster.com\/staging\/wp-json\/wp\/v2\/media?parent=2024"}],"curies":[{"name":"wp","href":"https:\/\/api.w.org\/{rel}","templated":true}]}}