{"id":3740,"date":"2021-01-09T19:45:03","date_gmt":"2021-01-09T18:45:03","guid":{"rendered":"https:\/\/www.zeitpolster.li\/?page_id=3740"},"modified":"2026-03-09T10:08:33","modified_gmt":"2026-03-09T09:08:33","slug":"downloadbereich","status":"publish","type":"page","link":"https:\/\/www.zeitpolster.com\/li\/downloadbereich\/","title":{"rendered":"Download Bereich"},"content":{"rendered":"\n<section class=\"wp-block-uagb-section uagb-section__wrap uagb-section__background-image uagb-block-d22b17d2\" id=\"uagb-section-44d25476-d3d5-4335-8915-282c346e1f04\"><div class=\"uagb-section__overlay\"><\/div><div class=\"uagb-section__inner-wrap\">\n<div class=\"wp-block-uagb-advanced-heading uagb-block-a3c4d609\" id=\"uagb-adv-heading-863ee7ac-cb75-45de-8d84-bbf66ebcce90\"><h1 class=\"uagb-heading-text\">Downloadbereich<\/h1><\/div>\n<\/div><\/section>\n\n\n\n<section class=\"wp-block-uagb-columns uagb-columns__wrap uagb-columns__background-none uagb-columns__stack-mobile uagb-columns__valign- uagb-columns__gap-10 alignfull uagb-block-13f740d6 uagb-columns__columns-3 uagb-columns__max_width-custom uagb-columns__background-undefined uagb-columns__valign-undefined\" id=\"uagb-columns-4e466ab6-a97c-426d-98e4-6fe5ff2fea53\"><div class=\"uagb-columns__overlay\"><\/div><div class=\"uagb-columns__inner-wrap uagb-columns__columns-3\">\n<div class=\"wp-block-uagb-column uagb-column__wrap uagb-column__background-undefined uagb-block-0be28e3f\"><div class=\"uagb-column__overlay\"><\/div>\n<p><\/p>\n<\/div>\n\n\n\n<div class=\"wp-block-uagb-column uagb-column__wrap uagb-column__background-undefined uagb-block-cdd340b6\"><div class=\"uagb-column__overlay\"><\/div>\n<div style=\"height:20px\" aria-hidden=\"true\" class=\"wp-block-spacer\"><\/div>\n\n\n\n<div class=\"wp-block-uagb-advanced-heading uagb-block-5379a9a0\" id=\"uagb-adv-heading-4a807877-bf31-4b2e-a32b-a2b040f45a1f\"><h2 class=\"uagb-heading-text\">Downloadbereich<\/h2><\/div>\n\n\n\n<div style=\"height:50px\" aria-hidden=\"true\" class=\"wp-block-spacer\"><\/div>\n\n\n\n<p style=\"font-size:22px\">Im Sinne von Transparenz stellen wir wesentliche Dokumente und Informationen zum Download bereit. Bei Fragen wenden Sie sich bitte an unsere Gesch\u00e4ftsstelle.<\/p>\n\n\n\n<p class=\"has-text-color\" style=\"color:#4e8517;font-size:22px\">Gesch\u00e4ftsstelle:<br><strong><a href=\"mailto:kommunikation@zeitpolster.com\">info@zeitpolster.<\/a><\/strong>li<br>00423 794 48 55<\/p>\n\n\n\n<div style=\"height:20px\" aria-hidden=\"true\" class=\"wp-block-spacer\"><\/div>\n<\/div>\n\n\n\n<div class=\"wp-block-uagb-column uagb-column__wrap uagb-column__background-image uagb-block-48f38eaf\"><div class=\"uagb-column__overlay\"><\/div>\n<div style=\"height:500px\" aria-hidden=\"true\" class=\"wp-block-spacer\"><\/div>\n<\/div>\n<\/div><\/section>\n\n\n\n<section class=\"wp-block-uagb-section uagb-section__wrap uagb-section__background-color uagb-block-ceb4d44a\" id=\"uagb-section-a9a1711b-38a9-4101-ae28-ff9a851c8966\"><div class=\"uagb-section__overlay\"><\/div><div class=\"uagb-section__inner-wrap\">\n<div class=\"wp-block-uagb-advanced-heading uagb-block-0ecfd16d\" id=\"uagb-adv-heading-d37ff226-fc5c-458c-85c6-3c15a71319b6\"><h2 class=\"uagb-heading-text\">Downloads<\/h2><\/div>\n\n\n\n<p><\/p>\n\n\n\n<p class=\"has-text-align-center has-background has-link-color wp-elements-ad8e02db49b9eb70882efd90c0738670\" style=\"background-color:#4e8517;font-size:18px\"><a href=\"https:\/\/www.zeitpolster.com\/li\/wp-content\/uploads\/sites\/17\/2025\/06\/Helfer-Leitfaden-Zeitpolster.pdf\">Leitfaden f\u00fcr Helfende<\/a><\/p>\n\n\n\n<p class=\"has-text-align-center has-background has-link-color wp-elements-4516d9d999b378cc0d78130f88311210\" style=\"background-color:#4e8517;font-size:18px\"><a href=\"https:\/\/www.zeitpolster.com\/li\/wp-content\/uploads\/sites\/17\/2025\/04\/2024-Jahresbericht.pdf\">Jahresbericht 2024<\/a><\/p>\n\n\n\n<p class=\"has-text-align-center has-background has-link-color wp-elements-5c3544bc21acaf91ad5c1d80df1a1630\" style=\"background-color:#4e8517;font-size:18px\"><a href=\"https:\/\/www.zeitpolster.com\/li\/wp-content\/uploads\/sites\/17\/2024\/04\/2023-Jahresbericht.pdf\">Jahresbericht 2023<\/a><\/p>\n\n\n\n<p class=\"has-text-align-center has-background has-link-color wp-elements-33bdeabd5c8180d734a8b46c4fe81ee4\" style=\"background-color:#4e8517;font-size:18px\"><a href=\"https:\/\/www.zeitpolster.com\/li\/wp-content\/uploads\/sites\/17\/2023\/05\/2022-Jahresbericht.pdf\">Jahresbericht 2022<\/a><\/p>\n\n\n\n<p class=\"has-text-align-center has-background has-link-color wp-elements-1aca46e3d7880189f57687b4741857c2\" style=\"background-color:#4e8517;font-size:18px\"><a href=\"https:\/\/www.zeitpolster.com\/li\/wp-content\/uploads\/sites\/17\/2024\/04\/2021-Jahresbericht.pdf\">Jahresbericht 2021<\/a><\/p>\n\n\n\n<p class=\"has-text-align-center has-background has-link-color wp-elements-5e7d7aa2b9f1b6a1708a37205dc0f7e9\" style=\"background-color:#4e8517;font-size:18px\"><a href=\"https:\/\/www.zeitpolster.com\/li\/wp-content\/uploads\/sites\/17\/2024\/04\/Jahresbericht-Verein-Zeitvorsorge-Liechtenstein-2020.pdf\">Jahresbericht 2020<\/a><\/p>\n\n\n\n<p class=\"has-text-align-center has-background has-link-color wp-elements-bd3abb0ab9510f39dbe6362954030e52\" style=\"background-color:#4e8517;font-size:18px\"><a href=\"https:\/\/www.zeitpolster.com\/li\/wp-content\/uploads\/sites\/17\/2024\/04\/Statuten-komplett.pdf\">Statuten des Vereins Zeitvorsorge Liechtenstein<\/a><\/p>\n\n\n\n<p><\/p>\n\n\n\n<p><\/p>\n\n\n\n<p><\/p>\n<\/div><\/section>\n\n\n\n<section class=\"wp-block-uagb-section uagb-section__wrap uagb-section__background-none uagb-block-7a7dc3ed\"><div class=\"uagb-section__overlay\"><\/div><div class=\"uagb-section__inner-wrap\">\n<div class=\"wp-block-uagb-icon-list uagb-block-62301b1b uagb-icon-list__outer-wrap uagb-icon-list__layout-horizontal uagb-icon-list__no-label\"><div class=\"uagb-icon-list__wrap\">\n<div class=\"wp-block-uagb-icon-list-child uagb-block-61069f94 uagb-icon-list-repeater uagb-icon-list__wrapper\"><span class=\"uagb-icon-list__source-wrap\"><svg xmlns=\"https:\/\/www.w3.org\/2000\/svg\" viewBox=\"0 0 512 512\"><path d=\"M511.2 387l-23.25 100.8c-3.266 14.25-15.79 24.22-30.46 24.22C205.2 512 0 306.8 0 54.5c0-14.66 9.969-27.2 24.22-30.45l100.8-23.25C139.7-2.602 154.7 5.018 160.8 18.92l46.52 108.5c5.438 12.78 1.77 27.67-8.98 36.45L144.5 207.1c33.98 69.22 90.26 125.5 159.5 159.5l44.08-53.8c8.688-10.78 23.69-14.51 36.47-8.975l108.5 46.51C506.1 357.2 514.6 372.4 511.2 387z\"><\/path><\/svg><\/span><\/div>\n<\/div><\/div>\n\n\n\n<div style=\"height:50px\" aria-hidden=\"true\" class=\"wp-block-spacer\"><\/div>\n\n\n\n<div class=\"wp-block-uagb-advanced-heading uagb-block-6d65e47c\"><h2 class=\"uagb-heading-text\">Gesch\u00e4ftsstelle <\/h2><\/div>\n\n\n\n<div style=\"text-align:center\"><a href=\"tel:00423 794 48 55\"><h1>00423 794 48 55<\/h1><\/a><\/div>\n<\/div><\/section>\n\n\n\n<section class=\"wp-block-uagb-columns uagb-columns__wrap uagb-columns__background-none uagb-columns__stack-mobile uagb-columns__valign- uagb-columns__gap-10 align uagb-block-e4ca67e1 uagb-columns__columns-3 uagb-columns__max_width-theme uagb-columns__valign-undefined alignundefined\" id=\"uagb-columns-e6ed359f-6871-480f-a81c-e852a46ddbac\"><div class=\"uagb-columns__overlay\"><\/div><div class=\"uagb-columns__inner-wrap uagb-columns__columns-3\">\n<div class=\"wp-block-uagb-column uagb-column__wrap uagb-column__background-undefined uagb-block-eeafe7a8\"><div class=\"uagb-column__overlay\"><\/div>\n<p><\/p>\n<\/div>\n\n\n\n<div class=\"wp-block-uagb-column uagb-column__wrap uagb-column__background-undefined uagb-block-a80602cd\"><div class=\"uagb-column__overlay\"><\/div>\n<figure class=\"wp-block-image aligncenter size-large\"><img loading=\"lazy\" decoding=\"async\" width=\"361\" height=\"192\" src=\"https:\/\/www.zeitpolster.li\/wp-content\/uploads\/2019\/10\/logo_green-2.png\" alt=\"\" class=\"wp-image-32\" srcset=\"https:\/\/www.zeitpolster.com\/li\/wp-content\/uploads\/sites\/17\/2019\/10\/logo_green-2.png 361w, https:\/\/www.zeitpolster.com\/li\/wp-content\/uploads\/sites\/17\/2019\/10\/logo_green-2-300x160.png 300w, https:\/\/www.zeitpolster.com\/li\/wp-content\/uploads\/sites\/17\/2019\/10\/logo_green-2-140x74.png 140w\" sizes=\"auto, (max-width: 361px) 100vw, 361px\" \/><\/figure>\n\n\n\n<p class=\"has-text-align-center\" style=\"font-size:22px\">Die Zeits\u00e4ule f\u00fcr die Altersvorsorge<\/p>\n\n\n\n<div style=\"height:20px\" aria-hidden=\"true\" class=\"wp-block-spacer\"><\/div>\n\n\n\n<div class=\"wp-block-uagb-icon-list uagb-block-7102fcd4 uagb-icon-list__outer-wrap uagb-icon-list__layout-horizontal uagb-icon-list__no-label\" id=\"uagb-icon-list-a8994c82-e550-4f2b-a500-4c4fb0d2bcdb\"><div class=\"uagb-icon-list__wrap\">\n<div class=\"wp-block-uagb-icon-list-child uagb-block-16ade872 uagb-icon-list-repeater uagb-icon-list__wrapper\"><span class=\"uagb-icon-list__source-wrap\"><svg xmlns=\"https:\/\/www.w3.org\/2000\/svg\" viewBox=\"0 0 320 512\"><path d=\"M279.1 288l14.22-92.66h-88.91v-60.13c0-25.35 12.42-50.06 52.24-50.06h40.42V6.26S260.4 0 225.4 0c-73.22 0-121.1 44.38-121.1 124.7v70.62H22.89V288h81.39v224h100.2V288z\"><\/path><\/svg><\/span><\/div>\n\n\n\n<div class=\"wp-block-uagb-icon-list-child uagb-block-abcc922b uagb-icon-list-repeater uagb-icon-list__wrapper\"><span class=\"uagb-icon-list__source-wrap\"><svg xmlns=\"https:\/\/www.w3.org\/2000\/svg\" viewBox=\"0 0 512 512\"><path d=\"M464 64C490.5 64 512 85.49 512 112C512 127.1 504.9 141.3 492.8 150.4L275.2 313.6C263.8 322.1 248.2 322.1 236.8 313.6L19.2 150.4C7.113 141.3 0 127.1 0 112C0 85.49 21.49 64 48 64H464zM217.6 339.2C240.4 356.3 271.6 356.3 294.4 339.2L512 176V384C512 419.3 483.3 448 448 448H64C28.65 448 0 419.3 0 384V176L217.6 339.2z\"><\/path><\/svg><\/span><\/div>\n<\/div><\/div>\n<\/div>\n\n\n\n<div class=\"wp-block-uagb-column uagb-column__wrap uagb-column__background-undefined uagb-block-2339e4ca\"><div class=\"uagb-column__overlay\"><\/div>\n<p><\/p>\n<\/div>\n<\/div><\/section>\n","protected":false},"excerpt":{"rendered":"<p>Downloadbereich Im Sinne von Transparenz stellen wir wesentliche Dokumente und Informationen zum Download bereit. Bei Fragen wenden Sie sich bitte an unsere Gesch\u00e4ftsstelle. Gesch\u00e4ftsstelle:info@zeitpolster.li00423 794 48 55 Die Zeits\u00e4ule f\u00fcr die Altersvorsorge<\/p>\n","protected":false},"author":2,"featured_media":2285,"parent":0,"menu_order":0,"comment_status":"closed","ping_status":"closed","template":"","meta":{"_bbp_topic_count":0,"_bbp_reply_count":0,"_bbp_total_topic_count":0,"_bbp_total_reply_count":0,"_bbp_voice_count":0,"_bbp_anonymous_reply_count":0,"_bbp_topic_count_hidden":0,"_bbp_reply_count_hidden":0,"_bbp_forum_subforum_count":0,"_uag_custom_page_level_css":"","site-sidebar-layout":"no-sidebar","site-content-layout":"page-builder","ast-site-content-layout":"full-width-container","site-content-style":"unboxed","site-sidebar-style":"unboxed","ast-global-header-display":"","ast-banner-title-visibility":"","ast-main-header-display":"","ast-hfb-above-header-display":"","ast-hfb-below-header-display":"","ast-hfb-mobile-header-display":"","site-post-title":"disabled","ast-breadcrumbs-content":"","ast-featured-img":"disabled","footer-sml-layout":"","ast-disable-related-posts":"","theme-transparent-header-meta":"disabled","adv-header-id-meta":"","stick-header-meta":"","header-above-stick-meta":"","header-main-stick-meta":"","header-below-stick-meta":"","astra-migrate-meta-layouts":"set","ast-page-background-enabled":"default","ast-page-background-meta":{"desktop":{"background-color":"","background-image":"","background-repeat":"repeat","background-position":"center center","background-size":"auto","background-attachment":"scroll","background-type":"","background-media":"","overlay-type":"","overlay-color":"","overlay-opacity":"","overlay-gradient":""},"tablet":{"background-color":"","background-image":"","background-repeat":"repeat","background-position":"center center","background-size":"auto","background-attachment":"scroll","background-type":"","background-media":"","overlay-type":"","overlay-color":"","overlay-opacity":"","overlay-gradient":""},"mobile":{"background-color":"","background-image":"","background-repeat":"repeat","background-position":"center center","background-size":"auto","background-attachment":"scroll","background-type":"","background-media":"","overlay-type":"","overlay-color":"","overlay-opacity":"","overlay-gradient":""}},"ast-content-background-meta":{"desktop":{"background-color":"var(--ast-global-color-5)","background-image":"","background-repeat":"repeat","background-position":"center center","background-size":"auto","background-attachment":"scroll","background-type":"","background-media":"","overlay-type":"","overlay-color":"","overlay-opacity":"","overlay-gradient":""},"tablet":{"background-color":"var(--ast-global-color-5)","background-image":"","background-repeat":"repeat","background-position":"center center","background-size":"auto","background-attachment":"scroll","background-type":"","background-media":"","overlay-type":"","overlay-color":"","overlay-opacity":"","overlay-gradient":""},"mobile":{"background-color":"var(--ast-global-color-5)","background-image":"","background-repeat":"repeat","background-position":"center center","background-size":"auto","background-attachment":"scroll","background-type":"","background-media":"","overlay-type":"","overlay-color":"","overlay-opacity":"","overlay-gradient":""}},"footnotes":""},"class_list":["post-3740","page","type-page","status-publish","has-post-thumbnail","hentry"],"yoast_head":"<!-- This site is optimized with the Yoast SEO plugin v27.3 - https:\/\/yoast.com\/product\/yoast-seo-wordpress\/ -->\n<title>Download Bereich - Zeitpolster Liechtenstein<\/title>\n<meta name=\"robots\" content=\"index, follow, max-snippet:-1, max-image-preview:large, max-video-preview:-1\" \/>\n<link rel=\"canonical\" href=\"https:\/\/www.zeitpolster.com\/li\/downloadbereich\/\" \/>\n<meta property=\"og:locale\" content=\"de_DE\" \/>\n<meta property=\"og:type\" content=\"article\" \/>\n<meta property=\"og:title\" content=\"Download Bereich - Zeitpolster Liechtenstein\" \/>\n<meta property=\"og:description\" content=\"Downloadbereich Im Sinne von Transparenz stellen wir wesentliche Dokumente und Informationen zum Download bereit. Bei Fragen wenden Sie sich bitte an unsere Gesch\u00e4ftsstelle. Gesch\u00e4ftsstelle:info@zeitpolster.li00423 794 48 55 Die Zeits\u00e4ule f\u00fcr die Altersvorsorge\" \/>\n<meta property=\"og:url\" content=\"https:\/\/www.zeitpolster.com\/li\/downloadbereich\/\" \/>\n<meta property=\"og:site_name\" content=\"Zeitpolster Liechtenstein\" \/>\n<meta property=\"article:modified_time\" content=\"2026-03-09T09:08:33+00:00\" \/>\n<meta name=\"twitter:card\" content=\"summary_large_image\" \/>\n<meta name=\"twitter:label1\" content=\"Gesch\u00e4tzte Lesezeit\" \/>\n\t<meta name=\"twitter:data1\" content=\"1\u00a0Minute\" \/>\n<script type=\"application\/ld+json\" class=\"yoast-schema-graph\">{\"@context\":\"https:\\\/\\\/schema.org\",\"@graph\":[{\"@type\":\"WebPage\",\"@id\":\"https:\\\/\\\/www.zeitpolster.com\\\/li\\\/downloadbereich\\\/\",\"url\":\"https:\\\/\\\/www.zeitpolster.com\\\/li\\\/downloadbereich\\\/\",\"name\":\"Download Bereich - Zeitpolster Liechtenstein\",\"isPartOf\":{\"@id\":\"https:\\\/\\\/www.zeitpolster.com\\\/li\\\/#website\"},\"primaryImageOfPage\":{\"@id\":\"https:\\\/\\\/www.zeitpolster.com\\\/li\\\/downloadbereich\\\/#primaryimage\"},\"image\":{\"@id\":\"https:\\\/\\\/www.zeitpolster.com\\\/li\\\/downloadbereich\\\/#primaryimage\"},\"thumbnailUrl\":\"\",\"datePublished\":\"2021-01-09T18:45:03+00:00\",\"dateModified\":\"2026-03-09T09:08:33+00:00\",\"breadcrumb\":{\"@id\":\"https:\\\/\\\/www.zeitpolster.com\\\/li\\\/downloadbereich\\\/#breadcrumb\"},\"inLanguage\":\"de\",\"potentialAction\":[{\"@type\":\"ReadAction\",\"target\":[\"https:\\\/\\\/www.zeitpolster.com\\\/li\\\/downloadbereich\\\/\"]}]},{\"@type\":\"ImageObject\",\"inLanguage\":\"de\",\"@id\":\"https:\\\/\\\/www.zeitpolster.com\\\/li\\\/downloadbereich\\\/#primaryimage\",\"url\":\"\",\"contentUrl\":\"\"},{\"@type\":\"BreadcrumbList\",\"@id\":\"https:\\\/\\\/www.zeitpolster.com\\\/li\\\/downloadbereich\\\/#breadcrumb\",\"itemListElement\":[{\"@type\":\"ListItem\",\"position\":1,\"name\":\"Startseite\",\"item\":\"https:\\\/\\\/www.zeitpolster.com\\\/li\\\/\"},{\"@type\":\"ListItem\",\"position\":2,\"name\":\"Download Bereich\"}]},{\"@type\":\"WebSite\",\"@id\":\"https:\\\/\\\/www.zeitpolster.com\\\/li\\\/#website\",\"url\":\"https:\\\/\\\/www.zeitpolster.com\\\/li\\\/\",\"name\":\"Zeitpolster Liechtenstein\",\"description\":\"Verein f\u00fcr Zeitvorsorge\",\"publisher\":{\"@id\":\"https:\\\/\\\/www.zeitpolster.com\\\/li\\\/#organization\"},\"potentialAction\":[{\"@type\":\"SearchAction\",\"target\":{\"@type\":\"EntryPoint\",\"urlTemplate\":\"https:\\\/\\\/www.zeitpolster.com\\\/li\\\/?s={search_term_string}\"},\"query-input\":{\"@type\":\"PropertyValueSpecification\",\"valueRequired\":true,\"valueName\":\"search_term_string\"}}],\"inLanguage\":\"de\"},{\"@type\":\"Organization\",\"@id\":\"https:\\\/\\\/www.zeitpolster.com\\\/li\\\/#organization\",\"name\":\"Zeitpolster Liechtenstein\",\"url\":\"https:\\\/\\\/www.zeitpolster.com\\\/li\\\/\",\"logo\":{\"@type\":\"ImageObject\",\"inLanguage\":\"de\",\"@id\":\"https:\\\/\\\/www.zeitpolster.com\\\/li\\\/#\\\/schema\\\/logo\\\/image\\\/\",\"url\":\"https:\\\/\\\/www.zeitpolster.com\\\/li\\\/wp-content\\\/uploads\\\/sites\\\/17\\\/2019\\\/10\\\/logo_green-2.png\",\"contentUrl\":\"https:\\\/\\\/www.zeitpolster.com\\\/li\\\/wp-content\\\/uploads\\\/sites\\\/17\\\/2019\\\/10\\\/logo_green-2.png\",\"width\":361,\"height\":192,\"caption\":\"Zeitpolster Liechtenstein\"},\"image\":{\"@id\":\"https:\\\/\\\/www.zeitpolster.com\\\/li\\\/#\\\/schema\\\/logo\\\/image\\\/\"}}]}<\/script>\n<!-- \/ Yoast SEO plugin. -->","yoast_head_json":{"title":"Download Bereich - Zeitpolster Liechtenstein","robots":{"index":"index","follow":"follow","max-snippet":"max-snippet:-1","max-image-preview":"max-image-preview:large","max-video-preview":"max-video-preview:-1"},"canonical":"https:\/\/www.zeitpolster.com\/li\/downloadbereich\/","og_locale":"de_DE","og_type":"article","og_title":"Download Bereich - Zeitpolster Liechtenstein","og_description":"Downloadbereich Im Sinne von Transparenz stellen wir wesentliche Dokumente und Informationen zum Download bereit. Bei Fragen wenden Sie sich bitte an unsere Gesch\u00e4ftsstelle. Gesch\u00e4ftsstelle:info@zeitpolster.li00423 794 48 55 Die Zeits\u00e4ule f\u00fcr die Altersvorsorge","og_url":"https:\/\/www.zeitpolster.com\/li\/downloadbereich\/","og_site_name":"Zeitpolster Liechtenstein","article_modified_time":"2026-03-09T09:08:33+00:00","twitter_card":"summary_large_image","twitter_misc":{"Gesch\u00e4tzte Lesezeit":"1\u00a0Minute"},"schema":{"@context":"https:\/\/schema.org","@graph":[{"@type":"WebPage","@id":"https:\/\/www.zeitpolster.com\/li\/downloadbereich\/","url":"https:\/\/www.zeitpolster.com\/li\/downloadbereich\/","name":"Download Bereich - Zeitpolster Liechtenstein","isPartOf":{"@id":"https:\/\/www.zeitpolster.com\/li\/#website"},"primaryImageOfPage":{"@id":"https:\/\/www.zeitpolster.com\/li\/downloadbereich\/#primaryimage"},"image":{"@id":"https:\/\/www.zeitpolster.com\/li\/downloadbereich\/#primaryimage"},"thumbnailUrl":"","datePublished":"2021-01-09T18:45:03+00:00","dateModified":"2026-03-09T09:08:33+00:00","breadcrumb":{"@id":"https:\/\/www.zeitpolster.com\/li\/downloadbereich\/#breadcrumb"},"inLanguage":"de","potentialAction":[{"@type":"ReadAction","target":["https:\/\/www.zeitpolster.com\/li\/downloadbereich\/"]}]},{"@type":"ImageObject","inLanguage":"de","@id":"https:\/\/www.zeitpolster.com\/li\/downloadbereich\/#primaryimage","url":"","contentUrl":""},{"@type":"BreadcrumbList","@id":"https:\/\/www.zeitpolster.com\/li\/downloadbereich\/#breadcrumb","itemListElement":[{"@type":"ListItem","position":1,"name":"Startseite","item":"https:\/\/www.zeitpolster.com\/li\/"},{"@type":"ListItem","position":2,"name":"Download Bereich"}]},{"@type":"WebSite","@id":"https:\/\/www.zeitpolster.com\/li\/#website","url":"https:\/\/www.zeitpolster.com\/li\/","name":"Zeitpolster Liechtenstein","description":"Verein f\u00fcr Zeitvorsorge","publisher":{"@id":"https:\/\/www.zeitpolster.com\/li\/#organization"},"potentialAction":[{"@type":"SearchAction","target":{"@type":"EntryPoint","urlTemplate":"https:\/\/www.zeitpolster.com\/li\/?s={search_term_string}"},"query-input":{"@type":"PropertyValueSpecification","valueRequired":true,"valueName":"search_term_string"}}],"inLanguage":"de"},{"@type":"Organization","@id":"https:\/\/www.zeitpolster.com\/li\/#organization","name":"Zeitpolster Liechtenstein","url":"https:\/\/www.zeitpolster.com\/li\/","logo":{"@type":"ImageObject","inLanguage":"de","@id":"https:\/\/www.zeitpolster.com\/li\/#\/schema\/logo\/image\/","url":"https:\/\/www.zeitpolster.com\/li\/wp-content\/uploads\/sites\/17\/2019\/10\/logo_green-2.png","contentUrl":"https:\/\/www.zeitpolster.com\/li\/wp-content\/uploads\/sites\/17\/2019\/10\/logo_green-2.png","width":361,"height":192,"caption":"Zeitpolster Liechtenstein"},"image":{"@id":"https:\/\/www.zeitpolster.com\/li\/#\/schema\/logo\/image\/"}}]}},"featured_image_src":null,"featured_image_src_square":null,"uagb_featured_image_src":{"full":false,"thumbnail":false,"medium":false,"medium_large":false,"large":false,"1536x1536":false,"2048x2048":false,"gb-block-post-grid-landscape":false,"gb-block-post-grid-square":false,"woocommerce_thumbnail":false,"woocommerce_single":false,"woocommerce_gallery_thumbnail":false},"uagb_author_info":{"display_name":"Gernot Jochum-M\u00fcller","author_link":"https:\/\/www.zeitpolster.com\/li\/author\/zeitpolster_gernot\/"},"uagb_comment_info":0,"uagb_excerpt":"Downloadbereich Im Sinne von Transparenz stellen wir wesentliche Dokumente und Informationen zum Download bereit. Bei Fragen wenden Sie sich bitte an unsere Gesch\u00e4ftsstelle. Gesch\u00e4ftsstelle:info@zeitpolster.li00423 794 48 55 Die Zeits\u00e4ule f\u00fcr die Altersvorsorge","_links":{"self":[{"href":"https:\/\/www.zeitpolster.com\/li\/wp-json\/wp\/v2\/pages\/3740","targetHints":{"allow":["GET"]}}],"collection":[{"href":"https:\/\/www.zeitpolster.com\/li\/wp-json\/wp\/v2\/pages"}],"about":[{"href":"https:\/\/www.zeitpolster.com\/li\/wp-json\/wp\/v2\/types\/page"}],"author":[{"embeddable":true,"href":"https:\/\/www.zeitpolster.com\/li\/wp-json\/wp\/v2\/users\/2"}],"replies":[{"embeddable":true,"href":"https:\/\/www.zeitpolster.com\/li\/wp-json\/wp\/v2\/comments?post=3740"}],"version-history":[{"count":16,"href":"https:\/\/www.zeitpolster.com\/li\/wp-json\/wp\/v2\/pages\/3740\/revisions"}],"predecessor-version":[{"id":6982,"href":"https:\/\/www.zeitpolster.com\/li\/wp-json\/wp\/v2\/pages\/3740\/revisions\/6982"}],"wp:featuredmedia":[{"embeddable":true,"href":"https:\/\/www.zeitpolster.com\/li\/wp-json\/"}],"wp:attachment":[{"href":"https:\/\/www.zeitpolster.com\/li\/wp-json\/wp\/v2\/media?parent=3740"}],"curies":[{"name":"wp","href":"https:\/\/api.w.org\/{rel}","templated":true}]}}