{"id":2026,"date":"2019-10-25T00:19:55","date_gmt":"2019-10-24T22:19:55","guid":{"rendered":"https:\/\/www.ins-netz.at\/zeit\/?page_id=2026"},"modified":"2022-07-12T23:34:46","modified_gmt":"2022-07-12T21:34:46","slug":"partner-werden","status":"publish","type":"page","link":"https:\/\/www.zeitpolster.com\/li\/partner-werden\/","title":{"rendered":"Partner werden"},"content":{"rendered":"\n<section class=\"wp-block-uagb-section uagb-section__wrap uagb-section__background-image uagb-block-100797d9\"><div class=\"uagb-section__overlay\"><\/div><div class=\"uagb-section__inner-wrap\">\n<div class=\"wp-block-uagb-advanced-heading uagb-block-7419124a\"><h1 class=\"uagb-heading-text\">Partner werden<\/h1><p class=\"uagb-desc-text\"><\/p><\/div>\n<\/div><\/section>\n\n\n\n<section class=\"wp-block-uagb-section uagb-section__wrap uagb-section__background-undefined uagb-block-e2f05a27\"><div class=\"uagb-section__overlay\"><\/div><div class=\"uagb-section__inner-wrap\">\n<div class=\"wp-block-uagb-advanced-heading uagb-block-fc5e8645\"><h2 class=\"uagb-heading-text\">Bauen Sie mit uns am Zeitpolster Netzwerk<\/h2><p class=\"uagb-desc-text\"><\/p><\/div>\n<\/div><\/section>\n\n\n\n<section class=\"wp-block-uagb-section uagb-section__wrap uagb-section__background-undefined uagb-block-afd04566\"><div class=\"uagb-section__overlay\"><\/div><div class=\"uagb-section__inner-wrap\">\n<section class=\"wp-block-uagb-columns uagb-columns__wrap uagb-columns__background-undefined uagb-columns__stack-mobile uagb-columns__valign-undefined uagb-columns__gap-10 alignundefined uagb-block-24bd5f93\"><div class=\"uagb-columns__overlay\"><\/div><div class=\"uagb-columns__inner-wrap uagb-columns__columns-3\">\n<div class=\"wp-block-uagb-column uagb-column__wrap uagb-column__background-undefined uagb-block-57c797a9\"><div class=\"uagb-column__overlay\"><\/div><div class=\"uagb-column__inner-wrap\">\n<div class=\"wp-block-uagb-advanced-heading uagb-block-fdf3fb61\"><h3 class=\"uagb-heading-text\">Unternehmen<\/h3><p class=\"uagb-desc-text\"><\/p><\/div>\n\n\n\n<div style=\"height:20px\" aria-hidden=\"true\" class=\"wp-block-spacer\"><\/div>\n\n\n\n<p style=\"font-size:22px\">Entlasten Sie Ihre Mitarbeitenden bei deren Betreuungsaufgaben! Auf unserer Plattform erstellen Sie Gutscheine mit dem eigenen Firmenlogo und k\u00f6nnen die Zeitpolstergutscheine direkt an Ihre Mitarbeitenden ausgeben. Diese suchen sich die n\u00f6tige Unterst\u00fctzung. Unsere Mitglieder \u00fcbernehmen die stundenweise Betreuung.<\/p>\n\n\n\n<p style=\"font-size:22px\">Gemeinsam bauen wir das Netzwerk der Helfenden aus. Ihre MitarbeiterInnen, Angeh\u00f6rige und Pensionisten informieren wir gerne \u00fcber Vorteile von Zeitpolster.<\/p>\n<\/div><\/div>\n\n\n\n<div class=\"wp-block-uagb-column uagb-column__wrap uagb-column__background-color uagb-block-f282150c\"><div class=\"uagb-column__overlay\"><\/div><div class=\"uagb-column__inner-wrap\">\n<div class=\"wp-block-uagb-advanced-heading uagb-block-6a3d88a9\"><h3 class=\"uagb-heading-text\">Gemeinde \/ Region<\/h3><p class=\"uagb-desc-text\"><\/p><\/div>\n\n\n\n<div style=\"height:20px\" aria-hidden=\"true\" class=\"wp-block-spacer\"><\/div>\n\n\n\n<p style=\"font-size:22px\">Gemeinsam l\u00f6st sich das Betreuungsproblem besser. Sie m\u00f6chten Ihre Einwohnerinnen und Einwohner unterst\u00fctzen. Wir zeigen Ihnen die M\u00f6glichkeiten und erarbeiten mit den Gemeinden individuelle M\u00f6glichkeiten.<\/p>\n<\/div><\/div>\n\n\n\n<div class=\"wp-block-uagb-column uagb-column__wrap uagb-column__background-undefined uagb-block-7080b833\"><div class=\"uagb-column__overlay\"><\/div><div class=\"uagb-column__inner-wrap\">\n<div class=\"wp-block-uagb-advanced-heading uagb-block-3d465ce0\"><h3 class=\"uagb-heading-text\">Soziale Dienstleister<\/h3><p class=\"uagb-desc-text\"><\/p><\/div>\n\n\n\n<div style=\"height:20px\" aria-hidden=\"true\" class=\"wp-block-spacer\"><\/div>\n\n\n\n<p style=\"font-size:22px\">Integrieren Sie Zeitpolster in Ihre Organisation, so k\u00f6nnen Sie mehr Personen ansprechen und Ihre Angebote ausbauen. Bieten Sie Ihren Betreuten mehr leistungen an. <\/p>\n\n\n\n<p style=\"font-size:22px\">Zeitpolster schafft neue M\u00f6glichkeiten und spricht eine neue Gruppe von Freiwilligen an.<\/p>\n\n\n\n<p style=\"font-size:22px\">Gerne informieren wir Sie \u00fcber die M\u00f6glichkeiten.<\/p>\n<\/div><\/div>\n<\/div><\/section>\n<\/div><\/section>\n\n\n\n<section class=\"wp-block-uagb-section uagb-section__wrap uagb-section__background-color uagb-block-46745f58\"><div class=\"uagb-section__overlay\"><\/div><div class=\"uagb-section__inner-wrap\">\n<div class=\"wp-block-uagb-icon-list uagb-icon-list__outer-wrap uagb-icon-list__layout-horizontal uagb-icon-list__no-label uagb-block-b11ed91c\"><div class=\"uagb-icon-list__wrap\">\n<div class=\"wp-block-uagb-icon-list-child uagb-icon-list-repeater uagb-icon-list__wrapper uagb-block-df3aedd2\"><div class=\"uagb-icon-list__content-wrap\"><span class=\"uagb-icon-list__source-wrap\"><span class=\"uagb-icon-list__source-icon\"><svg xmlns=\"http:\/\/www.w3.org\/2000\/svg\" viewBox=\"0 0 512 512\"><path d=\"M493.4 24.6l-104-24c-11.3-2.6-22.9 3.3-27.5 13.9l-48 112c-4.2 9.8-1.4 21.3 6.9 28l60.6 49.6c-36 76.7-98.9 140.5-177.2 177.2l-49.6-60.6c-6.8-8.3-18.2-11.1-28-6.9l-112 48C3.9 366.5-2 378.1.6 389.4l24 104C27.1 504.2 36.7 512 48 512c256.1 0 464-207.5 464-464 0-11.2-7.7-20.9-18.6-23.4z\"><\/path><\/svg><\/span><\/span><\/div><\/div>\n<\/div><\/div>\n\n\n\n<div style=\"height:50px\" aria-hidden=\"true\" class=\"wp-block-spacer\"><\/div>\n\n\n\n<div class=\"wp-block-uagb-advanced-heading uagb-block-5034d13e\"><h2 class=\"uagb-heading-text\">Gesch\u00e4ftsstelle <\/h2><p class=\"uagb-desc-text\"><\/p><\/div>\n\n\n\n<div style=\"text-align:center;\"><a href=\"tel:00423 794 48 55\"><h1>00423 794 48 55<\/h1><\/a><\/div>\n<\/div><\/section>\n\n\n\n\n\n<section class=\"wp-block-uagb-columns uagb-columns__wrap uagb-columns__background-none uagb-columns__stack-mobile uagb-columns__valign-undefined uagb-columns__gap-10 alignundefined uagb-block-145dcfca\"><div class=\"uagb-columns__overlay\"><\/div><div class=\"uagb-columns__inner-wrap uagb-columns__columns-3\">\n<div class=\"wp-block-uagb-column uagb-column__wrap uagb-column__background-undefined uagb-block-b159ce6f\"><div class=\"uagb-column__overlay\"><\/div><div class=\"uagb-column__inner-wrap\">\n<p><\/p>\n<\/div><\/div>\n\n\n\n<div class=\"wp-block-uagb-column uagb-column__wrap uagb-column__background-undefined uagb-block-bec22a75\"><div class=\"uagb-column__overlay\"><\/div><div class=\"uagb-column__inner-wrap\">\n<figure class=\"wp-block-image aligncenter\"><img loading=\"lazy\" decoding=\"async\" width=\"361\" height=\"192\" src=\"https:\/\/www.zeitpolster.com\/li\/wp-content\/uploads\/sites\/17\/2019\/10\/logo_green-2.png\" alt=\"\" class=\"wp-image-32\" srcset=\"https:\/\/www.zeitpolster.com\/li\/wp-content\/uploads\/sites\/17\/2019\/10\/logo_green-2.png 361w, https:\/\/www.zeitpolster.com\/li\/wp-content\/uploads\/sites\/17\/2019\/10\/logo_green-2-300x160.png 300w, https:\/\/www.zeitpolster.com\/li\/wp-content\/uploads\/sites\/17\/2019\/10\/logo_green-2-140x74.png 140w\" sizes=\"auto, (max-width: 361px) 100vw, 361px\" \/><\/figure>\n\n\n\n<p class=\"has-text-align-center\" style=\"font-size:22px\">Die Zeits\u00e4ule f\u00fcr die Altersvorsorge<\/p>\n\n\n\n<div style=\"height:20px\" aria-hidden=\"true\" class=\"wp-block-spacer\"><\/div>\n\n\n\n<div class=\"wp-block-uagb-icon-list uagb-icon-list__outer-wrap uagb-icon-list__layout-horizontal uagb-icon-list__no-label uagb-block-671d2f5d\" id=\"uagb-icon-list-c477bccd-9b38-4a0a-a71e-a4c621a7f1cd\"><div class=\"uagb-icon-list__wrap\">\n<div class=\"wp-block-uagb-icon-list-child uagb-icon-list-repeater uagb-icon-list__wrapper uagb-block-c0f3159b\"><a target=\"_blank\" aria-label=\"Label #1\" rel=\"noopener noreferrer\" href=\"https:\/\/www.facebook.com\/zeitpolster.li\/\"><\/a><div class=\"uagb-icon-list__content-wrap\"><span class=\"uagb-icon-list__source-wrap\"><span class=\"uagb-icon-list__source-icon\"><svg xmlns=\"http:\/\/www.w3.org\/2000\/svg\" viewBox=\"0 0 320 512\"><path d=\"M279.14 288l14.22-92.66h-88.91v-60.13c0-25.35 12.42-50.06 52.24-50.06h40.42V6.26S260.43 0 225.36 0c-73.22 0-121.08 44.38-121.08 124.72v70.62H22.89V288h81.39v224h100.17V288z\"><\/path><\/svg><\/span><\/span><\/div><\/div>\n\n\n\n<div class=\"wp-block-uagb-icon-list-child uagb-icon-list-repeater uagb-icon-list__wrapper uagb-block-3daf0c05\"><a target=\"_self\" aria-label=\"Label #2\" rel=\"noopener noreferrer\" href=\"mailto:info@zeitpolster.li\"><\/a><div class=\"uagb-icon-list__content-wrap\"><span class=\"uagb-icon-list__source-wrap\"><span class=\"uagb-icon-list__source-icon\"><svg xmlns=\"http:\/\/www.w3.org\/2000\/svg\" viewBox=\"0 0 512 512\"><path d=\"M502.3 190.8c3.9-3.1 9.7-.2 9.7 4.7V400c0 26.5-21.5 48-48 48H48c-26.5 0-48-21.5-48-48V195.6c0-5 5.7-7.8 9.7-4.7 22.4 17.4 52.1 39.5 154.1 113.6 21.1 15.4 56.7 47.8 92.2 47.6 35.7.3 72-32.8 92.3-47.6 102-74.1 131.6-96.3 154-113.7zM256 320c23.2.4 56.6-29.2 73.4-41.4 132.7-96.3 142.8-104.7 173.4-128.7 5.8-4.5 9.2-11.5 9.2-18.9v-19c0-26.5-21.5-48-48-48H48C21.5 64 0 85.5 0 112v19c0 7.4 3.4 14.3 9.2 18.9 30.6 23.9 40.7 32.4 173.4 128.7 16.8 12.2 50.2 41.8 73.4 41.4z\"><\/path><\/svg><\/span><\/span><\/div><\/div>\n<\/div><\/div>\n<\/div><\/div>\n\n\n\n<div class=\"wp-block-uagb-column uagb-column__wrap uagb-column__background-undefined uagb-block-bc315f3c\"><div class=\"uagb-column__overlay\"><\/div><div class=\"uagb-column__inner-wrap\">\n<p><\/p>\n<\/div><\/div>\n<\/div><\/section>\n\n\n\n<p><\/p>\n","protected":false},"excerpt":{"rendered":"<p>Die Zeits\u00e4ule f\u00fcr die Altersvorsorge<\/p>\n","protected":false},"author":1,"featured_media":0,"parent":0,"menu_order":0,"comment_status":"closed","ping_status":"closed","template":"","meta":{"_bbp_topic_count":0,"_bbp_reply_count":0,"_bbp_total_topic_count":0,"_bbp_total_reply_count":0,"_bbp_voice_count":0,"_bbp_anonymous_reply_count":0,"_bbp_topic_count_hidden":0,"_bbp_reply_count_hidden":0,"_bbp_forum_subforum_count":0,"_uag_custom_page_level_css":"","site-sidebar-layout":"no-sidebar","site-content-layout":"page-builder","ast-site-content-layout":"default","site-content-style":"default","site-sidebar-style":"default","ast-global-header-display":"","ast-banner-title-visibility":"","ast-main-header-display":"","ast-hfb-above-header-display":"","ast-hfb-below-header-display":"","ast-hfb-mobile-header-display":"","site-post-title":"disabled","ast-breadcrumbs-content":"","ast-featured-img":"disabled","footer-sml-layout":"","ast-disable-related-posts":"","theme-transparent-header-meta":"disabled","adv-header-id-meta":"","stick-header-meta":"","header-above-stick-meta":"","header-main-stick-meta":"","header-below-stick-meta":"","astra-migrate-meta-layouts":"default","ast-page-background-enabled":"default","ast-page-background-meta":{"desktop":{"background-color":"","background-image":"","background-repeat":"repeat","background-position":"center center","background-size":"auto","background-attachment":"scroll","background-type":"","background-media":"","overlay-type":"","overlay-color":"","overlay-opacity":"","overlay-gradient":""},"tablet":{"background-color":"","background-image":"","background-repeat":"repeat","background-position":"center center","background-size":"auto","background-attachment":"scroll","background-type":"","background-media":"","overlay-type":"","overlay-color":"","overlay-opacity":"","overlay-gradient":""},"mobile":{"background-color":"","background-image":"","background-repeat":"repeat","background-position":"center center","background-size":"auto","background-attachment":"scroll","background-type":"","background-media":"","overlay-type":"","overlay-color":"","overlay-opacity":"","overlay-gradient":""}},"ast-content-background-meta":{"desktop":{"background-color":"var(--ast-global-color-5)","background-image":"","background-repeat":"repeat","background-position":"center center","background-size":"auto","background-attachment":"scroll","background-type":"","background-media":"","overlay-type":"","overlay-color":"","overlay-opacity":"","overlay-gradient":""},"tablet":{"background-color":"var(--ast-global-color-5)","background-image":"","background-repeat":"repeat","background-position":"center center","background-size":"auto","background-attachment":"scroll","background-type":"","background-media":"","overlay-type":"","overlay-color":"","overlay-opacity":"","overlay-gradient":""},"mobile":{"background-color":"var(--ast-global-color-5)","background-image":"","background-repeat":"repeat","background-position":"center center","background-size":"auto","background-attachment":"scroll","background-type":"","background-media":"","overlay-type":"","overlay-color":"","overlay-opacity":"","overlay-gradient":""}},"footnotes":""},"class_list":["post-2026","page","type-page","status-publish","hentry"],"yoast_head":"<!-- This site is optimized with the Yoast SEO plugin v27.3 - https:\/\/yoast.com\/product\/yoast-seo-wordpress\/ -->\n<title>Partner werden - Zeitpolster Liechtenstein<\/title>\n<meta name=\"description\" content=\"Ein wertvolles Angebot f\u00fcr Unternehmen, Gemeinden und soziale Einrichtungen um Verantwortung zu \u00fcbernehmen und Betreuung zu sichern! Jetzt.\" \/>\n<meta name=\"robots\" content=\"index, follow, max-snippet:-1, max-image-preview:large, max-video-preview:-1\" \/>\n<link rel=\"canonical\" href=\"https:\/\/www.zeitpolster.com\/li\/partner-werden\/\" \/>\n<meta property=\"og:locale\" content=\"de_DE\" \/>\n<meta property=\"og:type\" content=\"article\" \/>\n<meta property=\"og:title\" content=\"Partner werden - Zeitpolster Liechtenstein\" \/>\n<meta property=\"og:description\" content=\"Ein wertvolles Angebot f\u00fcr Unternehmen, Gemeinden und soziale Einrichtungen um Verantwortung zu \u00fcbernehmen und Betreuung zu sichern! Jetzt.\" \/>\n<meta property=\"og:url\" content=\"https:\/\/www.zeitpolster.com\/li\/partner-werden\/\" \/>\n<meta property=\"og:site_name\" content=\"Zeitpolster Liechtenstein\" \/>\n<meta property=\"article:modified_time\" content=\"2022-07-12T21:34:46+00:00\" \/>\n<meta property=\"og:image\" content=\"https:\/\/www.zeitpolster.com\/li\/wp-content\/uploads\/sites\/17\/2019\/10\/logo_green-2.png\" \/>\n<meta name=\"twitter:card\" content=\"summary_large_image\" \/>\n<meta name=\"twitter:label1\" content=\"Gesch\u00e4tzte Lesezeit\" \/>\n\t<meta name=\"twitter:data1\" content=\"2\u00a0Minuten\" \/>\n<script type=\"application\/ld+json\" class=\"yoast-schema-graph\">{\"@context\":\"https:\\\/\\\/schema.org\",\"@graph\":[{\"@type\":\"WebPage\",\"@id\":\"https:\\\/\\\/www.zeitpolster.com\\\/li\\\/partner-werden\\\/\",\"url\":\"https:\\\/\\\/www.zeitpolster.com\\\/li\\\/partner-werden\\\/\",\"name\":\"Partner werden - Zeitpolster Liechtenstein\",\"isPartOf\":{\"@id\":\"https:\\\/\\\/www.zeitpolster.com\\\/li\\\/#website\"},\"primaryImageOfPage\":{\"@id\":\"https:\\\/\\\/www.zeitpolster.com\\\/li\\\/partner-werden\\\/#primaryimage\"},\"image\":{\"@id\":\"https:\\\/\\\/www.zeitpolster.com\\\/li\\\/partner-werden\\\/#primaryimage\"},\"thumbnailUrl\":\"https:\\\/\\\/www.zeitpolster.com\\\/li\\\/wp-content\\\/uploads\\\/sites\\\/17\\\/2019\\\/10\\\/logo_green-2.png\",\"datePublished\":\"2019-10-24T22:19:55+00:00\",\"dateModified\":\"2022-07-12T21:34:46+00:00\",\"description\":\"Ein wertvolles Angebot f\u00fcr Unternehmen, Gemeinden und soziale Einrichtungen um Verantwortung zu \u00fcbernehmen und Betreuung zu sichern! Jetzt.\",\"breadcrumb\":{\"@id\":\"https:\\\/\\\/www.zeitpolster.com\\\/li\\\/partner-werden\\\/#breadcrumb\"},\"inLanguage\":\"de\",\"potentialAction\":[{\"@type\":\"ReadAction\",\"target\":[\"https:\\\/\\\/www.zeitpolster.com\\\/li\\\/partner-werden\\\/\"]}]},{\"@type\":\"ImageObject\",\"inLanguage\":\"de\",\"@id\":\"https:\\\/\\\/www.zeitpolster.com\\\/li\\\/partner-werden\\\/#primaryimage\",\"url\":\"https:\\\/\\\/www.zeitpolster.com\\\/li\\\/wp-content\\\/uploads\\\/sites\\\/17\\\/2019\\\/10\\\/logo_green-2.png\",\"contentUrl\":\"https:\\\/\\\/www.zeitpolster.com\\\/li\\\/wp-content\\\/uploads\\\/sites\\\/17\\\/2019\\\/10\\\/logo_green-2.png\",\"width\":361,\"height\":192,\"caption\":\"Logo Zeitpolster\"},{\"@type\":\"BreadcrumbList\",\"@id\":\"https:\\\/\\\/www.zeitpolster.com\\\/li\\\/partner-werden\\\/#breadcrumb\",\"itemListElement\":[{\"@type\":\"ListItem\",\"position\":1,\"name\":\"Startseite\",\"item\":\"https:\\\/\\\/www.zeitpolster.com\\\/li\\\/\"},{\"@type\":\"ListItem\",\"position\":2,\"name\":\"Partner werden\"}]},{\"@type\":\"WebSite\",\"@id\":\"https:\\\/\\\/www.zeitpolster.com\\\/li\\\/#website\",\"url\":\"https:\\\/\\\/www.zeitpolster.com\\\/li\\\/\",\"name\":\"Zeitpolster Liechtenstein\",\"description\":\"Verein f\u00fcr Zeitvorsorge\",\"publisher\":{\"@id\":\"https:\\\/\\\/www.zeitpolster.com\\\/li\\\/#organization\"},\"potentialAction\":[{\"@type\":\"SearchAction\",\"target\":{\"@type\":\"EntryPoint\",\"urlTemplate\":\"https:\\\/\\\/www.zeitpolster.com\\\/li\\\/?s={search_term_string}\"},\"query-input\":{\"@type\":\"PropertyValueSpecification\",\"valueRequired\":true,\"valueName\":\"search_term_string\"}}],\"inLanguage\":\"de\"},{\"@type\":\"Organization\",\"@id\":\"https:\\\/\\\/www.zeitpolster.com\\\/li\\\/#organization\",\"name\":\"Zeitpolster Liechtenstein\",\"url\":\"https:\\\/\\\/www.zeitpolster.com\\\/li\\\/\",\"logo\":{\"@type\":\"ImageObject\",\"inLanguage\":\"de\",\"@id\":\"https:\\\/\\\/www.zeitpolster.com\\\/li\\\/#\\\/schema\\\/logo\\\/image\\\/\",\"url\":\"https:\\\/\\\/www.zeitpolster.com\\\/li\\\/wp-content\\\/uploads\\\/sites\\\/17\\\/2019\\\/10\\\/logo_green-2.png\",\"contentUrl\":\"https:\\\/\\\/www.zeitpolster.com\\\/li\\\/wp-content\\\/uploads\\\/sites\\\/17\\\/2019\\\/10\\\/logo_green-2.png\",\"width\":361,\"height\":192,\"caption\":\"Zeitpolster Liechtenstein\"},\"image\":{\"@id\":\"https:\\\/\\\/www.zeitpolster.com\\\/li\\\/#\\\/schema\\\/logo\\\/image\\\/\"}}]}<\/script>\n<!-- \/ Yoast SEO plugin. -->","yoast_head_json":{"title":"Partner werden - Zeitpolster Liechtenstein","description":"Ein wertvolles Angebot f\u00fcr Unternehmen, Gemeinden und soziale Einrichtungen um Verantwortung zu \u00fcbernehmen und Betreuung zu sichern! Jetzt.","robots":{"index":"index","follow":"follow","max-snippet":"max-snippet:-1","max-image-preview":"max-image-preview:large","max-video-preview":"max-video-preview:-1"},"canonical":"https:\/\/www.zeitpolster.com\/li\/partner-werden\/","og_locale":"de_DE","og_type":"article","og_title":"Partner werden - Zeitpolster Liechtenstein","og_description":"Ein wertvolles Angebot f\u00fcr Unternehmen, Gemeinden und soziale Einrichtungen um Verantwortung zu \u00fcbernehmen und Betreuung zu sichern! Jetzt.","og_url":"https:\/\/www.zeitpolster.com\/li\/partner-werden\/","og_site_name":"Zeitpolster Liechtenstein","article_modified_time":"2022-07-12T21:34:46+00:00","og_image":[{"url":"https:\/\/www.zeitpolster.com\/li\/wp-content\/uploads\/sites\/17\/2019\/10\/logo_green-2.png","type":"","width":"","height":""}],"twitter_card":"summary_large_image","twitter_misc":{"Gesch\u00e4tzte Lesezeit":"2\u00a0Minuten"},"schema":{"@context":"https:\/\/schema.org","@graph":[{"@type":"WebPage","@id":"https:\/\/www.zeitpolster.com\/li\/partner-werden\/","url":"https:\/\/www.zeitpolster.com\/li\/partner-werden\/","name":"Partner werden - Zeitpolster Liechtenstein","isPartOf":{"@id":"https:\/\/www.zeitpolster.com\/li\/#website"},"primaryImageOfPage":{"@id":"https:\/\/www.zeitpolster.com\/li\/partner-werden\/#primaryimage"},"image":{"@id":"https:\/\/www.zeitpolster.com\/li\/partner-werden\/#primaryimage"},"thumbnailUrl":"https:\/\/www.zeitpolster.com\/li\/wp-content\/uploads\/sites\/17\/2019\/10\/logo_green-2.png","datePublished":"2019-10-24T22:19:55+00:00","dateModified":"2022-07-12T21:34:46+00:00","description":"Ein wertvolles Angebot f\u00fcr Unternehmen, Gemeinden und soziale Einrichtungen um Verantwortung zu \u00fcbernehmen und Betreuung zu sichern! Jetzt.","breadcrumb":{"@id":"https:\/\/www.zeitpolster.com\/li\/partner-werden\/#breadcrumb"},"inLanguage":"de","potentialAction":[{"@type":"ReadAction","target":["https:\/\/www.zeitpolster.com\/li\/partner-werden\/"]}]},{"@type":"ImageObject","inLanguage":"de","@id":"https:\/\/www.zeitpolster.com\/li\/partner-werden\/#primaryimage","url":"https:\/\/www.zeitpolster.com\/li\/wp-content\/uploads\/sites\/17\/2019\/10\/logo_green-2.png","contentUrl":"https:\/\/www.zeitpolster.com\/li\/wp-content\/uploads\/sites\/17\/2019\/10\/logo_green-2.png","width":361,"height":192,"caption":"Logo Zeitpolster"},{"@type":"BreadcrumbList","@id":"https:\/\/www.zeitpolster.com\/li\/partner-werden\/#breadcrumb","itemListElement":[{"@type":"ListItem","position":1,"name":"Startseite","item":"https:\/\/www.zeitpolster.com\/li\/"},{"@type":"ListItem","position":2,"name":"Partner werden"}]},{"@type":"WebSite","@id":"https:\/\/www.zeitpolster.com\/li\/#website","url":"https:\/\/www.zeitpolster.com\/li\/","name":"Zeitpolster Liechtenstein","description":"Verein f\u00fcr Zeitvorsorge","publisher":{"@id":"https:\/\/www.zeitpolster.com\/li\/#organization"},"potentialAction":[{"@type":"SearchAction","target":{"@type":"EntryPoint","urlTemplate":"https:\/\/www.zeitpolster.com\/li\/?s={search_term_string}"},"query-input":{"@type":"PropertyValueSpecification","valueRequired":true,"valueName":"search_term_string"}}],"inLanguage":"de"},{"@type":"Organization","@id":"https:\/\/www.zeitpolster.com\/li\/#organization","name":"Zeitpolster Liechtenstein","url":"https:\/\/www.zeitpolster.com\/li\/","logo":{"@type":"ImageObject","inLanguage":"de","@id":"https:\/\/www.zeitpolster.com\/li\/#\/schema\/logo\/image\/","url":"https:\/\/www.zeitpolster.com\/li\/wp-content\/uploads\/sites\/17\/2019\/10\/logo_green-2.png","contentUrl":"https:\/\/www.zeitpolster.com\/li\/wp-content\/uploads\/sites\/17\/2019\/10\/logo_green-2.png","width":361,"height":192,"caption":"Zeitpolster Liechtenstein"},"image":{"@id":"https:\/\/www.zeitpolster.com\/li\/#\/schema\/logo\/image\/"}}]}},"featured_image_src":null,"featured_image_src_square":null,"uagb_featured_image_src":{"full":false,"thumbnail":false,"medium":false,"medium_large":false,"large":false,"1536x1536":false,"2048x2048":false,"gb-block-post-grid-landscape":false,"gb-block-post-grid-square":false,"woocommerce_thumbnail":false,"woocommerce_single":false,"woocommerce_gallery_thumbnail":false},"uagb_author_info":{"display_name":"wordpressadmin","author_link":"https:\/\/www.zeitpolster.com\/li\/author\/wordpressadmin\/"},"uagb_comment_info":0,"uagb_excerpt":"Die Zeits\u00e4ule f\u00fcr die Altersvorsorge","_links":{"self":[{"href":"https:\/\/www.zeitpolster.com\/li\/wp-json\/wp\/v2\/pages\/2026","targetHints":{"allow":["GET"]}}],"collection":[{"href":"https:\/\/www.zeitpolster.com\/li\/wp-json\/wp\/v2\/pages"}],"about":[{"href":"https:\/\/www.zeitpolster.com\/li\/wp-json\/wp\/v2\/types\/page"}],"author":[{"embeddable":true,"href":"https:\/\/www.zeitpolster.com\/li\/wp-json\/wp\/v2\/users\/1"}],"replies":[{"embeddable":true,"href":"https:\/\/www.zeitpolster.com\/li\/wp-json\/wp\/v2\/comments?post=2026"}],"version-history":[{"count":0,"href":"https:\/\/www.zeitpolster.com\/li\/wp-json\/wp\/v2\/pages\/2026\/revisions"}],"wp:attachment":[{"href":"https:\/\/www.zeitpolster.com\/li\/wp-json\/wp\/v2\/media?parent=2026"}],"curies":[{"name":"wp","href":"https:\/\/api.w.org\/{rel}","templated":true}]}}