{"id":110509,"date":"2025-04-20T19:58:53","date_gmt":"2025-04-20T17:58:53","guid":{"rendered":"https:\/\/www.zeitpolster.com\/learn-to-care\/?page_id=110509"},"modified":"2025-04-20T20:09:11","modified_gmt":"2025-04-20T18:09:11","slug":"so-entstand-learn-to-care","status":"publish","type":"page","link":"https:\/\/www.zeitpolster.com\/learn-to-care\/es\/so-entstand-learn-to-care\/","title":{"rendered":"Socio"},"content":{"rendered":"<div class=\"wp-block-uagb-container uagb-block-10881fcf alignfull uagb-is-root-container\"><div class=\"uagb-container-inner-blocks-wrap\">\n<hr class=\"wp-block-separator has-alpha-channel-opacity\"\/>\n\n\n\n<h1 class=\"wp-block-heading\">Los socios del proyecto - Juntos por un voluntariado fuerte<\/h1>\n\n\n\n<p>El proyecto \"Learn to Care\" fue ejecutado por un consorcio especializado que combina conocimientos especializados de distintos \u00e1mbitos. Cuatro socios de Austria, Alemania, Italia y Espa\u00f1a aportaron su experiencia, conocimientos y visi\u00f3n para desarrollar conjuntamente una innovadora plataforma de aprendizaje electr\u00f3nico para voluntarios. El proyecto fue iniciado y gestionado por Zeitpolster.<\/p>\n\n\n\n<p>A continuaci\u00f3n presentamos las organizaciones participantes:<\/p>\n\n\n\n<hr class=\"wp-block-separator has-alpha-channel-opacity\"\/>\n\n\n\n<h2 class=\"wp-block-heading\"><a href=\"https:\/\/www.zeitpolster.com\/learn-to-care\/es\/\">Coj\u00edn del tiempo(Austria)<\/a><\/h2>\n\n\n\n<p><strong>Perfil de competencias:<\/strong><br>Zeitpolster es una empresa social austriaca que ha desarrollado modelos innovadores de asistencia y jubilaci\u00f3n. El n\u00facleo de Zeitpolster es un plan de pensiones intergeneracional: los voluntarios acumulan cr\u00e9ditos de tiempo prestando servicios asistenciales, que luego pueden utilizar para cuidar de s\u00ed mismos.<\/p>\n\n\n\n<p><strong>Papel en el proyecto:<\/strong><\/p>\n\n\n\n<ul class=\"wp-block-list\">\n<li>Coordinaci\u00f3n y gesti\u00f3n de proyectos<\/li>\n\n\n\n<li>Desarrollo del contenido del curso de voluntariado asistencial<\/li>\n\n\n\n<li>Desarrollo de la plataforma multiling\u00fce de e-learning<\/li>\n\n\n\n<li>Integraci\u00f3n de conocimientos pr\u00e1cticos e informes de experiencias del trabajo voluntario<\/li>\n<\/ul>\n\n\n\n<hr class=\"wp-block-separator has-alpha-channel-opacity\"\/>\n\n\n\n<h2 class=\"wp-block-heading\"><a href=\"https:\/\/www.ili.fau.de\/institut\/\">Friedrich-Alexander-Universit\u00e4t Erlangen-N\u00fcrnberg - Instituto de Innovaci\u00f3n en el Aprendizaje (Alemania)<\/a><\/h2>\n\n\n\n<p><strong>Perfil de competencias:<\/strong><br>El Innovation in Learning Institute (ILI) de la FAU de Erlangen-Nuremberg es un centro europeo l\u00edder en educaci\u00f3n digital, e-learning y tecnolog\u00edas de aprendizaje innovadoras. El ILI desarrolla y gestiona complejas plataformas de aprendizaje y ex\u00e1menes y cuenta con muchos a\u00f1os de experiencia en proyectos de educaci\u00f3n de adultos.<\/p>\n\n\n\n<p><strong>Papel en el proyecto:<\/strong><\/p>\n\n\n\n<ul class=\"wp-block-list\">\n<li>Realizaci\u00f3n t\u00e9cnica de la plataforma de e-learning<\/li>\n\n\n\n<li>Preparaci\u00f3n did\u00e1ctica de los cursos en l\u00ednea<\/li>\n\n\n\n<li>Control de calidad del material did\u00e1ctico<\/li>\n\n\n\n<li>Integraci\u00f3n de ayudas al aprendizaje como tests, preguntas de autocontrol e indicadores de progreso.<\/li>\n<\/ul>\n\n\n\n<hr class=\"wp-block-separator has-alpha-channel-opacity\"\/>\n\n\n\n<h2 class=\"wp-block-heading\"><a href=\"https:\/\/bcoop.bz\/\">Cooperativa ciudadana b*coop Bressanone (Italia)<\/a><\/h2>\n\n\n\n<p><strong>Perfil de competencias:<\/strong><br>La cooperativa ciudadana b*coop de Brixen (Tirol del Sur) se centra en formas innovadoras de compromiso c\u00edvico. Combina proyectos sociales con nuevos enfoques participativos y promueve el compromiso voluntario en estructuras sociales y vecinales en particular.<\/p>\n\n\n\n<p><strong>Papel en el proyecto:<\/strong><\/p>\n\n\n\n<ul class=\"wp-block-list\">\n<li>Desarrollo del concepto de podcast para visualizar el conocimiento informal<\/li>\n\n\n\n<li>Organizaci\u00f3n de talleres de creaci\u00f3n de podcasts para voluntarios<\/li>\n\n\n\n<li>Recogida y tratamiento de historias reales de voluntariado<\/li>\n\n\n\n<li>Apoyo a la difusi\u00f3n regional de los resultados del proyecto<\/li>\n<\/ul>\n\n\n\n<hr class=\"wp-block-separator has-alpha-channel-opacity\"\/>\n\n\n\n<h2 class=\"wp-block-heading\"><a href=\"https:\/\/www.asibdt.org\/\">Asociaci\u00f3n Iberoamericana de Bancos de Tiempo (Espa\u00f1a)<\/a><\/h2>\n\n\n\n<p><strong>Perfil de competencias:<\/strong><br>Esta ONG espa\u00f1ola est\u00e1 especializada en el desarrollo y apoyo de bancos de tiempo, redes en las que las personas intercambian servicios en funci\u00f3n de unidades de tiempo. La organizaci\u00f3n lleva m\u00e1s de 15 a\u00f1os trabajando en toda Europa para desarrollar redes sociales y modelos innovadores de voluntariado.<\/p>\n\n\n\n<p><strong>Papel en el proyecto:<\/strong><\/p>\n\n\n\n<ul class=\"wp-block-list\">\n<li>Creaci\u00f3n de directrices de buenas pr\u00e1cticas sobre modelos de reconocimiento del trabajo voluntario<\/li>\n\n\n\n<li>Aumentar los conocimientos sobre los sistemas de compromiso (por ejemplo, bancos de tiempo).<\/li>\n\n\n\n<li>Apoyo al multiling\u00fcismo y a la adaptaci\u00f3n cultural de los programas de aprendizaje<\/li>\n<\/ul>\n\n\n\n<hr class=\"wp-block-separator has-alpha-channel-opacity\"\/>\n\n\n\n<p><\/p>\n\n\n\n<div class=\"wp-block-uagb-container uagb-block-49baf8cb\">\n<h3 class=\"wp-block-heading\">Informaci\u00f3n sobre el proyecto: Learn to Care<\/h3>\n\n\n\n<p><strong>T\u00edtulo del proyecto:<\/strong><br><em>Learn to Care: formaci\u00f3n digital para voluntarios asistenciales<\/em><\/p>\n\n\n\n<p><strong>Organizador del proyecto:<\/strong><br>Zeitpolster GmbH (Austria) junto con socios de Alemania, Italia y Espa\u00f1a<\/p>\n\n\n\n<p><strong>L\u00ednea del programa:<\/strong><br>Cooperaci\u00f3n Erasmus+ en la educaci\u00f3n de adultos<\/p>\n\n\n\n<p><strong>N\u00famero de proyecto:<\/strong><br><strong>2021-2-AT01-KA220-ADU-000049463<\/strong><\/p>\n\n\n\n<p><strong>Duraci\u00f3n del proyecto:<\/strong><br><strong>01.03.2022 - 28.02.2025<\/strong><\/p>\n\n\n\n<p><strong>Objetivo del proyecto:<\/strong><br>Desarrollo de una plataforma de aprendizaje electr\u00f3nico multiling\u00fce y gratuita para apoyar a los cuidadores voluntarios.<\/p>\n\n\n\n<p><strong>Idiomas de la plataforma:<\/strong><br>Alem\u00e1n, ingl\u00e9s, italiano, espa\u00f1ol<\/p>\n\n\n\n<p><strong>Oferta:<\/strong><\/p>\n\n\n\n<ul class=\"wp-block-list\">\n<li>100 cursos en l\u00ednea sobre cuidados, apoyo, autocuidado y comunicaci\u00f3n<\/li>\n\n\n\n<li>32 podcasts producidos por voluntarios<\/li>\n\n\n\n<li>Cursos para la creaci\u00f3n aut\u00f3noma de podcasts<\/li>\n\n\n\n<li>Certificados de los cursos realizados<\/li>\n<\/ul>\n\n\n\n<p><strong>Futuro de la plataforma:<\/strong><br>Al final de la duraci\u00f3n del proyecto, la plataforma ser\u00e1 <strong>a partir del 01.03.2025<\/strong> de <strong><a href=\"https:\/\/www.zeitpolster.com\/learn-to-care\/es\/\">Coj\u00edn de tiempo <\/a><\/strong>continu\u00f3 de forma independiente.<br>La utilizaci\u00f3n sigue siendo <strong>gratis<\/strong> y se ampl\u00eda constantemente.<\/p>\n<\/div>\n<\/div><\/div>\n\n\n\n<p><\/p>","protected":false},"excerpt":{"rendered":"<p>Die Projektpartner \u2013 Gemeinsam f\u00fcr starke Freiwilligenarbeit Das Projekt \u201eLearn to Care\u201c wurde von einem engagierten Konsortium umgesetzt, das Fachwissen aus unterschiedlichen Bereichen vereint. Vier Partner aus \u00d6sterreich, Deutschland, Italien und Spanien haben ihre Erfahrungen, Kompetenzen und Visionen eingebracht, um gemeinsam eine innovative E-Learning-Plattform f\u00fcr freiwillige Helfer zu entwickeln. Das Projekt wurde von Zeitpolster initiiert [&hellip;]<\/p>","protected":false},"author":2,"featured_media":0,"parent":0,"menu_order":0,"comment_status":"closed","ping_status":"closed","template":"","meta":{"_bbp_topic_count":0,"_bbp_reply_count":0,"_bbp_total_topic_count":0,"_bbp_total_reply_count":0,"_bbp_voice_count":0,"_bbp_anonymous_reply_count":0,"_bbp_topic_count_hidden":0,"_bbp_reply_count_hidden":0,"_bbp_forum_subforum_count":0,"_uag_custom_page_level_css":"","site-sidebar-layout":"default","site-content-layout":"","ast-site-content-layout":"default","site-content-style":"default","site-sidebar-style":"default","ast-global-header-display":"","ast-banner-title-visibility":"","ast-main-header-display":"","ast-hfb-above-header-display":"","ast-hfb-below-header-display":"","ast-hfb-mobile-header-display":"","site-post-title":"","ast-breadcrumbs-content":"","ast-featured-img":"","footer-sml-layout":"","ast-disable-related-posts":"","theme-transparent-header-meta":"","adv-header-id-meta":"","stick-header-meta":"","header-above-stick-meta":"","header-main-stick-meta":"","header-below-stick-meta":"","astra-migrate-meta-layouts":"set","ast-page-background-enabled":"default","ast-page-background-meta":{"desktop":{"background-color":"","background-image":"","background-repeat":"repeat","background-position":"center center","background-size":"auto","background-attachment":"scroll","background-type":"","background-media":"","overlay-type":"","overlay-color":"","overlay-opacity":"","overlay-gradient":""},"tablet":{"background-color":"","background-image":"","background-repeat":"repeat","background-position":"center center","background-size":"auto","background-attachment":"scroll","background-type":"","background-media":"","overlay-type":"","overlay-color":"","overlay-opacity":"","overlay-gradient":""},"mobile":{"background-color":"","background-image":"","background-repeat":"repeat","background-position":"center center","background-size":"auto","background-attachment":"scroll","background-type":"","background-media":"","overlay-type":"","overlay-color":"","overlay-opacity":"","overlay-gradient":""}},"ast-content-background-meta":{"desktop":{"background-color":"var(--ast-global-color-5)","background-image":"","background-repeat":"repeat","background-position":"center center","background-size":"auto","background-attachment":"scroll","background-type":"","background-media":"","overlay-type":"","overlay-color":"","overlay-opacity":"","overlay-gradient":""},"tablet":{"background-color":"var(--ast-global-color-5)","background-image":"","background-repeat":"repeat","background-position":"center center","background-size":"auto","background-attachment":"scroll","background-type":"","background-media":"","overlay-type":"","overlay-color":"","overlay-opacity":"","overlay-gradient":""},"mobile":{"background-color":"var(--ast-global-color-5)","background-image":"","background-repeat":"repeat","background-position":"center center","background-size":"auto","background-attachment":"scroll","background-type":"","background-media":"","overlay-type":"","overlay-color":"","overlay-opacity":"","overlay-gradient":""}},"footnotes":""},"class_list":["post-110509","page","type-page","status-publish","hentry"],"yoast_head":"<!-- This site is optimized with the Yoast SEO plugin v26.7 - https:\/\/yoast.com\/wordpress\/plugins\/seo\/ -->\n<title>Partner - Learn To Care<\/title>\n<meta name=\"description\" content=\"Vier Partner, eine Lernplattform. Diese innovative Lernplattform wird von www.zeitpolster.com weitergef\u00fchrt und weiterentwickelt.\" \/>\n<meta name=\"robots\" content=\"index, follow, max-snippet:-1, max-image-preview:large, max-video-preview:-1\" \/>\n<link rel=\"canonical\" href=\"https:\/\/www.zeitpolster.com\/learn-to-care\/es\/so-entstand-learn-to-care\/\" \/>\n<meta property=\"og:locale\" content=\"es_ES\" \/>\n<meta property=\"og:type\" content=\"article\" \/>\n<meta property=\"og:title\" content=\"Partner - Learn To Care\" \/>\n<meta property=\"og:description\" content=\"Vier Partner, eine Lernplattform. Diese innovative Lernplattform wird von www.zeitpolster.com weitergef\u00fchrt und weiterentwickelt.\" \/>\n<meta property=\"og:url\" content=\"https:\/\/www.zeitpolster.com\/learn-to-care\/es\/so-entstand-learn-to-care\/\" \/>\n<meta property=\"og:site_name\" content=\"Learn To Care\" \/>\n<meta property=\"article:modified_time\" content=\"2025-04-20T18:09:11+00:00\" \/>\n<meta name=\"twitter:card\" content=\"summary_large_image\" \/>\n<meta name=\"twitter:label1\" content=\"Tiempo de lectura\" \/>\n\t<meta name=\"twitter:data1\" content=\"3 minutos\" \/>\n<script type=\"application\/ld+json\" class=\"yoast-schema-graph\">{\"@context\":\"https:\/\/schema.org\",\"@graph\":[{\"@type\":\"WebPage\",\"@id\":\"https:\/\/www.zeitpolster.com\/learn-to-care\/so-entstand-learn-to-care\/\",\"url\":\"https:\/\/www.zeitpolster.com\/learn-to-care\/so-entstand-learn-to-care\/\",\"name\":\"Partner - Learn To Care\",\"isPartOf\":{\"@id\":\"https:\/\/www.zeitpolster.com\/learn-to-care\/es\/#website\"},\"datePublished\":\"2025-04-20T17:58:53+00:00\",\"dateModified\":\"2025-04-20T18:09:11+00:00\",\"description\":\"Vier Partner, eine Lernplattform. Diese innovative Lernplattform wird von www.zeitpolster.com weitergef\u00fchrt und weiterentwickelt.\",\"breadcrumb\":{\"@id\":\"https:\/\/www.zeitpolster.com\/learn-to-care\/so-entstand-learn-to-care\/#breadcrumb\"},\"inLanguage\":\"es\",\"potentialAction\":[{\"@type\":\"ReadAction\",\"target\":[\"https:\/\/www.zeitpolster.com\/learn-to-care\/so-entstand-learn-to-care\/\"]}]},{\"@type\":\"BreadcrumbList\",\"@id\":\"https:\/\/www.zeitpolster.com\/learn-to-care\/so-entstand-learn-to-care\/#breadcrumb\",\"itemListElement\":[{\"@type\":\"ListItem\",\"position\":1,\"name\":\"Startseite\",\"item\":\"https:\/\/www.zeitpolster.com\/learn-to-care\/\"},{\"@type\":\"ListItem\",\"position\":2,\"name\":\"Partner\"}]},{\"@type\":\"WebSite\",\"@id\":\"https:\/\/www.zeitpolster.com\/learn-to-care\/es\/#website\",\"url\":\"https:\/\/www.zeitpolster.com\/learn-to-care\/es\/\",\"name\":\"Learn To Care\",\"description\":\"Lernplattform von Zeitpolster\",\"publisher\":{\"@id\":\"https:\/\/www.zeitpolster.com\/learn-to-care\/es\/#organization\"},\"potentialAction\":[{\"@type\":\"SearchAction\",\"target\":{\"@type\":\"EntryPoint\",\"urlTemplate\":\"https:\/\/www.zeitpolster.com\/learn-to-care\/es\/?s={search_term_string}\"},\"query-input\":{\"@type\":\"PropertyValueSpecification\",\"valueRequired\":true,\"valueName\":\"search_term_string\"}}],\"inLanguage\":\"es\"},{\"@type\":\"Organization\",\"@id\":\"https:\/\/www.zeitpolster.com\/learn-to-care\/es\/#organization\",\"name\":\"Learn To Care\",\"url\":\"https:\/\/www.zeitpolster.com\/learn-to-care\/es\/\",\"logo\":{\"@type\":\"ImageObject\",\"inLanguage\":\"es\",\"@id\":\"https:\/\/www.zeitpolster.com\/learn-to-care\/es\/#\/schema\/logo\/image\/\",\"url\":\"https:\/\/www.zeitpolster.com\/learn-to-care\/wp-content\/uploads\/sites\/21\/2023\/02\/cropped-learntocare_logo_gruen-1.png\",\"contentUrl\":\"https:\/\/www.zeitpolster.com\/learn-to-care\/wp-content\/uploads\/sites\/21\/2023\/02\/cropped-learntocare_logo_gruen-1.png\",\"width\":1876,\"height\":1876,\"caption\":\"Learn To Care\"},\"image\":{\"@id\":\"https:\/\/www.zeitpolster.com\/learn-to-care\/es\/#\/schema\/logo\/image\/\"}}]}<\/script>\n<!-- \/ Yoast SEO plugin. -->","yoast_head_json":{"title":"Partner - Learn To Care","description":"Vier Partner, eine Lernplattform. Diese innovative Lernplattform wird von www.zeitpolster.com weitergef\u00fchrt und weiterentwickelt.","robots":{"index":"index","follow":"follow","max-snippet":"max-snippet:-1","max-image-preview":"max-image-preview:large","max-video-preview":"max-video-preview:-1"},"canonical":"https:\/\/www.zeitpolster.com\/learn-to-care\/es\/so-entstand-learn-to-care\/","og_locale":"es_ES","og_type":"article","og_title":"Partner - Learn To Care","og_description":"Vier Partner, eine Lernplattform. Diese innovative Lernplattform wird von www.zeitpolster.com weitergef\u00fchrt und weiterentwickelt.","og_url":"https:\/\/www.zeitpolster.com\/learn-to-care\/es\/so-entstand-learn-to-care\/","og_site_name":"Learn To Care","article_modified_time":"2025-04-20T18:09:11+00:00","twitter_card":"summary_large_image","twitter_misc":{"Tiempo de lectura":"3 minutos"},"schema":{"@context":"https:\/\/schema.org","@graph":[{"@type":"WebPage","@id":"https:\/\/www.zeitpolster.com\/learn-to-care\/so-entstand-learn-to-care\/","url":"https:\/\/www.zeitpolster.com\/learn-to-care\/so-entstand-learn-to-care\/","name":"Partner - Learn To Care","isPartOf":{"@id":"https:\/\/www.zeitpolster.com\/learn-to-care\/es\/#website"},"datePublished":"2025-04-20T17:58:53+00:00","dateModified":"2025-04-20T18:09:11+00:00","description":"Vier Partner, eine Lernplattform. Diese innovative Lernplattform wird von www.zeitpolster.com weitergef\u00fchrt und weiterentwickelt.","breadcrumb":{"@id":"https:\/\/www.zeitpolster.com\/learn-to-care\/so-entstand-learn-to-care\/#breadcrumb"},"inLanguage":"es","potentialAction":[{"@type":"ReadAction","target":["https:\/\/www.zeitpolster.com\/learn-to-care\/so-entstand-learn-to-care\/"]}]},{"@type":"BreadcrumbList","@id":"https:\/\/www.zeitpolster.com\/learn-to-care\/so-entstand-learn-to-care\/#breadcrumb","itemListElement":[{"@type":"ListItem","position":1,"name":"Startseite","item":"https:\/\/www.zeitpolster.com\/learn-to-care\/"},{"@type":"ListItem","position":2,"name":"Partner"}]},{"@type":"WebSite","@id":"https:\/\/www.zeitpolster.com\/learn-to-care\/es\/#website","url":"https:\/\/www.zeitpolster.com\/learn-to-care\/es\/","name":"Aprender a cuidar","description":"Plataforma de aprendizaje de Zeitpolster","publisher":{"@id":"https:\/\/www.zeitpolster.com\/learn-to-care\/es\/#organization"},"potentialAction":[{"@type":"SearchAction","target":{"@type":"EntryPoint","urlTemplate":"https:\/\/www.zeitpolster.com\/learn-to-care\/es\/?s={search_term_string}"},"query-input":{"@type":"PropertyValueSpecification","valueRequired":true,"valueName":"search_term_string"}}],"inLanguage":"es"},{"@type":"Organization","@id":"https:\/\/www.zeitpolster.com\/learn-to-care\/es\/#organization","name":"Aprender a cuidar","url":"https:\/\/www.zeitpolster.com\/learn-to-care\/es\/","logo":{"@type":"ImageObject","inLanguage":"es","@id":"https:\/\/www.zeitpolster.com\/learn-to-care\/es\/#\/schema\/logo\/image\/","url":"https:\/\/www.zeitpolster.com\/learn-to-care\/wp-content\/uploads\/sites\/21\/2023\/02\/cropped-learntocare_logo_gruen-1.png","contentUrl":"https:\/\/www.zeitpolster.com\/learn-to-care\/wp-content\/uploads\/sites\/21\/2023\/02\/cropped-learntocare_logo_gruen-1.png","width":1876,"height":1876,"caption":"Learn To Care"},"image":{"@id":"https:\/\/www.zeitpolster.com\/learn-to-care\/es\/#\/schema\/logo\/image\/"}}]}},"featured_image_src":null,"featured_image_src_square":null,"uagb_featured_image_src":{"full":false,"thumbnail":false,"medium":false,"medium_large":false,"large":false,"1536x1536":false,"2048x2048":false,"trp-custom-language-flag":false,"gb-block-post-grid-landscape":false,"gb-block-post-grid-square":false,"woocommerce_thumbnail":false,"woocommerce_single":false,"woocommerce_gallery_thumbnail":false},"uagb_author_info":{"display_name":"Gernot Jochum-M\u00fcller","author_link":"https:\/\/www.zeitpolster.com\/learn-to-care\/es\/author\/zeitpolster_gernot\/"},"uagb_comment_info":0,"uagb_excerpt":"Die Projektpartner \u2013 Gemeinsam f\u00fcr starke Freiwilligenarbeit Das Projekt \u201eLearn to Care\u201c wurde von einem engagierten Konsortium umgesetzt, das Fachwissen aus unterschiedlichen Bereichen vereint. Vier Partner aus \u00d6sterreich, Deutschland, Italien und Spanien haben ihre Erfahrungen, Kompetenzen und Visionen eingebracht, um gemeinsam eine innovative E-Learning-Plattform f\u00fcr freiwillige Helfer zu entwickeln. Das Projekt wurde von Zeitpolster initiiert&hellip;","_links":{"self":[{"href":"https:\/\/www.zeitpolster.com\/learn-to-care\/es\/wp-json\/wp\/v2\/pages\/110509","targetHints":{"allow":["GET"]}}],"collection":[{"href":"https:\/\/www.zeitpolster.com\/learn-to-care\/es\/wp-json\/wp\/v2\/pages"}],"about":[{"href":"https:\/\/www.zeitpolster.com\/learn-to-care\/es\/wp-json\/wp\/v2\/types\/page"}],"author":[{"embeddable":true,"href":"https:\/\/www.zeitpolster.com\/learn-to-care\/es\/wp-json\/wp\/v2\/users\/2"}],"replies":[{"embeddable":true,"href":"https:\/\/www.zeitpolster.com\/learn-to-care\/es\/wp-json\/wp\/v2\/comments?post=110509"}],"version-history":[{"count":2,"href":"https:\/\/www.zeitpolster.com\/learn-to-care\/es\/wp-json\/wp\/v2\/pages\/110509\/revisions"}],"predecessor-version":[{"id":110512,"href":"https:\/\/www.zeitpolster.com\/learn-to-care\/es\/wp-json\/wp\/v2\/pages\/110509\/revisions\/110512"}],"wp:attachment":[{"href":"https:\/\/www.zeitpolster.com\/learn-to-care\/es\/wp-json\/wp\/v2\/media?parent=110509"}],"curies":[{"name":"wp","href":"https:\/\/api.w.org\/{rel}","templated":true}]}}