{"id":5691,"date":"2019-10-25T00:12:21","date_gmt":"2019-10-24T22:12:21","guid":{"rendered":"https:\/\/www.zeitpolster.com\/it\/imprint\/"},"modified":"2022-09-06T11:51:52","modified_gmt":"2022-09-06T09:51:52","slug":"impronta","status":"publish","type":"page","link":"https:\/\/www.zeitpolster.com\/it\/impronta\/","title":{"rendered":"Impronta"},"content":{"rendered":"\n<section class=\"wp-block-uagb-section uagb-section__wrap uagb-section__background-image uagb-block-d99a78c4\"><div class=\"uagb-section__overlay\"><\/div><div class=\"uagb-section__inner-wrap\">\n<div class=\"wp-block-uagb-advanced-heading uagb-block-7918e768\"><h1 class=\"uagb-heading-text\">Impronta e protezione dei dati<\/h1><\/div>\n<\/div><\/section>\n\n\n\n<section class=\"wp-block-uagb-columns uagb-columns__wrap uagb-columns__background-none uagb-columns__stack-mobile uagb-columns__valign- uagb-columns__gap-10 alignfull uagb-block-be3fde25 uagb-columns__columns-3 uagb-columns__max_width-custom\"><div class=\"uagb-columns__overlay\"><\/div><div class=\"uagb-columns__inner-wrap uagb-columns__columns-3\">\n<div class=\"wp-block-uagb-column uagb-column__wrap uagb-column__background-undefined uagb-block-bcd2e379\"><div class=\"uagb-column__overlay\"><\/div>\n<p><\/p>\n<\/div>\n\n\n\n<div class=\"wp-block-uagb-column uagb-column__wrap uagb-column__background-undefined uagb-block-a42c78fd\"><div class=\"uagb-column__overlay\"><\/div>\n<div style=\"height:20px\" aria-hidden=\"true\" class=\"wp-block-spacer\"><\/div>\n\n\n\n<div class=\"wp-block-uagb-advanced-heading uagb-block-7950990f\"><h2 class=\"uagb-heading-text\">Responsabile del contenuto<\/h2><\/div>\n\n\n\n<div style=\"height:50px\" aria-hidden=\"true\" class=\"wp-block-spacer\"><\/div>\n\n\n\n<p class=\"has-text-color\" style=\"color:#4e8517;font-size:22px\">Zeitpolster GmbH <\/p>\n\n\n\n<p style=\"font-size:22px\">Lindengasse 56\/2\/1,&nbsp;1070 Vienna, Austria<br><strong><a href=\"mailto:info@zeitpolster.com?subject=Mail%20von%20Website\">info@zeitpolster.com<\/a> <br><\/strong><a href=\"https:\/\/www.zeitpolster.com\/it\"><strong>www.zeitpolster.com\/it<\/strong><\/a><br> T +43 664 8872 0770<\/p>\n\n\n\n<p style=\"font-size:22px\"><\/p>\n<\/div>\n\n\n\n<div class=\"wp-block-uagb-column uagb-column__wrap uagb-column__background-image uagb-block-46b02c06\"><div class=\"uagb-column__overlay\"><\/div>\n<div style=\"height:500px\" aria-hidden=\"true\" class=\"wp-block-spacer\"><\/div>\n<\/div>\n<\/div><\/section>\n\n\n\n<section class=\"wp-block-uagb-columns uagb-columns__wrap uagb-columns__background-color uagb-columns__stack-mobile uagb-columns__valign- uagb-columns__gap-10 alignfull uagb-block-1c16c0fb uagb-columns__columns-1 uagb-columns__max_width-theme\"><div class=\"uagb-columns__overlay\"><\/div><div class=\"uagb-columns__inner-wrap uagb-columns__columns-1\">\n<div class=\"wp-block-uagb-column uagb-column__wrap uagb-column__background-undefined uagb-block-7dc3ba7a\"><div class=\"uagb-column__overlay\"><\/div>\n<p style=\"font-size:22px\">Die Erstellung und Pflege dieser Homepage erfolgt mit gr\u00f6\u00dftm\u00f6glicher Sorgfalt. Gleichwohl \u00fcbernehmen wir keinerlei Haftung, aus welchem Rechtsgrund auch immer, f\u00fcr die Richtigkeit, Aktualit\u00e4t und Vollst\u00e4ndigkeit der \u00fcbermittelten Informationen. In keinem Fall kann die Firma sowie ihre Unternehmenspartner f\u00fcr die Inhalte der Homepage f\u00fcr etwaige Sch\u00e4den irgendwelcher Art verantwortlich gemacht werden, die durch Benutzung oder im Zusammenhang mit der Benutzung der hier bereitgestellten Informationen entstehen, seien es direkte oder indirekte Sch\u00e4den, Folgesch\u00e4den oder Sondersch\u00e4den einschlie\u00dflich entgangenen Gewinns oder Sch\u00e4den, die aus dem Verlust von Daten entstehen. Wir behalten uns das Recht vor, die auf dieser Website angebotenen Informationen, Produkte oder Dienstleistungen ohne gesonderte Ank\u00fcndigung jederzeit zu ver\u00e4ndern oder zu aktualisieren. Die Informationen auf dieser Website sind allgemeiner Art und dienen lediglich dazu, dem interessierten Internetnutzer unsere Produkte und Dienstleistungen vorzustellen. F\u00fcr Entscheidungen, die der Verwender auf Grund der genannten Informationen trifft, \u00fcbernehmen wir keine Verantwortung.<\/p>\n\n\n\n<p style=\"font-size:22px\">Wir weisen darauf hin, dass der vorliegende Inhalt weder eine individuelle rechtliche, betriebswirtschaftliche noch eine sonstige fachliche Auskunft oder Empfehlung darstellt und nicht geeignet ist, eine individuelle Beratung durch fachkundige Personen unter Ber\u00fccksichtigung der konkreten Umst\u00e4nde des Einzelfalles zu ersetzen. Diese Website enth\u00e4lt Verweise auf Websites, die von Dritten eingerichtet wurden. Wir haben keinerlei Kontrolle \u00fcber die Websites und die dort angebotenen Informationen, Waren oder Dienstleistungen und \u00fcbernehmen daher keinerlei Verantwortung, aus welchem Rechtsgrund auch immer, f\u00fcr den Inhalt der Websites Dritter. F\u00fcr gegebenenfalls bestehende oder k\u00fcnftig entstehende Rechtsverh\u00e4ltnisse ist ausschlie\u00dflich \u00f6sterreichisches Recht anwendbar und sind nur \u00f6sterreichische Gerichte zust\u00e4ndig. Die Homepage von Zeitpolster, einschlie\u00dflich aller ihrer Teile wie Texte und Bilder, ist urheberrechtlich gesch\u00fctzt. Jede Verwendung au\u00dferhalb der Grenzen des Urheberrechtsgesetzes ist nur mit schriftlicher Zustimmung zul\u00e4ssig. Eine entgeltliche Weitergabe der Inhalte an Dritte ist nicht gestattet.<\/p>\n\n\n\n<p style=\"font-size:22px\">Diese Website benutzt Google Analytics, einen Webanalysedienst der Google Inc. (\u201eGoogle\u201c). Google Analytics verwendet sog. \u201eCookies\u201c, Textdateien, die auf Ihrem Computer gespeichert werden und die eine Analyse der Benutzung der Website durch Sie erm\u00f6glichen. Die durch den Cookie erzeugten Informationen \u00fcber Ihre Benutzung dieser Website werden in der Regel an einen Server von Google in den USA \u00fcbertragen und dort gespeichert. Im Falle der Aktivierung der IP-Anonymisierung auf dieser Webseite, wird Ihre IP-Adresse von Google jedoch innerhalb von Mitgliedstaaten der Europ\u00e4ischen Union oder in anderen Vertragsstaaten des Abkommens \u00fcber den Europ\u00e4ischen Wirtschaftsraum zuvor gek\u00fcrzt. Nur in Ausnahmef\u00e4llen wird die volle IP-Adresse an einen Server von Google in den USA \u00fcbertragen und dort gek\u00fcrzt. Im Auftrag des Betreibers dieser Website wird Google diese Informationen benutzen, um Ihre Nutzung der Website auszuwerten, um Reports \u00fcber die Websiteaktivit\u00e4ten zusammenzustellen und um weitere mit der Websitenutzung und der Internetnutzung verbundene Dienstleistungen gegen\u00fcber dem Websitebetreiber zu erbringen. Die im Rahmen von Google Analytics von Ihrem Browser \u00fcbermittelte IP-Adresse wird nicht mit anderen Daten von Google zusammengef\u00fchrt. Sie k\u00f6nnen die Speicherung der Cookies durch eine entsprechende Einstellung Ihrer Browser-Software verhindern; wir weisen Sie jedoch darauf hin, dass Sie in diesem Fall gegebenenfalls nicht s\u00e4mtliche Funktionen dieser Website vollumf\u00e4nglich werden nutzen k\u00f6nnen. Sie k\u00f6nnen dar\u00fcber hinaus die Erfassung der durch das Cookie erzeugten und auf Ihre Nutzung der Website bezogenen Daten (inkl. Ihrer IP-Adresse) an Google sowie die Verarbeitung dieser Daten durch Google verhindern, indem sie das unter dem folgenden Link verf\u00fcgbare Browser-Plugin herunterladen und installieren:&nbsp;<a rel=\"noreferrer noopener\" href=\"http:\/\/tools.google.com\/dlpage\/gaoptout\" target=\"_blank\"><strong>http:\/\/tools.google.com\/dlpage\/gaoptout<\/strong><\/a><\/p>\n\n\n\n<p style=\"font-size:22px\">N\u00e4here Informationen zu Nutzungsbedingungen und Datenschutz finden Sie unter den Google Analytics Bedingungen bzw. unter der Google Analytics \u00dcbersicht. Wir weisen Sie darauf hin, dass auf dieser Webseite Google Analytics um den Code &#8220;gat._anonymizeIp();&#8221; erweitert wurde, um eine anonymisierte Erfassung von IP-Adressen (sog. IP-Masking) zu gew\u00e4hrleisten. <\/p>\n<\/div>\n<\/div><\/section>\n\n\n\n<section class=\"wp-block-uagb-section uagb-section__wrap uagb-section__background-none uagb-block-1b52992c\"><div class=\"uagb-section__overlay\"><\/div><div class=\"uagb-section__inner-wrap\">\n<div class=\"wp-block-uagb-icon-list uagb-block-81d59b7a uagb-icon-list__outer-wrap uagb-icon-list__layout-horizontal uagb-icon-list__no-label\"><div class=\"uagb-icon-list__wrap\">\n<div class=\"wp-block-uagb-icon-list-child uagb-block-5b534da0 uagb-icon-list-repeater uagb-icon-list__wrapper\"><span class=\"uagb-icon-list__source-wrap\"><svg xmlns=\"https:\/\/www.w3.org\/2000\/svg\" viewBox=\"0 0 512 512\"><path d=\"M511.2 387l-23.25 100.8c-3.266 14.25-15.79 24.22-30.46 24.22C205.2 512 0 306.8 0 54.5c0-14.66 9.969-27.2 24.22-30.45l100.8-23.25C139.7-2.602 154.7 5.018 160.8 18.92l46.52 108.5c5.438 12.78 1.77 27.67-8.98 36.45L144.5 207.1c33.98 69.22 90.26 125.5 159.5 159.5l44.08-53.8c8.688-10.78 23.69-14.51 36.47-8.975l108.5 46.51C506.1 357.2 514.6 372.4 511.2 387z\"><\/path><\/svg><\/span><\/div>\n<\/div><\/div>\n\n\n\n<div style=\"height:50px\" aria-hidden=\"true\" class=\"wp-block-spacer\"><\/div>\n\n\n\n<div class=\"wp-block-uagb-advanced-heading uagb-block-9e76a1ce\"><h2 class=\"uagb-heading-text\">Ufficio<\/h2><\/div>\n\n\n\n<div style=\"text-align:center;\"><a href=\"tel:+43 664 8872 0770\"><h1>0043 664 8872 0770<\/h1><\/a><\/div>\n<\/div><\/section>\n\n\n\n<section class=\"wp-block-uagb-columns uagb-columns__wrap uagb-columns__background-none uagb-columns__stack-mobile uagb-columns__valign- uagb-columns__gap-10 align uagb-block-190f0ea6 uagb-columns__columns-3 uagb-columns__max_width-theme\"><div class=\"uagb-columns__overlay\"><\/div><div class=\"uagb-columns__inner-wrap uagb-columns__columns-3\">\n<div class=\"wp-block-uagb-column uagb-column__wrap uagb-column__background-undefined uagb-block-e409be6c\"><div class=\"uagb-column__overlay\"><\/div>\n<p><\/p>\n<\/div>\n\n\n\n<div class=\"wp-block-uagb-column uagb-column__wrap uagb-column__background-undefined uagb-block-04f87bb7\"><div class=\"uagb-column__overlay\"><\/div>\n<figure class=\"wp-block-image aligncenter size-full is-resized\"><img loading=\"lazy\" decoding=\"async\" src=\"https:\/\/www.zeitpolster.com\/en\/wp-content\/uploads\/sites\/18\/2022\/09\/Time-Cushion.png\" alt=\"\" class=\"wp-image-5766\" width=\"500\" height=\"202\"\/><\/figure>\n\n\n\n<p class=\"has-text-align-center\" style=\"font-size:22px\">Il pilastro temporale della previdenza personale<\/p>\n\n\n\n<div style=\"height:20px\" aria-hidden=\"true\" class=\"wp-block-spacer\"><\/div>\n\n\n\n<div class=\"wp-block-uagb-icon-list uagb-block-927b1530 uagb-icon-list__outer-wrap uagb-icon-list__layout-horizontal uagb-icon-list__no-label\" id=\"uagb-icon-list-617d5d3d-aad2-42e2-9471-15fac7bd97e1\"><div class=\"uagb-icon-list__wrap\">\n<div class=\"wp-block-uagb-icon-list-child uagb-block-1de5b8a3 uagb-icon-list-repeater uagb-icon-list__wrapper\"><a target=\"_self\" aria-label=\"Label #1\" rel=\"noopener noreferrer\" href=\"https:\/\/de-de.facebook.com\/zeitpolster\/\"> <\/a><span class=\"uagb-icon-list__source-wrap\"><svg xmlns=\"https:\/\/www.w3.org\/2000\/svg\" viewBox=\"0 0 320 512\"><path d=\"M279.1 288l14.22-92.66h-88.91v-60.13c0-25.35 12.42-50.06 52.24-50.06h40.42V6.26S260.4 0 225.4 0c-73.22 0-121.1 44.38-121.1 124.7v70.62H22.89V288h81.39v224h100.2V288z\"><\/path><\/svg><\/span><\/div>\n\n\n\n<div class=\"wp-block-uagb-icon-list-child uagb-block-9c5b6507 uagb-icon-list-repeater uagb-icon-list__wrapper\"><a target=\"_self\" aria-label=\"Label #2\" rel=\"noopener noreferrer\" href=\"mailto:info@zeitpolster.com\"> <\/a><span class=\"uagb-icon-list__source-wrap\"><svg xmlns=\"https:\/\/www.w3.org\/2000\/svg\" viewBox=\"0 0 512 512\"><path d=\"M464 64C490.5 64 512 85.49 512 112C512 127.1 504.9 141.3 492.8 150.4L275.2 313.6C263.8 322.1 248.2 322.1 236.8 313.6L19.2 150.4C7.113 141.3 0 127.1 0 112C0 85.49 21.49 64 48 64H464zM217.6 339.2C240.4 356.3 271.6 356.3 294.4 339.2L512 176V384C512 419.3 483.3 448 448 448H64C28.65 448 0 419.3 0 384V176L217.6 339.2z\"><\/path><\/svg><\/span><\/div>\n<\/div><\/div>\n<\/div>\n\n\n\n<div class=\"wp-block-uagb-column uagb-column__wrap uagb-column__background-undefined uagb-block-5aab32b4\"><div class=\"uagb-column__overlay\"><\/div>\n<p><\/p>\n<\/div>\n<\/div><\/section>\n","protected":false},"excerpt":{"rendered":"<p>Responsabile del contenuto Zeitpolster GmbH Lindengasse 56\/2\/1,&nbsp;1070 Vienna, Austriainfo@zeitpolster.com www.zeitpolster.com\/it T +43 664 8872 0770 Die Erstellung und Pflege dieser Homepage erfolgt mit gr\u00f6\u00dftm\u00f6glicher Sorgfalt. Gleichwohl \u00fcbernehmen wir keinerlei Haftung, aus welchem Rechtsgrund auch immer, f\u00fcr die Richtigkeit, Aktualit\u00e4t und Vollst\u00e4ndigkeit der \u00fcbermittelten Informationen. In keinem Fall kann die Firma sowie ihre Unternehmenspartner f\u00fcr die [&hellip;]<\/p>\n","protected":false},"author":7,"featured_media":0,"parent":0,"menu_order":0,"comment_status":"closed","ping_status":"closed","template":"","meta":{"_bbp_topic_count":0,"_bbp_reply_count":0,"_bbp_total_topic_count":0,"_bbp_total_reply_count":0,"_bbp_voice_count":0,"_bbp_anonymous_reply_count":0,"_bbp_topic_count_hidden":0,"_bbp_reply_count_hidden":0,"_bbp_forum_subforum_count":0,"_uag_custom_page_level_css":"","site-sidebar-layout":"default","site-content-layout":"","ast-site-content-layout":"default","site-content-style":"default","site-sidebar-style":"default","ast-global-header-display":"","ast-banner-title-visibility":"","ast-main-header-display":"","ast-hfb-above-header-display":"","ast-hfb-below-header-display":"","ast-hfb-mobile-header-display":"","site-post-title":"","ast-breadcrumbs-content":"","ast-featured-img":"","footer-sml-layout":"","ast-disable-related-posts":"","theme-transparent-header-meta":"","adv-header-id-meta":"","stick-header-meta":"","header-above-stick-meta":"","header-main-stick-meta":"","header-below-stick-meta":"","astra-migrate-meta-layouts":"default","ast-page-background-enabled":"default","ast-page-background-meta":{"desktop":{"background-color":"","background-image":"","background-repeat":"repeat","background-position":"center center","background-size":"auto","background-attachment":"scroll","background-type":"","background-media":"","overlay-type":"","overlay-color":"","overlay-opacity":"","overlay-gradient":""},"tablet":{"background-color":"","background-image":"","background-repeat":"repeat","background-position":"center center","background-size":"auto","background-attachment":"scroll","background-type":"","background-media":"","overlay-type":"","overlay-color":"","overlay-opacity":"","overlay-gradient":""},"mobile":{"background-color":"","background-image":"","background-repeat":"repeat","background-position":"center center","background-size":"auto","background-attachment":"scroll","background-type":"","background-media":"","overlay-type":"","overlay-color":"","overlay-opacity":"","overlay-gradient":""}},"ast-content-background-meta":{"desktop":{"background-color":"var(--ast-global-color-5)","background-image":"","background-repeat":"repeat","background-position":"center center","background-size":"auto","background-attachment":"scroll","background-type":"","background-media":"","overlay-type":"","overlay-color":"","overlay-opacity":"","overlay-gradient":""},"tablet":{"background-color":"var(--ast-global-color-5)","background-image":"","background-repeat":"repeat","background-position":"center center","background-size":"auto","background-attachment":"scroll","background-type":"","background-media":"","overlay-type":"","overlay-color":"","overlay-opacity":"","overlay-gradient":""},"mobile":{"background-color":"var(--ast-global-color-5)","background-image":"","background-repeat":"repeat","background-position":"center center","background-size":"auto","background-attachment":"scroll","background-type":"","background-media":"","overlay-type":"","overlay-color":"","overlay-opacity":"","overlay-gradient":""}},"footnotes":""},"class_list":["post-5691","page","type-page","status-publish","hentry"],"yoast_head":"<!-- This site is optimized with the Yoast SEO plugin v27.3 - https:\/\/yoast.com\/product\/yoast-seo-wordpress\/ -->\n<title>Impronta - Zeitpolster Italien<\/title>\n<meta name=\"robots\" content=\"index, follow, max-snippet:-1, max-image-preview:large, max-video-preview:-1\" \/>\n<link rel=\"canonical\" href=\"https:\/\/www.zeitpolster.com\/it\/impronta\/\" \/>\n<meta property=\"og:locale\" content=\"it_IT\" \/>\n<meta property=\"og:type\" content=\"article\" \/>\n<meta property=\"og:title\" content=\"Impronta - Zeitpolster Italien\" \/>\n<meta property=\"og:description\" content=\"Responsabile del contenuto Zeitpolster GmbH Lindengasse 56\/2\/1,&nbsp;1070 Vienna, Austriainfo@zeitpolster.com www.zeitpolster.com\/it T +43 664 8872 0770 Die Erstellung und Pflege dieser Homepage erfolgt mit gr\u00f6\u00dftm\u00f6glicher Sorgfalt. Gleichwohl \u00fcbernehmen wir keinerlei Haftung, aus welchem Rechtsgrund auch immer, f\u00fcr die Richtigkeit, Aktualit\u00e4t und Vollst\u00e4ndigkeit der \u00fcbermittelten Informationen. In keinem Fall kann die Firma sowie ihre Unternehmenspartner f\u00fcr die [&hellip;]\" \/>\n<meta property=\"og:url\" content=\"https:\/\/www.zeitpolster.com\/it\/impronta\/\" \/>\n<meta property=\"og:site_name\" content=\"Zeitpolster Italien\" \/>\n<meta property=\"article:modified_time\" content=\"2022-09-06T09:51:52+00:00\" \/>\n<meta property=\"og:image\" content=\"https:\/\/www.zeitpolster.com\/en\/wp-content\/uploads\/sites\/18\/2022\/09\/Time-Cushion.png\" \/>\n<meta name=\"twitter:card\" content=\"summary_large_image\" \/>\n<meta name=\"twitter:label1\" content=\"Tempo di lettura stimato\" \/>\n\t<meta name=\"twitter:data1\" content=\"3 minuti\" \/>\n<script type=\"application\/ld+json\" class=\"yoast-schema-graph\">{\"@context\":\"https:\\\/\\\/schema.org\",\"@graph\":[{\"@type\":\"WebPage\",\"@id\":\"https:\\\/\\\/www.zeitpolster.com\\\/it\\\/impronta\\\/\",\"url\":\"https:\\\/\\\/www.zeitpolster.com\\\/it\\\/impronta\\\/\",\"name\":\"Impronta - Zeitpolster Italien\",\"isPartOf\":{\"@id\":\"https:\\\/\\\/www.zeitpolster.com\\\/it\\\/#website\"},\"primaryImageOfPage\":{\"@id\":\"https:\\\/\\\/www.zeitpolster.com\\\/it\\\/impronta\\\/#primaryimage\"},\"image\":{\"@id\":\"https:\\\/\\\/www.zeitpolster.com\\\/it\\\/impronta\\\/#primaryimage\"},\"thumbnailUrl\":\"https:\\\/\\\/www.zeitpolster.com\\\/en\\\/wp-content\\\/uploads\\\/sites\\\/18\\\/2022\\\/09\\\/Time-Cushion.png\",\"datePublished\":\"2019-10-24T22:12:21+00:00\",\"dateModified\":\"2022-09-06T09:51:52+00:00\",\"breadcrumb\":{\"@id\":\"https:\\\/\\\/www.zeitpolster.com\\\/it\\\/impronta\\\/#breadcrumb\"},\"inLanguage\":\"it-IT\",\"potentialAction\":[{\"@type\":\"ReadAction\",\"target\":[\"https:\\\/\\\/www.zeitpolster.com\\\/it\\\/impronta\\\/\"]}]},{\"@type\":\"ImageObject\",\"inLanguage\":\"it-IT\",\"@id\":\"https:\\\/\\\/www.zeitpolster.com\\\/it\\\/impronta\\\/#primaryimage\",\"url\":\"https:\\\/\\\/www.zeitpolster.com\\\/en\\\/wp-content\\\/uploads\\\/sites\\\/18\\\/2022\\\/09\\\/Time-Cushion.png\",\"contentUrl\":\"https:\\\/\\\/www.zeitpolster.com\\\/en\\\/wp-content\\\/uploads\\\/sites\\\/18\\\/2022\\\/09\\\/Time-Cushion.png\"},{\"@type\":\"BreadcrumbList\",\"@id\":\"https:\\\/\\\/www.zeitpolster.com\\\/it\\\/impronta\\\/#breadcrumb\",\"itemListElement\":[{\"@type\":\"ListItem\",\"position\":1,\"name\":\"Startseite\",\"item\":\"https:\\\/\\\/www.zeitpolster.com\\\/it\\\/\"},{\"@type\":\"ListItem\",\"position\":2,\"name\":\"Impronta\"}]},{\"@type\":\"WebSite\",\"@id\":\"https:\\\/\\\/www.zeitpolster.com\\\/it\\\/#website\",\"url\":\"https:\\\/\\\/www.zeitpolster.com\\\/it\\\/\",\"name\":\"Zeitpolster Italia\",\"description\":\"Verein f\u00fcr Zeitvorsorge\",\"publisher\":{\"@id\":\"https:\\\/\\\/www.zeitpolster.com\\\/it\\\/#organization\"},\"potentialAction\":[{\"@type\":\"SearchAction\",\"target\":{\"@type\":\"EntryPoint\",\"urlTemplate\":\"https:\\\/\\\/www.zeitpolster.com\\\/it\\\/?s={search_term_string}\"},\"query-input\":{\"@type\":\"PropertyValueSpecification\",\"valueRequired\":true,\"valueName\":\"search_term_string\"}}],\"inLanguage\":\"it-IT\"},{\"@type\":\"Organization\",\"@id\":\"https:\\\/\\\/www.zeitpolster.com\\\/it\\\/#organization\",\"name\":\"Zeitpolster Italia\",\"url\":\"https:\\\/\\\/www.zeitpolster.com\\\/it\\\/\",\"logo\":{\"@type\":\"ImageObject\",\"inLanguage\":\"it-IT\",\"@id\":\"https:\\\/\\\/www.zeitpolster.com\\\/it\\\/#\\\/schema\\\/logo\\\/image\\\/\",\"url\":\"https:\\\/\\\/www.zeitpolster.com\\\/it\\\/wp-content\\\/uploads\\\/sites\\\/19\\\/2019\\\/10\\\/logo_green-2.png\",\"contentUrl\":\"https:\\\/\\\/www.zeitpolster.com\\\/it\\\/wp-content\\\/uploads\\\/sites\\\/19\\\/2019\\\/10\\\/logo_green-2.png\",\"width\":361,\"height\":192,\"caption\":\"Zeitpolster Italia\"},\"image\":{\"@id\":\"https:\\\/\\\/www.zeitpolster.com\\\/it\\\/#\\\/schema\\\/logo\\\/image\\\/\"}}]}<\/script>\n<!-- \/ Yoast SEO plugin. -->","yoast_head_json":{"title":"Impronta - Zeitpolster Italien","robots":{"index":"index","follow":"follow","max-snippet":"max-snippet:-1","max-image-preview":"max-image-preview:large","max-video-preview":"max-video-preview:-1"},"canonical":"https:\/\/www.zeitpolster.com\/it\/impronta\/","og_locale":"it_IT","og_type":"article","og_title":"Impronta - Zeitpolster Italien","og_description":"Responsabile del contenuto Zeitpolster GmbH Lindengasse 56\/2\/1,&nbsp;1070 Vienna, Austriainfo@zeitpolster.com www.zeitpolster.com\/it T +43 664 8872 0770 Die Erstellung und Pflege dieser Homepage erfolgt mit gr\u00f6\u00dftm\u00f6glicher Sorgfalt. Gleichwohl \u00fcbernehmen wir keinerlei Haftung, aus welchem Rechtsgrund auch immer, f\u00fcr die Richtigkeit, Aktualit\u00e4t und Vollst\u00e4ndigkeit der \u00fcbermittelten Informationen. In keinem Fall kann die Firma sowie ihre Unternehmenspartner f\u00fcr die [&hellip;]","og_url":"https:\/\/www.zeitpolster.com\/it\/impronta\/","og_site_name":"Zeitpolster Italien","article_modified_time":"2022-09-06T09:51:52+00:00","og_image":[{"url":"https:\/\/www.zeitpolster.com\/en\/wp-content\/uploads\/sites\/18\/2022\/09\/Time-Cushion.png","type":"","width":"","height":""}],"twitter_card":"summary_large_image","twitter_misc":{"Tempo di lettura stimato":"3 minuti"},"schema":{"@context":"https:\/\/schema.org","@graph":[{"@type":"WebPage","@id":"https:\/\/www.zeitpolster.com\/it\/impronta\/","url":"https:\/\/www.zeitpolster.com\/it\/impronta\/","name":"Impronta - Zeitpolster Italien","isPartOf":{"@id":"https:\/\/www.zeitpolster.com\/it\/#website"},"primaryImageOfPage":{"@id":"https:\/\/www.zeitpolster.com\/it\/impronta\/#primaryimage"},"image":{"@id":"https:\/\/www.zeitpolster.com\/it\/impronta\/#primaryimage"},"thumbnailUrl":"https:\/\/www.zeitpolster.com\/en\/wp-content\/uploads\/sites\/18\/2022\/09\/Time-Cushion.png","datePublished":"2019-10-24T22:12:21+00:00","dateModified":"2022-09-06T09:51:52+00:00","breadcrumb":{"@id":"https:\/\/www.zeitpolster.com\/it\/impronta\/#breadcrumb"},"inLanguage":"it-IT","potentialAction":[{"@type":"ReadAction","target":["https:\/\/www.zeitpolster.com\/it\/impronta\/"]}]},{"@type":"ImageObject","inLanguage":"it-IT","@id":"https:\/\/www.zeitpolster.com\/it\/impronta\/#primaryimage","url":"https:\/\/www.zeitpolster.com\/en\/wp-content\/uploads\/sites\/18\/2022\/09\/Time-Cushion.png","contentUrl":"https:\/\/www.zeitpolster.com\/en\/wp-content\/uploads\/sites\/18\/2022\/09\/Time-Cushion.png"},{"@type":"BreadcrumbList","@id":"https:\/\/www.zeitpolster.com\/it\/impronta\/#breadcrumb","itemListElement":[{"@type":"ListItem","position":1,"name":"Startseite","item":"https:\/\/www.zeitpolster.com\/it\/"},{"@type":"ListItem","position":2,"name":"Impronta"}]},{"@type":"WebSite","@id":"https:\/\/www.zeitpolster.com\/it\/#website","url":"https:\/\/www.zeitpolster.com\/it\/","name":"Zeitpolster Italia","description":"Verein f\u00fcr Zeitvorsorge","publisher":{"@id":"https:\/\/www.zeitpolster.com\/it\/#organization"},"potentialAction":[{"@type":"SearchAction","target":{"@type":"EntryPoint","urlTemplate":"https:\/\/www.zeitpolster.com\/it\/?s={search_term_string}"},"query-input":{"@type":"PropertyValueSpecification","valueRequired":true,"valueName":"search_term_string"}}],"inLanguage":"it-IT"},{"@type":"Organization","@id":"https:\/\/www.zeitpolster.com\/it\/#organization","name":"Zeitpolster Italia","url":"https:\/\/www.zeitpolster.com\/it\/","logo":{"@type":"ImageObject","inLanguage":"it-IT","@id":"https:\/\/www.zeitpolster.com\/it\/#\/schema\/logo\/image\/","url":"https:\/\/www.zeitpolster.com\/it\/wp-content\/uploads\/sites\/19\/2019\/10\/logo_green-2.png","contentUrl":"https:\/\/www.zeitpolster.com\/it\/wp-content\/uploads\/sites\/19\/2019\/10\/logo_green-2.png","width":361,"height":192,"caption":"Zeitpolster Italia"},"image":{"@id":"https:\/\/www.zeitpolster.com\/it\/#\/schema\/logo\/image\/"}}]}},"featured_image_src":null,"featured_image_src_square":null,"uagb_featured_image_src":{"full":false,"thumbnail":false,"medium":false,"medium_large":false,"large":false,"1536x1536":false,"2048x2048":false,"gb-block-post-grid-landscape":false,"gb-block-post-grid-square":false,"woocommerce_thumbnail":false,"woocommerce_single":false,"woocommerce_gallery_thumbnail":false},"uagb_author_info":{"display_name":"evadmin","author_link":"https:\/\/www.zeitpolster.com\/it\/author\/evadmin\/"},"uagb_comment_info":0,"uagb_excerpt":"Responsabile del contenuto Zeitpolster GmbH Lindengasse 56\/2\/1,&nbsp;1070 Vienna, Austriainfo@zeitpolster.com www.zeitpolster.com\/it T +43 664 8872 0770 Die Erstellung und Pflege dieser Homepage erfolgt mit gr\u00f6\u00dftm\u00f6glicher Sorgfalt. Gleichwohl \u00fcbernehmen wir keinerlei Haftung, aus welchem Rechtsgrund auch immer, f\u00fcr die Richtigkeit, Aktualit\u00e4t und Vollst\u00e4ndigkeit der \u00fcbermittelten Informationen. In keinem Fall kann die Firma sowie ihre Unternehmenspartner f\u00fcr die&hellip;","_links":{"self":[{"href":"https:\/\/www.zeitpolster.com\/it\/wp-json\/wp\/v2\/pages\/5691","targetHints":{"allow":["GET"]}}],"collection":[{"href":"https:\/\/www.zeitpolster.com\/it\/wp-json\/wp\/v2\/pages"}],"about":[{"href":"https:\/\/www.zeitpolster.com\/it\/wp-json\/wp\/v2\/types\/page"}],"author":[{"embeddable":true,"href":"https:\/\/www.zeitpolster.com\/it\/wp-json\/wp\/v2\/users\/7"}],"replies":[{"embeddable":true,"href":"https:\/\/www.zeitpolster.com\/it\/wp-json\/wp\/v2\/comments?post=5691"}],"version-history":[{"count":3,"href":"https:\/\/www.zeitpolster.com\/it\/wp-json\/wp\/v2\/pages\/5691\/revisions"}],"predecessor-version":[{"id":5729,"href":"https:\/\/www.zeitpolster.com\/it\/wp-json\/wp\/v2\/pages\/5691\/revisions\/5729"}],"wp:attachment":[{"href":"https:\/\/www.zeitpolster.com\/it\/wp-json\/wp\/v2\/media?parent=5691"}],"curies":[{"name":"wp","href":"https:\/\/api.w.org\/{rel}","templated":true}]}}