{"id":3067,"date":"2020-05-20T21:44:50","date_gmt":"2020-05-20T19:44:50","guid":{"rendered":"https:\/\/www.zeitpolster.com\/en\/?post_type=product&#038;p=3067"},"modified":"2020-05-28T10:46:30","modified_gmt":"2020-05-28T08:46:30","slug":"impulsbox-1","status":"publish","type":"product","link":"https:\/\/www.zeitpolster.com\/en\/shop\/impulsbox-1\/","title":{"rendered":"Impulsbox 1 Zeitpolster?! Spannende Idee, aber wozu und weshalb?"},"content":{"rendered":"<p><strong>Impulsbox 1<\/strong><br \/>\n<strong>Zeitpolster?!<\/strong> Spannende Idee, aber wozu und weshalb? Wie gro\u00df ist das Betreuungsproblem f\u00fcr uns hier wirklich?<\/p>\n<p>Die Zeitpolster Impulsboxen sind eine wunderbare M\u00f6glichkeit, Familie, Nachbarn, Freunde und Interessierte zu guten Gespr\u00e4chen einzuladen. Solche gute Gespr\u00e4che finden zu selten statt.<br \/>\nLaden Sie mit einer Impulsbox ein, um gemeinsam Erfahrungen und Einsichten auszutauschen, \u00fcber \u00c4ngste und Unsicherheiten zu sprechen, neue Ideen und Anregungen zu erhalten oder einfach um einen guten Grund zu haben, andere zu sich einzuladen.<\/p>\n<p><em>Inhalt der Impulsbox:<\/em><br \/>\n10 Einladungskarten, um Freunde und Nachbarn einzuladen<br \/>\n1 Anleitung und Gespr\u00e4chsregeln, damit das Treffen gut gelingt<br \/>\n12 Themenbilder<br \/>\n18 Themenkarten mit Wissen, Impulsen und anregenden Fragen<br \/>\n1 Feebackbogen<\/p>\n","protected":false},"excerpt":{"rendered":"<p>Impulsbox 1 Zeitpolster?!<\/p>\n","protected":false},"featured_media":3092,"template":"","meta":{"_bbp_topic_count":0,"_bbp_reply_count":0,"_bbp_total_topic_count":0,"_bbp_total_reply_count":0,"_bbp_voice_count":0,"_bbp_anonymous_reply_count":0,"_bbp_topic_count_hidden":0,"_bbp_reply_count_hidden":0,"_bbp_forum_subforum_count":0,"_uag_custom_page_level_css":"","site-sidebar-layout":"default","site-content-layout":"default","ast-site-content-layout":"default","site-content-style":"default","site-sidebar-style":"default","ast-global-header-display":"","ast-banner-title-visibility":"","ast-main-header-display":"","ast-hfb-above-header-display":"","ast-hfb-below-header-display":"","ast-hfb-mobile-header-display":"","site-post-title":"","ast-breadcrumbs-content":"","ast-featured-img":"","footer-sml-layout":"","ast-disable-related-posts":"","theme-transparent-header-meta":"default","adv-header-id-meta":"","stick-header-meta":"","header-above-stick-meta":"","header-main-stick-meta":"","header-below-stick-meta":"","astra-migrate-meta-layouts":"default","ast-page-background-enabled":"default","ast-page-background-meta":{"desktop":{"background-color":"","background-image":"","background-repeat":"repeat","background-position":"center center","background-size":"auto","background-attachment":"scroll","background-type":"","background-media":"","overlay-type":"","overlay-color":"","overlay-opacity":"","overlay-gradient":""},"tablet":{"background-color":"","background-image":"","background-repeat":"repeat","background-position":"center center","background-size":"auto","background-attachment":"scroll","background-type":"","background-media":"","overlay-type":"","overlay-color":"","overlay-opacity":"","overlay-gradient":""},"mobile":{"background-color":"","background-image":"","background-repeat":"repeat","background-position":"center center","background-size":"auto","background-attachment":"scroll","background-type":"","background-media":"","overlay-type":"","overlay-color":"","overlay-opacity":"","overlay-gradient":""}},"ast-content-background-meta":{"desktop":{"background-color":"var(--ast-global-color-5)","background-image":"","background-repeat":"repeat","background-position":"center center","background-size":"auto","background-attachment":"scroll","background-type":"","background-media":"","overlay-type":"","overlay-color":"","overlay-opacity":"","overlay-gradient":""},"tablet":{"background-color":"var(--ast-global-color-5)","background-image":"","background-repeat":"repeat","background-position":"center center","background-size":"auto","background-attachment":"scroll","background-type":"","background-media":"","overlay-type":"","overlay-color":"","overlay-opacity":"","overlay-gradient":""},"mobile":{"background-color":"var(--ast-global-color-5)","background-image":"","background-repeat":"repeat","background-position":"center center","background-size":"auto","background-attachment":"scroll","background-type":"","background-media":"","overlay-type":"","overlay-color":"","overlay-opacity":"","overlay-gradient":""}}},"product_brand":[],"product_cat":[52],"product_tag":[],"class_list":{"0":"post-3067","1":"product","2":"type-product","3":"status-publish","4":"has-post-thumbnail","6":"product_cat-impulsboxen","7":"desktop-align-left","8":"tablet-align-left","9":"mobile-align-left","11":"first","12":"instock","13":"shipping-taxable","14":"purchasable","15":"product-type-simple"},"yoast_head":"<!-- This site is optimized with the Yoast SEO plugin v27.5 - https:\/\/yoast.com\/product\/yoast-seo-wordpress\/ -->\n<title>Impulsbox 1 Zeitpolster?! Spannende Idee, aber wozu und weshalb? - Zeitpolster Englisch<\/title>\n<meta name=\"robots\" content=\"index, follow, max-snippet:-1, max-image-preview:large, max-video-preview:-1\" \/>\n<link rel=\"canonical\" href=\"https:\/\/www.zeitpolster.com\/en\/shop\/impulsbox-1\/\" \/>\n<meta property=\"og:locale\" content=\"en_GB\" \/>\n<meta property=\"og:type\" content=\"article\" \/>\n<meta property=\"og:title\" content=\"Impulsbox 1 Zeitpolster?! Spannende Idee, aber wozu und weshalb? - Zeitpolster Englisch\" \/>\n<meta property=\"og:description\" content=\"Impulsbox 1 Zeitpolster?!\" \/>\n<meta property=\"og:url\" content=\"https:\/\/www.zeitpolster.com\/en\/shop\/impulsbox-1\/\" \/>\n<meta property=\"og:site_name\" content=\"Zeitpolster Englisch\" \/>\n<meta property=\"article:modified_time\" content=\"2020-05-28T08:46:30+00:00\" \/>\n<meta property=\"og:image\" content=\"https:\/\/www.zeitpolster.com\/en\/wp-content\/uploads\/sites\/18\/2020\/05\/Deckblatt-Box-1-1-scaled.jpg\" \/>\n\t<meta property=\"og:image:width\" content=\"2560\" \/>\n\t<meta property=\"og:image:height\" content=\"1804\" \/>\n\t<meta property=\"og:image:type\" content=\"image\/jpeg\" \/>\n<meta name=\"twitter:card\" content=\"summary_large_image\" \/>\n<meta name=\"twitter:label1\" content=\"Estimated reading time\" \/>\n\t<meta name=\"twitter:data1\" content=\"1 minute\" \/>\n<script type=\"application\/ld+json\" class=\"yoast-schema-graph\">{\"@context\":\"https:\\\/\\\/schema.org\",\"@graph\":[{\"@type\":\"WebPage\",\"@id\":\"https:\\\/\\\/www.zeitpolster.com\\\/en\\\/shop\\\/impulsbox-1\\\/\",\"url\":\"https:\\\/\\\/www.zeitpolster.com\\\/en\\\/shop\\\/impulsbox-1\\\/\",\"name\":\"Impulsbox 1 Zeitpolster?! Spannende Idee, aber wozu und weshalb? - Zeitpolster Englisch\",\"isPartOf\":{\"@id\":\"https:\\\/\\\/www.zeitpolster.com\\\/en\\\/#website\"},\"primaryImageOfPage\":{\"@id\":\"https:\\\/\\\/www.zeitpolster.com\\\/en\\\/shop\\\/impulsbox-1\\\/#primaryimage\"},\"image\":{\"@id\":\"https:\\\/\\\/www.zeitpolster.com\\\/en\\\/shop\\\/impulsbox-1\\\/#primaryimage\"},\"thumbnailUrl\":\"https:\\\/\\\/www.zeitpolster.com\\\/en\\\/wp-content\\\/uploads\\\/sites\\\/18\\\/2020\\\/05\\\/Deckblatt-Box-1-1-scaled.jpg\",\"datePublished\":\"2020-05-20T19:44:50+00:00\",\"dateModified\":\"2020-05-28T08:46:30+00:00\",\"breadcrumb\":{\"@id\":\"https:\\\/\\\/www.zeitpolster.com\\\/en\\\/shop\\\/impulsbox-1\\\/#breadcrumb\"},\"inLanguage\":\"en-GB\",\"potentialAction\":[{\"@type\":\"ReadAction\",\"target\":[\"https:\\\/\\\/www.zeitpolster.com\\\/en\\\/shop\\\/impulsbox-1\\\/\"]}]},{\"@type\":\"ImageObject\",\"inLanguage\":\"en-GB\",\"@id\":\"https:\\\/\\\/www.zeitpolster.com\\\/en\\\/shop\\\/impulsbox-1\\\/#primaryimage\",\"url\":\"https:\\\/\\\/www.zeitpolster.com\\\/en\\\/wp-content\\\/uploads\\\/sites\\\/18\\\/2020\\\/05\\\/Deckblatt-Box-1-1-scaled.jpg\",\"contentUrl\":\"https:\\\/\\\/www.zeitpolster.com\\\/en\\\/wp-content\\\/uploads\\\/sites\\\/18\\\/2020\\\/05\\\/Deckblatt-Box-1-1-scaled.jpg\",\"width\":2560,\"height\":1804},{\"@type\":\"BreadcrumbList\",\"@id\":\"https:\\\/\\\/www.zeitpolster.com\\\/en\\\/shop\\\/impulsbox-1\\\/#breadcrumb\",\"itemListElement\":[{\"@type\":\"ListItem\",\"position\":1,\"name\":\"Startseite\",\"item\":\"https:\\\/\\\/www.zeitpolster.com\\\/en\\\/\"},{\"@type\":\"ListItem\",\"position\":2,\"name\":\"Products\",\"item\":\"https:\\\/\\\/www.zeitpolster.com\\\/en\\\/shop\\\/\"},{\"@type\":\"ListItem\",\"position\":3,\"name\":\"Impulsbox 1 Zeitpolster?! Spannende Idee, aber wozu und weshalb?\"}]},{\"@type\":\"WebSite\",\"@id\":\"https:\\\/\\\/www.zeitpolster.com\\\/en\\\/#website\",\"url\":\"https:\\\/\\\/www.zeitpolster.com\\\/en\\\/\",\"name\":\"Zeitpolster Englisch\",\"description\":\"Verein f\u00fcr Zeitvorsorge\",\"publisher\":{\"@id\":\"https:\\\/\\\/www.zeitpolster.com\\\/en\\\/#organization\"},\"potentialAction\":[{\"@type\":\"SearchAction\",\"target\":{\"@type\":\"EntryPoint\",\"urlTemplate\":\"https:\\\/\\\/www.zeitpolster.com\\\/en\\\/?s={search_term_string}\"},\"query-input\":{\"@type\":\"PropertyValueSpecification\",\"valueRequired\":true,\"valueName\":\"search_term_string\"}}],\"inLanguage\":\"en-GB\"},{\"@type\":\"Organization\",\"@id\":\"https:\\\/\\\/www.zeitpolster.com\\\/en\\\/#organization\",\"name\":\"Zeitpolster Englisch\",\"url\":\"https:\\\/\\\/www.zeitpolster.com\\\/en\\\/\",\"logo\":{\"@type\":\"ImageObject\",\"inLanguage\":\"en-GB\",\"@id\":\"https:\\\/\\\/www.zeitpolster.com\\\/en\\\/#\\\/schema\\\/logo\\\/image\\\/\",\"url\":\"https:\\\/\\\/www.zeitpolster.com\\\/en\\\/wp-content\\\/uploads\\\/sites\\\/18\\\/2022\\\/09\\\/Time-Cushion.png\",\"contentUrl\":\"https:\\\/\\\/www.zeitpolster.com\\\/en\\\/wp-content\\\/uploads\\\/sites\\\/18\\\/2022\\\/09\\\/Time-Cushion.png\",\"width\":1000,\"height\":403,\"caption\":\"Zeitpolster Englisch\"},\"image\":{\"@id\":\"https:\\\/\\\/www.zeitpolster.com\\\/en\\\/#\\\/schema\\\/logo\\\/image\\\/\"}}]}<\/script>\n<!-- \/ Yoast SEO plugin. -->","yoast_head_json":{"title":"Impulsbox 1 Zeitpolster?! Spannende Idee, aber wozu und weshalb? - Zeitpolster Englisch","robots":{"index":"index","follow":"follow","max-snippet":"max-snippet:-1","max-image-preview":"max-image-preview:large","max-video-preview":"max-video-preview:-1"},"canonical":"https:\/\/www.zeitpolster.com\/en\/shop\/impulsbox-1\/","og_locale":"en_GB","og_type":"article","og_title":"Impulsbox 1 Zeitpolster?! Spannende Idee, aber wozu und weshalb? - Zeitpolster Englisch","og_description":"Impulsbox 1 Zeitpolster?!","og_url":"https:\/\/www.zeitpolster.com\/en\/shop\/impulsbox-1\/","og_site_name":"Zeitpolster Englisch","article_modified_time":"2020-05-28T08:46:30+00:00","og_image":[{"width":2560,"height":1804,"url":"https:\/\/www.zeitpolster.com\/en\/wp-content\/uploads\/sites\/18\/2020\/05\/Deckblatt-Box-1-1-scaled.jpg","type":"image\/jpeg"}],"twitter_card":"summary_large_image","twitter_misc":{"Estimated reading time":"1 minute"},"schema":{"@context":"https:\/\/schema.org","@graph":[{"@type":"WebPage","@id":"https:\/\/www.zeitpolster.com\/en\/shop\/impulsbox-1\/","url":"https:\/\/www.zeitpolster.com\/en\/shop\/impulsbox-1\/","name":"Impulsbox 1 Zeitpolster?! Spannende Idee, aber wozu und weshalb? - Zeitpolster Englisch","isPartOf":{"@id":"https:\/\/www.zeitpolster.com\/en\/#website"},"primaryImageOfPage":{"@id":"https:\/\/www.zeitpolster.com\/en\/shop\/impulsbox-1\/#primaryimage"},"image":{"@id":"https:\/\/www.zeitpolster.com\/en\/shop\/impulsbox-1\/#primaryimage"},"thumbnailUrl":"https:\/\/www.zeitpolster.com\/en\/wp-content\/uploads\/sites\/18\/2020\/05\/Deckblatt-Box-1-1-scaled.jpg","datePublished":"2020-05-20T19:44:50+00:00","dateModified":"2020-05-28T08:46:30+00:00","breadcrumb":{"@id":"https:\/\/www.zeitpolster.com\/en\/shop\/impulsbox-1\/#breadcrumb"},"inLanguage":"en-GB","potentialAction":[{"@type":"ReadAction","target":["https:\/\/www.zeitpolster.com\/en\/shop\/impulsbox-1\/"]}]},{"@type":"ImageObject","inLanguage":"en-GB","@id":"https:\/\/www.zeitpolster.com\/en\/shop\/impulsbox-1\/#primaryimage","url":"https:\/\/www.zeitpolster.com\/en\/wp-content\/uploads\/sites\/18\/2020\/05\/Deckblatt-Box-1-1-scaled.jpg","contentUrl":"https:\/\/www.zeitpolster.com\/en\/wp-content\/uploads\/sites\/18\/2020\/05\/Deckblatt-Box-1-1-scaled.jpg","width":2560,"height":1804},{"@type":"BreadcrumbList","@id":"https:\/\/www.zeitpolster.com\/en\/shop\/impulsbox-1\/#breadcrumb","itemListElement":[{"@type":"ListItem","position":1,"name":"Startseite","item":"https:\/\/www.zeitpolster.com\/en\/"},{"@type":"ListItem","position":2,"name":"Products","item":"https:\/\/www.zeitpolster.com\/en\/shop\/"},{"@type":"ListItem","position":3,"name":"Impulsbox 1 Zeitpolster?! Spannende Idee, aber wozu und weshalb?"}]},{"@type":"WebSite","@id":"https:\/\/www.zeitpolster.com\/en\/#website","url":"https:\/\/www.zeitpolster.com\/en\/","name":"Zeitpolster Englisch","description":"Verein f\u00fcr Zeitvorsorge","publisher":{"@id":"https:\/\/www.zeitpolster.com\/en\/#organization"},"potentialAction":[{"@type":"SearchAction","target":{"@type":"EntryPoint","urlTemplate":"https:\/\/www.zeitpolster.com\/en\/?s={search_term_string}"},"query-input":{"@type":"PropertyValueSpecification","valueRequired":true,"valueName":"search_term_string"}}],"inLanguage":"en-GB"},{"@type":"Organization","@id":"https:\/\/www.zeitpolster.com\/en\/#organization","name":"Zeitpolster Englisch","url":"https:\/\/www.zeitpolster.com\/en\/","logo":{"@type":"ImageObject","inLanguage":"en-GB","@id":"https:\/\/www.zeitpolster.com\/en\/#\/schema\/logo\/image\/","url":"https:\/\/www.zeitpolster.com\/en\/wp-content\/uploads\/sites\/18\/2022\/09\/Time-Cushion.png","contentUrl":"https:\/\/www.zeitpolster.com\/en\/wp-content\/uploads\/sites\/18\/2022\/09\/Time-Cushion.png","width":1000,"height":403,"caption":"Zeitpolster Englisch"},"image":{"@id":"https:\/\/www.zeitpolster.com\/en\/#\/schema\/logo\/image\/"}}]}},"uagb_featured_image_src":{"full":["https:\/\/www.zeitpolster.com\/en\/wp-content\/uploads\/sites\/18\/2020\/05\/Deckblatt-Box-1-1-scaled.jpg",2560,1804,false],"thumbnail":["https:\/\/www.zeitpolster.com\/en\/wp-content\/uploads\/sites\/18\/2020\/05\/Deckblatt-Box-1-1-150x150.jpg",150,150,true],"medium":["https:\/\/www.zeitpolster.com\/en\/wp-content\/uploads\/sites\/18\/2020\/05\/Deckblatt-Box-1-1-300x211.jpg",300,211,true],"medium_large":["https:\/\/www.zeitpolster.com\/en\/wp-content\/uploads\/sites\/18\/2020\/05\/Deckblatt-Box-1-1-768x541.jpg",768,541,true],"large":["https:\/\/www.zeitpolster.com\/en\/wp-content\/uploads\/sites\/18\/2020\/05\/Deckblatt-Box-1-1-1024x722.jpg",1024,722,true],"1536x1536":["https:\/\/www.zeitpolster.com\/en\/wp-content\/uploads\/sites\/18\/2020\/05\/Deckblatt-Box-1-1-1536x1082.jpg",1536,1082,true],"2048x2048":["https:\/\/www.zeitpolster.com\/en\/wp-content\/uploads\/sites\/18\/2020\/05\/Deckblatt-Box-1-1-2048x1443.jpg",2048,1443,true],"gb-block-post-grid-landscape":["https:\/\/www.zeitpolster.com\/en\/wp-content\/uploads\/sites\/18\/2020\/05\/Deckblatt-Box-1-1-scaled.jpg",568,400,false],"gb-block-post-grid-square":["https:\/\/www.zeitpolster.com\/en\/wp-content\/uploads\/sites\/18\/2020\/05\/Deckblatt-Box-1-1-scaled.jpg",600,423,false],"woocommerce_thumbnail":["https:\/\/www.zeitpolster.com\/en\/wp-content\/uploads\/sites\/18\/2020\/05\/Deckblatt-Box-1-1-scaled-300x211.jpg",300,211,true],"woocommerce_single":["https:\/\/www.zeitpolster.com\/en\/wp-content\/uploads\/sites\/18\/2020\/05\/Deckblatt-Box-1-1-scaled-600x423.jpg",600,423,true],"woocommerce_gallery_thumbnail":["https:\/\/www.zeitpolster.com\/en\/wp-content\/uploads\/sites\/18\/2020\/05\/Deckblatt-Box-1-1-scaled-100x100.jpg",100,100,true]},"uagb_author_info":{"display_name":"Gernot Jochum-M\u00fcller","author_link":"https:\/\/www.zeitpolster.com\/en\/author\/"},"uagb_comment_info":0,"uagb_excerpt":"Impulsbox 1 Zeitpolster?!","_links":{"self":[{"href":"https:\/\/www.zeitpolster.com\/en\/wp-json\/wp\/v2\/product\/3067","targetHints":{"allow":["GET"]}}],"collection":[{"href":"https:\/\/www.zeitpolster.com\/en\/wp-json\/wp\/v2\/product"}],"about":[{"href":"https:\/\/www.zeitpolster.com\/en\/wp-json\/wp\/v2\/types\/product"}],"wp:featuredmedia":[{"embeddable":true,"href":"https:\/\/www.zeitpolster.com\/en\/wp-json\/wp\/v2\/media\/3092"}],"wp:attachment":[{"href":"https:\/\/www.zeitpolster.com\/en\/wp-json\/wp\/v2\/media?parent=3067"}],"wp:term":[{"taxonomy":"product_brand","embeddable":true,"href":"https:\/\/www.zeitpolster.com\/en\/wp-json\/wp\/v2\/product_brand?post=3067"},{"taxonomy":"product_cat","embeddable":true,"href":"https:\/\/www.zeitpolster.com\/en\/wp-json\/wp\/v2\/product_cat?post=3067"},{"taxonomy":"product_tag","embeddable":true,"href":"https:\/\/www.zeitpolster.com\/en\/wp-json\/wp\/v2\/product_tag?post=3067"}],"curies":[{"name":"wp","href":"https:\/\/api.w.org\/{rel}","templated":true}]}}