{"id":5870,"date":"2021-08-03T18:24:04","date_gmt":"2021-08-03T16:24:04","guid":{"rendered":"https:\/\/www.zeitpolster.com\/de\/bewerben\/"},"modified":"2026-04-29T16:30:07","modified_gmt":"2026-04-29T14:30:07","slug":"bewerben","status":"publish","type":"page","link":"https:\/\/www.zeitpolster.com\/de\/bewerben\/","title":{"rendered":"Bewerben"},"content":{"rendered":"\n<section class=\"wp-block-uagb-section uagb-section__wrap uagb-section__background-image uagb-block-de3fc563\"><div class=\"uagb-section__overlay\"><\/div><div class=\"uagb-section__inner-wrap\">\n<div class=\"wp-block-uagb-advanced-heading uagb-block-8e675977\"><h1 class=\"uagb-heading-text\">Wir suchen Dich!<\/h1><\/div>\n<\/div><\/section>\n\n\n\n<div style=\"height:100px\" aria-hidden=\"true\" class=\"wp-block-spacer\"><\/div>\n\n\n\n<div class=\"wp-block-uagb-container uagb-block-b6cff404 alignfull uagb-is-root-container\"><div class=\"uagb-container-inner-blocks-wrap\">\n<p class=\"has-text-color has-large-font-size\" style=\"color:#4e8517\"><strong>Zeitpolster w\u00e4chst und damit w\u00e4chst unser Impact<\/strong><\/p>\n\n\n\n<h2 class=\"wp-block-heading has-large-font-size\"><strong>Werden Sie Teil von Zeitpolster \u2013 wo Engagement Sinn macht<\/strong><\/h2>\n\n\n\n<p>Sie freuen sich \u00fcber kleine und gro\u00dfe Erfolge? Sie wissen, dass hinter jedem Erfolg viele unsichtbare, aber entscheidende Schritte stehen \u2013 und genau das motiviert Sie?<br>Soziales mit Wirtschaftlichem zu verbinden, ist f\u00fcr Sie keine Gegens\u00e4tzlichkeit, sondern eine Herzensangelegenheit?<br>Sie haben Lust, Neues mitzugestalten, Verantwortung zu \u00fcbernehmen und soziale Wirkung zu erzielen?<\/p>\n\n\n\n<p>Dann sind Sie bei Zeitpolster genau richtig.<br>Wir suchen Menschen, die nicht nur einen Job, sondern eine sinnstiftende Aufgabe suchen. Menschen mit Tatkraft, Herz und Verstand.<\/p>\n<\/div><\/div>\n\n\n\n<div style=\"height:100px\" aria-hidden=\"true\" class=\"wp-block-spacer\"><\/div>\n\n\n\n<div class=\"wp-block-uagb-container uagb-block-52c34ba8 alignfull uagb-is-root-container\"><div class=\"uagb-container-inner-blocks-wrap\">\n<h2 class=\"wp-block-heading\"><strong>Regionalkoordination \/ Netzwerker:in Kreis Recklinghausen(w\/m\/d)<\/strong><\/h2>\n\n\n\n<div style=\"height:25px\" aria-hidden=\"true\" class=\"wp-block-spacer\"><\/div>\n\n\n\n<p>Zeitpolster ist ein innovatives Betreuungs- und Vorsorgesystem: Wer heute anderen hilft, erh\u00e4lt eine Zeitgutschrift, die im Alter gegen Betreuung eingel\u00f6st werden kann. Unsere Freiwilligenteams begleiten wir in ihrer Entwicklung und schaffen gute Rahmenbedingungen f\u00fcr deren Aufbau, Entwicklung und Koordination vor Ort.<\/p>\n\n\n\n<p>F\u00fcr den <strong>Aufbau und die Begleitung unserer Zeitpolster-Freiwilligenstrukturen im Kreis Recklinghausen <\/strong>suchen wir eine engagierte, sehr kommunikative Pers\u00f6nlichkeit als <strong>Regionalkoordination \/ Netzwerker:in<\/strong>.<\/p>\n\n\n\n<h3 class=\"wp-block-heading\"><strong>Ihre Aufgaben<\/strong><\/h3>\n\n\n\n<ul class=\"wp-block-list\">\n<li><strong>Aktive Ansprache und Gewinnung<\/strong> von Gemeinden, Stakeholdern und Freiwilligen (Netzwerkaufbau\/-pflege)<\/li>\n\n\n\n<li><strong>Aufbau neuer Freiwilligenteams<\/strong> und Begleitung bestehender Gruppen (Unterst\u00fctzung, Coaching, Weiterentwicklung)<\/li>\n\n\n\n<li><strong>Organisation und Durchf\u00fchrung<\/strong> von Infoveranstaltungen \/ Pr\u00e4sentationen (vor Ort &amp; ggf. online)<\/li>\n\n\n\n<li><strong>Koordination der \u00d6ffentlichkeitsarbeit<\/strong> (regional), inkl. Abstimmung mit Medien\/Partnern und Unterst\u00fctzung bei Social Media<\/li>\n\n\n\n<li><strong>Projektmanagement<\/strong> und strukturierte Umsetzung regionaler Aktivit\u00e4ten<\/li>\n\n\n\n<li><strong>Datenbankpflege<\/strong>, Dokumentation sowie Schulung\/Onboarding von Teams<\/li>\n\n\n\n<li>Regional anfallende <strong>administrative Aufgaben<\/strong> sowie Mitarbeit in der Vernetzung der Regionen in Deutschland<\/li>\n\n\n\n<li><strong>F\u00fchren der Vereinsgesch\u00e4fte<\/strong> inkl. Finanzen und Abstimmung mit dem Vereinsvorstand.<\/li>\n<\/ul>\n\n\n\n<h3 class=\"wp-block-heading\"><strong>Unsere Anforderungen<\/strong><\/h3>\n\n\n\n<ul class=\"wp-block-list\">\n<li>Sie sind eine <strong>kommunikationsfreudige Netzwerkerin \/ ein kommunikationsfreudiger Netzwerker<\/strong> und gehen aktiv auf Menschen zu<\/li>\n\n\n\n<li>Sie k\u00f6nnen <strong>Begeisterung vermitteln<\/strong>, andere mitnehmen und Gruppenentwicklung begleiten<\/li>\n\n\n\n<li>Erfahrung in <strong>Projektmanagement \/ Koordination \/ Projektleitung<\/strong><\/li>\n<\/ul>\n\n\n\n<ul class=\"wp-block-list\">\n<li>Erfahrung in der <strong>Arbeit mit Freiwilligen<\/strong> und\/oder im Gemeinde-\/Vereins-\/Sozialbereich (von Vorteil)<\/li>\n\n\n\n<li>Praktische Kenntnisse in <strong>B\u00fcroorganisation, EDV<\/strong> und idealerweise Datenbanken<\/li>\n\n\n\n<li>Hohe <strong>Eigenst\u00e4ndigkeit<\/strong>, strukturierte Arbeitsweise und Umsetzungsst\u00e4rke<\/li>\n\n\n\n<li>Sie denken und handeln <strong>sozialunternehmerisch<\/strong> und tragen zur nachhaltig wirksamen Etablierung von Zeitpolster bei<\/li>\n\n\n\n<li>Bereitschaft zu <strong>regionalen Terminen<\/strong> und fallweiser Reiset\u00e4tigkeit (Meetings\/Teamtreffen)<\/li>\n<\/ul>\n\n\n\n<h3 class=\"wp-block-heading\"><strong>Unser Angebot<\/strong><\/h3>\n\n\n\n<ul class=\"wp-block-list\">\n<li>Eine <strong>verantwortungsvolle, vielseitige Aufgabe<\/strong> mit gro\u00dfem Gestaltungsspielraum<\/li>\n\n\n\n<li>Eigenverantwortliches Arbeiten in einem <strong>spannenden, mehrfach ausgezeichneten Sozialunternehmen<\/strong><\/li>\n\n\n\n<li>Langfristige Mitwirkung am <strong>Aufbau von Zeitpolster<\/strong> und Zusammenarbeit mit der deutschlandweiten Koordination.<\/li>\n<\/ul>\n\n\n\n<h3 class=\"wp-block-heading\"><strong>Fakten<\/strong><\/h3>\n\n\n\n<ul class=\"wp-block-list\">\n<li><strong>Dienstort:<\/strong> Recklinghausen oder andere Stadt im Landkreis (mit regionaler Reiset\u00e4tigkeit), Hybrid<\/li>\n\n\n\n<li><strong>Arbeitsbeginn:<\/strong> ab sofort m\u00f6glich \/ nach Vereinbarung<\/li>\n\n\n\n<li><strong>Ausma\u00df:<\/strong> <em>z.B.<\/em> 20-30 Wochenstunden<\/li>\n\n\n\n<li><strong>Gehalt:<\/strong> <strong>\u20ac 2.100,00 Brutto\/Monat f\u00fcr 20 Stunden, 12,5 Geh\u00e4lter<\/strong><\/li>\n<\/ul>\n\n\n\n<p><strong>Bewerbung<\/strong><\/p>\n\n\n\n<p>Bewerbungen mit Lebenslauf + kurzes Motivationsschreiben bitte per E-Mail an: <strong>Carsten Schmitz, &nbsp;<\/strong><a href=\"mailto:deutschland@zeitpolster.com\"><strong>deutschland@zeitpolster.com<\/strong><\/a><\/p>\n<\/div><\/div>\n\n\n\n<div style=\"height:50px\" aria-hidden=\"true\" class=\"wp-block-spacer\"><\/div>\n\n\n\n<div class=\"wp-block-uagb-container uagb-block-06e6b6c2 alignfull uagb-is-root-container\"><div class=\"uagb-container-inner-blocks-wrap\">\n<div class=\"wp-block-uagb-container uagb-block-ce9193c2\">\n<p class=\"has-text-color has-large-font-size\" style=\"color:#4e8517\"><strong>Teamgr\u00fcnder:innen<\/strong><\/p>\n\n\n\n<p class=\"has-large-font-size\">Wir suchen immer Teamgr\u00fcnder:innen. Bauen sie ein Zeitpolsterteam in Ihrer Umgebung auf. Wir bieten einen tollen Rahmen und viel Gestaltungspielraum. Details dazu finden Sie <a href=\"https:\/\/www.zeitpolster.com\/gruppe-aufbauen\/\">hier<\/a>.<\/p>\n<\/div>\n\n\n\n<div class=\"wp-block-uagb-container uagb-block-c1132246\">\n<p class=\"has-text-color has-large-font-size\" style=\"color:#4e8517\"><strong>Social Franchisenehmer:in werden<\/strong><\/p>\n\n\n\n<p class=\"has-large-font-size\">Wir suchen Franchisenehmer:innen in Deutschland. Sie bauen in Ihrer Stadt, ihrer Region mehrere Zeitpolstergruppen auf und begleiten diese. Details zu unserem social Franchisemodell finden Sie <a href=\"https:\/\/www.zeitpolster.com\/lizenz\/\">hier.<\/a><\/p>\n<\/div>\n<\/div><\/div>\n\n\n\n<div class=\"wp-block-uagb-column uagb-column__wrap uagb-column__background-undefined uagb-block-7053c4d4\"><div class=\"uagb-column__overlay\"><\/div><div class=\"uagb-column__inner-wrap\">\n<p><\/p>\n<\/div><\/div>\n\n\n\n<div class=\"wp-block-columns is-layout-flex wp-container-core-columns-is-layout-28f84493 wp-block-columns-is-layout-flex\"><\/div>\n\n\n\n<div class=\"wp-block-uagb-advanced-heading uagb-block-08c2a093\"><\/div>\n\n\n\n<section class=\"wp-block-uagb-section uagb-section__wrap uagb-section__background-image uagb-block-42de23b4\"><div class=\"uagb-section__overlay\"><\/div><div class=\"uagb-section__inner-wrap\">\n<div class=\"wp-block-uagb-advanced-heading uagb-block-7a51cab7\"><h1 class=\"uagb-heading-text\">Wir helfen beim helfen<\/h1><\/div>\n<\/div><\/section>\n\n\n\n<section class=\"wp-block-uagb-section uagb-section__wrap uagb-section__background-none uagb-block-a84bbf93\"><div class=\"uagb-section__overlay\"><\/div><div class=\"uagb-section__inner-wrap\">\n<div class=\"wp-block-uagb-icon-list uagb-block-ce4577db uagb-icon-list__outer-wrap uagb-icon-list__layout-horizontal uagb-icon-list__no-label\"><div class=\"uagb-icon-list__wrap\">\n<div class=\"wp-block-uagb-icon-list-child uagb-block-2f033118 uagb-icon-list-repeater uagb-icon-list__wrapper\"><span class=\"uagb-icon-list__source-wrap\"><svg xmlns=\"https:\/\/www.w3.org\/2000\/svg\" viewBox=\"0 0 512 512\"><path d=\"M511.2 387l-23.25 100.8c-3.266 14.25-15.79 24.22-30.46 24.22C205.2 512 0 306.8 0 54.5c0-14.66 9.969-27.2 24.22-30.45l100.8-23.25C139.7-2.602 154.7 5.018 160.8 18.92l46.52 108.5c5.438 12.78 1.77 27.67-8.98 36.45L144.5 207.1c33.98 69.22 90.26 125.5 159.5 159.5l44.08-53.8c8.688-10.78 23.69-14.51 36.47-8.975l108.5 46.51C506.1 357.2 514.6 372.4 511.2 387z\"><\/path><\/svg><\/span><\/div>\n<\/div><\/div>\n\n\n\n<div style=\"height:50px\" aria-hidden=\"true\" class=\"wp-block-spacer\"><\/div>\n\n\n\n<div style=\"text-align:center\"><a href=\"tel:+49 1520 7257 015\"><h1>+49 151 2021 6768<\/h1><\/a><\/div>\n\n\n\n<div class=\"wp-block-uagb-advanced-heading uagb-block-0f708e55\"><h2 class=\"uagb-heading-text\">Serviceline: Mo-Fr 9 bis 12 Uhr <\/h2><\/div>\n<\/div><\/section>\n\n\n\n<section class=\"wp-block-uagb-columns uagb-columns__wrap uagb-columns__background-none uagb-columns__stack-mobile uagb-columns__valign- uagb-columns__gap-10 align uagb-block-d3de60f4 uagb-columns__columns-3 uagb-columns__max_width-theme\"><div class=\"uagb-columns__overlay\"><\/div><div class=\"uagb-columns__inner-wrap uagb-columns__columns-3\">\n<div class=\"wp-block-uagb-column uagb-column__wrap uagb-column__background-undefined uagb-block-47d745b2\"><div class=\"uagb-column__overlay\"><\/div>\n<p><\/p>\n<\/div>\n\n\n\n<div class=\"wp-block-uagb-column uagb-column__wrap uagb-column__background-undefined uagb-block-d77109fe\"><div class=\"uagb-column__overlay\"><\/div>\n<figure class=\"wp-block-image aligncenter\"><img loading=\"lazy\" decoding=\"async\" width=\"361\" height=\"192\" src=\"https:\/\/www.zeitpolster.com\/wp-content\/uploads\/2019\/10\/logo_green-2.png\" alt=\"\" class=\"wp-image-32\" srcset=\"https:\/\/www.zeitpolster.com\/de\/wp-content\/uploads\/sites\/15\/2019\/10\/logo_green-2.png 361w, https:\/\/www.zeitpolster.com\/de\/wp-content\/uploads\/sites\/15\/2019\/10\/logo_green-2-300x160.png 300w, https:\/\/www.zeitpolster.com\/de\/wp-content\/uploads\/sites\/15\/2019\/10\/logo_green-2-140x74.png 140w\" sizes=\"auto, (max-width: 361px) 100vw, 361px\" \/><\/figure>\n\n\n\n<p class=\"has-text-align-center\" style=\"font-size:22px\">Die Zeits\u00e4ule f\u00fcr die Altersvorsorge<\/p>\n\n\n\n<div style=\"height:20px\" aria-hidden=\"true\" class=\"wp-block-spacer\"><\/div>\n\n\n\n<div class=\"wp-block-uagb-icon-list uagb-block-b04fa9ec uagb-icon-list__outer-wrap uagb-icon-list__layout-horizontal uagb-icon-list__no-label\" id=\"uagb-icon-list-66781b29-0b38-4864-a46a-143c6d2596cd\"><div class=\"uagb-icon-list__wrap\">\n<div class=\"wp-block-uagb-icon-list-child uagb-block-6def10b3\"><a target=\"_self\" aria-label=\"List item\" rel=\"noopener noreferrer\" href=\"https:\/\/de-de.facebook.com\/zeitpolster\/\"> <\/a><span class=\"uagb-icon-list__source-wrap\"><svg xmlns=\"https:\/\/www.w3.org\/2000\/svg\" viewBox=\"0 0 320 512\"><path d=\"M279.1 288l14.22-92.66h-88.91v-60.13c0-25.35 12.42-50.06 52.24-50.06h40.42V6.26S260.4 0 225.4 0c-73.22 0-121.1 44.38-121.1 124.7v70.62H22.89V288h81.39v224h100.2V288z\"><\/path><\/svg><\/span><\/div>\n\n\n\n<div class=\"wp-block-uagb-icon-list-child uagb-block-bed4590a\"><a target=\"_self\" aria-label=\"List item\" rel=\"noopener noreferrer\" href=\"mailto:info@zeitpolster.com\"> <\/a><span class=\"uagb-icon-list__source-wrap\"><svg xmlns=\"https:\/\/www.w3.org\/2000\/svg\" viewBox=\"0 0 512 512\"><path d=\"M464 64C490.5 64 512 85.49 512 112C512 127.1 504.9 141.3 492.8 150.4L275.2 313.6C263.8 322.1 248.2 322.1 236.8 313.6L19.2 150.4C7.113 141.3 0 127.1 0 112C0 85.49 21.49 64 48 64H464zM217.6 339.2C240.4 356.3 271.6 356.3 294.4 339.2L512 176V384C512 419.3 483.3 448 448 448H64C28.65 448 0 419.3 0 384V176L217.6 339.2z\"><\/path><\/svg><\/span><\/div>\n<\/div><\/div>\n<\/div>\n\n\n\n<div class=\"wp-block-uagb-column uagb-column__wrap uagb-column__background-undefined uagb-block-477a4f1d\"><div class=\"uagb-column__overlay\"><\/div>\n<p><\/p>\n<\/div>\n<\/div><\/section>\n","protected":false},"excerpt":{"rendered":"<p>Zeitpolster w\u00e4chst und damit w\u00e4chst unser Impact Werden Sie Teil von Zeitpolster \u2013 wo Engagement Sinn macht Sie freuen sich \u00fcber kleine und gro\u00dfe Erfolge? Sie wissen, dass hinter jedem Erfolg viele unsichtbare, aber entscheidende Schritte stehen \u2013 und genau das motiviert Sie?Soziales mit Wirtschaftlichem zu verbinden, ist f\u00fcr Sie keine Gegens\u00e4tzlichkeit, sondern eine Herzensangelegenheit?Sie [&hellip;]<\/p>\n","protected":false},"author":2,"featured_media":0,"parent":0,"menu_order":0,"comment_status":"closed","ping_status":"closed","template":"","meta":{"_bbp_topic_count":0,"_bbp_reply_count":0,"_bbp_total_topic_count":0,"_bbp_total_reply_count":0,"_bbp_voice_count":0,"_bbp_anonymous_reply_count":0,"_bbp_topic_count_hidden":0,"_bbp_reply_count_hidden":0,"_bbp_forum_subforum_count":0,"_uag_custom_page_level_css":"","site-sidebar-layout":"default","site-content-layout":"","ast-site-content-layout":"default","site-content-style":"default","site-sidebar-style":"default","ast-global-header-display":"","ast-banner-title-visibility":"","ast-main-header-display":"","ast-hfb-above-header-display":"","ast-hfb-below-header-display":"","ast-hfb-mobile-header-display":"","site-post-title":"","ast-breadcrumbs-content":"","ast-featured-img":"","footer-sml-layout":"","ast-disable-related-posts":"","theme-transparent-header-meta":"","adv-header-id-meta":"","stick-header-meta":"","header-above-stick-meta":"","header-main-stick-meta":"","header-below-stick-meta":"","astra-migrate-meta-layouts":"set","ast-page-background-enabled":"default","ast-page-background-meta":{"desktop":{"background-color":"","background-image":"","background-repeat":"repeat","background-position":"center center","background-size":"auto","background-attachment":"scroll","background-type":"","background-media":"","overlay-type":"","overlay-color":"","overlay-opacity":"","overlay-gradient":""},"tablet":{"background-color":"","background-image":"","background-repeat":"repeat","background-position":"center center","background-size":"auto","background-attachment":"scroll","background-type":"","background-media":"","overlay-type":"","overlay-color":"","overlay-opacity":"","overlay-gradient":""},"mobile":{"background-color":"","background-image":"","background-repeat":"repeat","background-position":"center center","background-size":"auto","background-attachment":"scroll","background-type":"","background-media":"","overlay-type":"","overlay-color":"","overlay-opacity":"","overlay-gradient":""}},"ast-content-background-meta":{"desktop":{"background-color":"var(--ast-global-color-5)","background-image":"","background-repeat":"repeat","background-position":"center center","background-size":"auto","background-attachment":"scroll","background-type":"","background-media":"","overlay-type":"","overlay-color":"","overlay-opacity":"","overlay-gradient":""},"tablet":{"background-color":"var(--ast-global-color-5)","background-image":"","background-repeat":"repeat","background-position":"center center","background-size":"auto","background-attachment":"scroll","background-type":"","background-media":"","overlay-type":"","overlay-color":"","overlay-opacity":"","overlay-gradient":""},"mobile":{"background-color":"var(--ast-global-color-5)","background-image":"","background-repeat":"repeat","background-position":"center center","background-size":"auto","background-attachment":"scroll","background-type":"","background-media":"","overlay-type":"","overlay-color":"","overlay-opacity":"","overlay-gradient":""}},"footnotes":""},"class_list":["post-5870","page","type-page","status-publish","hentry"],"yoast_head":"<!-- This site is optimized with the Yoast SEO plugin v27.5 - https:\/\/yoast.com\/product\/yoast-seo-wordpress\/ -->\n<title>Bewerben - Zeitpolster Deutschland<\/title>\n<meta name=\"robots\" content=\"index, follow, max-snippet:-1, max-image-preview:large, max-video-preview:-1\" \/>\n<link rel=\"canonical\" href=\"https:\/\/www.zeitpolster.com\/de\/bewerben\/\" \/>\n<meta property=\"og:locale\" content=\"de_DE\" \/>\n<meta property=\"og:type\" content=\"article\" \/>\n<meta property=\"og:title\" content=\"Bewerben - Zeitpolster Deutschland\" \/>\n<meta property=\"og:description\" content=\"Zeitpolster w\u00e4chst und damit w\u00e4chst unser Impact Werden Sie Teil von Zeitpolster \u2013 wo Engagement Sinn macht Sie freuen sich \u00fcber kleine und gro\u00dfe Erfolge? Sie wissen, dass hinter jedem Erfolg viele unsichtbare, aber entscheidende Schritte stehen \u2013 und genau das motiviert Sie?Soziales mit Wirtschaftlichem zu verbinden, ist f\u00fcr Sie keine Gegens\u00e4tzlichkeit, sondern eine Herzensangelegenheit?Sie [&hellip;]\" \/>\n<meta property=\"og:url\" content=\"https:\/\/www.zeitpolster.com\/de\/bewerben\/\" \/>\n<meta property=\"og:site_name\" content=\"Zeitpolster Deutschland\" \/>\n<meta property=\"article:modified_time\" content=\"2026-04-29T14:30:07+00:00\" \/>\n<meta property=\"og:image\" content=\"https:\/\/www.zeitpolster.com\/wp-content\/uploads\/2019\/10\/logo_green-2.png\" \/>\n<meta name=\"twitter:card\" content=\"summary_large_image\" \/>\n<meta name=\"twitter:label1\" content=\"Gesch\u00e4tzte Lesezeit\" \/>\n\t<meta name=\"twitter:data1\" content=\"3\u00a0Minuten\" \/>\n<script type=\"application\/ld+json\" class=\"yoast-schema-graph\">{\"@context\":\"https:\\\/\\\/schema.org\",\"@graph\":[{\"@type\":\"WebPage\",\"@id\":\"https:\\\/\\\/www.zeitpolster.com\\\/de\\\/bewerben\\\/\",\"url\":\"https:\\\/\\\/www.zeitpolster.com\\\/de\\\/bewerben\\\/\",\"name\":\"Bewerben - Zeitpolster Deutschland\",\"isPartOf\":{\"@id\":\"https:\\\/\\\/www.zeitpolster.com\\\/de\\\/#website\"},\"primaryImageOfPage\":{\"@id\":\"https:\\\/\\\/www.zeitpolster.com\\\/de\\\/bewerben\\\/#primaryimage\"},\"image\":{\"@id\":\"https:\\\/\\\/www.zeitpolster.com\\\/de\\\/bewerben\\\/#primaryimage\"},\"thumbnailUrl\":\"https:\\\/\\\/www.zeitpolster.com\\\/wp-content\\\/uploads\\\/2019\\\/10\\\/logo_green-2.png\",\"datePublished\":\"2021-08-03T16:24:04+00:00\",\"dateModified\":\"2026-04-29T14:30:07+00:00\",\"breadcrumb\":{\"@id\":\"https:\\\/\\\/www.zeitpolster.com\\\/de\\\/bewerben\\\/#breadcrumb\"},\"inLanguage\":\"de\",\"potentialAction\":[{\"@type\":\"ReadAction\",\"target\":[\"https:\\\/\\\/www.zeitpolster.com\\\/de\\\/bewerben\\\/\"]}]},{\"@type\":\"ImageObject\",\"inLanguage\":\"de\",\"@id\":\"https:\\\/\\\/www.zeitpolster.com\\\/de\\\/bewerben\\\/#primaryimage\",\"url\":\"https:\\\/\\\/www.zeitpolster.com\\\/wp-content\\\/uploads\\\/2019\\\/10\\\/logo_green-2.png\",\"contentUrl\":\"https:\\\/\\\/www.zeitpolster.com\\\/wp-content\\\/uploads\\\/2019\\\/10\\\/logo_green-2.png\"},{\"@type\":\"BreadcrumbList\",\"@id\":\"https:\\\/\\\/www.zeitpolster.com\\\/de\\\/bewerben\\\/#breadcrumb\",\"itemListElement\":[{\"@type\":\"ListItem\",\"position\":1,\"name\":\"Startseite\",\"item\":\"https:\\\/\\\/www.zeitpolster.com\\\/de\\\/\"},{\"@type\":\"ListItem\",\"position\":2,\"name\":\"Bewerben\"}]},{\"@type\":\"WebSite\",\"@id\":\"https:\\\/\\\/www.zeitpolster.com\\\/de\\\/#website\",\"url\":\"https:\\\/\\\/www.zeitpolster.com\\\/de\\\/\",\"name\":\"Zeitpolster Deutschland\",\"description\":\"Verein f\u00fcr Zeitvorsorge\",\"publisher\":{\"@id\":\"https:\\\/\\\/www.zeitpolster.com\\\/de\\\/#organization\"},\"potentialAction\":[{\"@type\":\"SearchAction\",\"target\":{\"@type\":\"EntryPoint\",\"urlTemplate\":\"https:\\\/\\\/www.zeitpolster.com\\\/de\\\/?s={search_term_string}\"},\"query-input\":{\"@type\":\"PropertyValueSpecification\",\"valueRequired\":true,\"valueName\":\"search_term_string\"}}],\"inLanguage\":\"de\"},{\"@type\":\"Organization\",\"@id\":\"https:\\\/\\\/www.zeitpolster.com\\\/de\\\/#organization\",\"name\":\"Zeitpolster Deutschland\",\"url\":\"https:\\\/\\\/www.zeitpolster.com\\\/de\\\/\",\"logo\":{\"@type\":\"ImageObject\",\"inLanguage\":\"de\",\"@id\":\"https:\\\/\\\/www.zeitpolster.com\\\/de\\\/#\\\/schema\\\/logo\\\/image\\\/\",\"url\":\"https:\\\/\\\/www.zeitpolster.com\\\/de\\\/wp-content\\\/uploads\\\/sites\\\/15\\\/2019\\\/10\\\/logo_green-2.png\",\"contentUrl\":\"https:\\\/\\\/www.zeitpolster.com\\\/de\\\/wp-content\\\/uploads\\\/sites\\\/15\\\/2019\\\/10\\\/logo_green-2.png\",\"width\":361,\"height\":192,\"caption\":\"Zeitpolster Deutschland\"},\"image\":{\"@id\":\"https:\\\/\\\/www.zeitpolster.com\\\/de\\\/#\\\/schema\\\/logo\\\/image\\\/\"}}]}<\/script>\n<!-- \/ Yoast SEO plugin. -->","yoast_head_json":{"title":"Bewerben - Zeitpolster Deutschland","robots":{"index":"index","follow":"follow","max-snippet":"max-snippet:-1","max-image-preview":"max-image-preview:large","max-video-preview":"max-video-preview:-1"},"canonical":"https:\/\/www.zeitpolster.com\/de\/bewerben\/","og_locale":"de_DE","og_type":"article","og_title":"Bewerben - Zeitpolster Deutschland","og_description":"Zeitpolster w\u00e4chst und damit w\u00e4chst unser Impact Werden Sie Teil von Zeitpolster \u2013 wo Engagement Sinn macht Sie freuen sich \u00fcber kleine und gro\u00dfe Erfolge? Sie wissen, dass hinter jedem Erfolg viele unsichtbare, aber entscheidende Schritte stehen \u2013 und genau das motiviert Sie?Soziales mit Wirtschaftlichem zu verbinden, ist f\u00fcr Sie keine Gegens\u00e4tzlichkeit, sondern eine Herzensangelegenheit?Sie [&hellip;]","og_url":"https:\/\/www.zeitpolster.com\/de\/bewerben\/","og_site_name":"Zeitpolster Deutschland","article_modified_time":"2026-04-29T14:30:07+00:00","og_image":[{"url":"https:\/\/www.zeitpolster.com\/wp-content\/uploads\/2019\/10\/logo_green-2.png","type":"","width":"","height":""}],"twitter_card":"summary_large_image","twitter_misc":{"Gesch\u00e4tzte Lesezeit":"3\u00a0Minuten"},"schema":{"@context":"https:\/\/schema.org","@graph":[{"@type":"WebPage","@id":"https:\/\/www.zeitpolster.com\/de\/bewerben\/","url":"https:\/\/www.zeitpolster.com\/de\/bewerben\/","name":"Bewerben - Zeitpolster Deutschland","isPartOf":{"@id":"https:\/\/www.zeitpolster.com\/de\/#website"},"primaryImageOfPage":{"@id":"https:\/\/www.zeitpolster.com\/de\/bewerben\/#primaryimage"},"image":{"@id":"https:\/\/www.zeitpolster.com\/de\/bewerben\/#primaryimage"},"thumbnailUrl":"https:\/\/www.zeitpolster.com\/wp-content\/uploads\/2019\/10\/logo_green-2.png","datePublished":"2021-08-03T16:24:04+00:00","dateModified":"2026-04-29T14:30:07+00:00","breadcrumb":{"@id":"https:\/\/www.zeitpolster.com\/de\/bewerben\/#breadcrumb"},"inLanguage":"de","potentialAction":[{"@type":"ReadAction","target":["https:\/\/www.zeitpolster.com\/de\/bewerben\/"]}]},{"@type":"ImageObject","inLanguage":"de","@id":"https:\/\/www.zeitpolster.com\/de\/bewerben\/#primaryimage","url":"https:\/\/www.zeitpolster.com\/wp-content\/uploads\/2019\/10\/logo_green-2.png","contentUrl":"https:\/\/www.zeitpolster.com\/wp-content\/uploads\/2019\/10\/logo_green-2.png"},{"@type":"BreadcrumbList","@id":"https:\/\/www.zeitpolster.com\/de\/bewerben\/#breadcrumb","itemListElement":[{"@type":"ListItem","position":1,"name":"Startseite","item":"https:\/\/www.zeitpolster.com\/de\/"},{"@type":"ListItem","position":2,"name":"Bewerben"}]},{"@type":"WebSite","@id":"https:\/\/www.zeitpolster.com\/de\/#website","url":"https:\/\/www.zeitpolster.com\/de\/","name":"Zeitpolster Deutschland","description":"Verein f\u00fcr Zeitvorsorge","publisher":{"@id":"https:\/\/www.zeitpolster.com\/de\/#organization"},"potentialAction":[{"@type":"SearchAction","target":{"@type":"EntryPoint","urlTemplate":"https:\/\/www.zeitpolster.com\/de\/?s={search_term_string}"},"query-input":{"@type":"PropertyValueSpecification","valueRequired":true,"valueName":"search_term_string"}}],"inLanguage":"de"},{"@type":"Organization","@id":"https:\/\/www.zeitpolster.com\/de\/#organization","name":"Zeitpolster Deutschland","url":"https:\/\/www.zeitpolster.com\/de\/","logo":{"@type":"ImageObject","inLanguage":"de","@id":"https:\/\/www.zeitpolster.com\/de\/#\/schema\/logo\/image\/","url":"https:\/\/www.zeitpolster.com\/de\/wp-content\/uploads\/sites\/15\/2019\/10\/logo_green-2.png","contentUrl":"https:\/\/www.zeitpolster.com\/de\/wp-content\/uploads\/sites\/15\/2019\/10\/logo_green-2.png","width":361,"height":192,"caption":"Zeitpolster Deutschland"},"image":{"@id":"https:\/\/www.zeitpolster.com\/de\/#\/schema\/logo\/image\/"}}]}},"featured_image_src":null,"featured_image_src_square":null,"uagb_featured_image_src":{"full":false,"thumbnail":false,"medium":false,"medium_large":false,"large":false,"1536x1536":false,"2048x2048":false,"gb-block-post-grid-landscape":false,"gb-block-post-grid-square":false,"woocommerce_thumbnail":false,"woocommerce_single":false,"woocommerce_gallery_thumbnail":false},"uagb_author_info":{"display_name":"Gernot Jochum-M\u00fcller","author_link":"https:\/\/www.zeitpolster.com\/de\/author\/zeitpolster_gernot\/"},"uagb_comment_info":0,"uagb_excerpt":"Zeitpolster w\u00e4chst und damit w\u00e4chst unser Impact Werden Sie Teil von Zeitpolster \u2013 wo Engagement Sinn macht Sie freuen sich \u00fcber kleine und gro\u00dfe Erfolge? Sie wissen, dass hinter jedem Erfolg viele unsichtbare, aber entscheidende Schritte stehen \u2013 und genau das motiviert Sie?Soziales mit Wirtschaftlichem zu verbinden, ist f\u00fcr Sie keine Gegens\u00e4tzlichkeit, sondern eine Herzensangelegenheit?Sie&hellip;","_links":{"self":[{"href":"https:\/\/www.zeitpolster.com\/de\/wp-json\/wp\/v2\/pages\/5870","targetHints":{"allow":["GET"]}}],"collection":[{"href":"https:\/\/www.zeitpolster.com\/de\/wp-json\/wp\/v2\/pages"}],"about":[{"href":"https:\/\/www.zeitpolster.com\/de\/wp-json\/wp\/v2\/types\/page"}],"author":[{"embeddable":true,"href":"https:\/\/www.zeitpolster.com\/de\/wp-json\/wp\/v2\/users\/2"}],"replies":[{"embeddable":true,"href":"https:\/\/www.zeitpolster.com\/de\/wp-json\/wp\/v2\/comments?post=5870"}],"version-history":[{"count":6,"href":"https:\/\/www.zeitpolster.com\/de\/wp-json\/wp\/v2\/pages\/5870\/revisions"}],"predecessor-version":[{"id":5881,"href":"https:\/\/www.zeitpolster.com\/de\/wp-json\/wp\/v2\/pages\/5870\/revisions\/5881"}],"wp:attachment":[{"href":"https:\/\/www.zeitpolster.com\/de\/wp-json\/wp\/v2\/media?parent=5870"}],"curies":[{"name":"wp","href":"https:\/\/api.w.org\/{rel}","templated":true}]}}