{"id":3053,"date":"2020-05-16T13:08:59","date_gmt":"2020-05-16T11:08:59","guid":{"rendered":"https:\/\/www.zeitpolster.com\/ch\/?page_id=3053"},"modified":"2022-09-06T17:35:38","modified_gmt":"2022-09-06T15:35:38","slug":"newsletter","status":"publish","type":"page","link":"https:\/\/www.zeitpolster.com\/ch\/newsletter\/","title":{"rendered":"Newsletter"},"content":{"rendered":"\n<section class=\"wp-block-uagb-section uagb-section__wrap uagb-section__background-image uagb-block-cdce5c76\" id=\"uagb-section-f6f46b40-1768-4cd8-882d-96b9947c15a8\"><div class=\"uagb-section__overlay\"><\/div><div class=\"uagb-section__inner-wrap\">\n<div class=\"wp-block-uagb-advanced-heading uagb-block-5fcc175e\" id=\"uagb-adv-heading-571377e8-3788-4a13-bca4-a54ef86be58d\"><h1 class=\"uagb-heading-text\">Newsletter abonnieren<\/h1><\/div>\n<\/div><\/section>\n\n\n\n<section class=\"wp-block-uagb-columns uagb-columns__wrap uagb-columns__background-none uagb-columns__stack-mobile uagb-columns__valign- uagb-columns__gap-10 alignfull uagb-block-14c68a3b uagb-columns__columns-3 uagb-columns__max_width-custom uagb-columns__background-undefined uagb-columns__valign-undefined\" id=\"uagb-columns-7f527ba9-eaca-4a38-b74e-b41fc5d984bc\"><div class=\"uagb-columns__overlay\"><\/div><div class=\"uagb-columns__inner-wrap uagb-columns__columns-3\">\n<div class=\"wp-block-uagb-column uagb-column__wrap uagb-column__background-undefined uagb-block-b9321c7f\"><div class=\"uagb-column__overlay\"><\/div>\n<p><\/p>\n<\/div>\n\n\n\n<div class=\"wp-block-uagb-column uagb-column__wrap uagb-column__background-undefined uagb-block-d4073181\"><div class=\"uagb-column__overlay\"><\/div>\n<div style=\"height:20px\" aria-hidden=\"true\" class=\"wp-block-spacer\"><\/div>\n\n\n\n<div class=\"wp-block-uagb-advanced-heading uagb-block-016fd9fb\" id=\"uagb-adv-heading-2cba6597-206f-46bc-ba06-7de55647fc5b\"><h2 class=\"uagb-heading-text\">Newsletter abonnieren<\/h2><\/div>\n\n\n\n<div style=\"height:50px\" aria-hidden=\"true\" class=\"wp-block-spacer\"><\/div>\n\n\n\n<div class=\"wp-block-uagb-buttons uagb-buttons__outer-wrap uagb-btn__default-btn uagb-btn-tablet__default-btn uagb-btn-mobile__default-btn uagb-block-951e5c0b\" id=\"uagb-buttons-a72396b5-9027-45d9-b645-245cfdc6accd\"><div class=\"uagb-buttons__wrap uagb-buttons-layout-wrap\">\n<div class=\"wp-block-uagb-buttons-child uagb-buttons__outer-wrap uagb-block-8ec6649a wp-block-button is-style-outline\"><div class=\"uagb-button__wrapper\"><a class=\"uagb-buttons-repeater wp-block-button__link has-background has-text-color\" href=\"https:\/\/intern.zeitpolster.com\/#users.users.public-group-selection%7Cusers.users.public-registration!groupId=4088776093626235460\" rel=\"follow noopener\" target=\"_self\"><div class=\"uagb-button__link\">Registreren zur Betreuungsanfrage <\/div><\/a><\/div><\/div>\n<\/div><\/div>\n<\/div>\n\n\n\n<div class=\"wp-block-uagb-column uagb-column__wrap uagb-column__background-image uagb-block-c95845f5\"><div class=\"uagb-column__overlay\"><\/div><script>(function() {\n\twindow.mc4wp = window.mc4wp || {\n\t\tlisteners: [],\n\t\tforms: {\n\t\t\ton: function(evt, cb) {\n\t\t\t\twindow.mc4wp.listeners.push(\n\t\t\t\t\t{\n\t\t\t\t\t\tevent   : evt,\n\t\t\t\t\t\tcallback: cb\n\t\t\t\t\t}\n\t\t\t\t);\n\t\t\t}\n\t\t}\n\t}\n})();\n<\/script><!-- Mailchimp for WordPress v4.12.1 - https:\/\/wordpress.org\/plugins\/mailchimp-for-wp\/ --><form id=\"mc4wp-form-1\" class=\"mc4wp-form mc4wp-form-2324\" method=\"post\" data-id=\"2324\" data-name=\"newsletter\" ><div class=\"mc4wp-form-fields\"><p>\r\n    <label>Vorname<\/label>\r\n    <input type=\"text\" name=\"FNAME\" placeholder=\"Ihr Vorname\">\r\n<\/p>\r\n<p>\r\n    <label>Name<\/label>\r\n    <input type=\"text\" name=\"LNAME\" placeholder=\"Ihr Nachname\">\r\n<\/p>\r\n<p>\r\n    <label>Bundesland<\/label>\r\n    <input type=\"text\" name=\"MMERGE3\" placeholder=\"Ihr Bundesland\">\r\n<\/p>\r\n<p>\r\n    <label>Postleitzahl<\/label>\r\n    <input type=\"text\" name=\"MMERGE4\" placeholder=\"Ihre Postleitzahl\">\r\n<\/p>\r\n<label>E-Mail Adresse*: \r\n<input type=\"email\" name=\"EMAIL\" placeholder=\"Ihre E-Mail Adresse\" required \/>\r\n<\/label>\r\n<p style=\"margin-top:10px;\">\r\n<label>\r\n<input name=\"AGREE_TO_TERMS\" type=\"checkbox\" value=\"1\" required=\"\"> <a href=\"https:\/\/www.zeitpolster.com\/ch\/impressum\/\" target=\"_blank\">Ich habe die Datenschutzbestimmungen gelesen.*<\/a>\r\n<\/label>  \r\n<\/p>\r\n<p>\r\n  *Pflichtfelder\r\n<\/p>\r\n<p style=\"margin-top:10px;\">\r\n  <input type=\"submit\" value=\"Newsletter abonnieren\" \/>\r\n<\/p><\/div><label style=\"display: none !important;\">Wenn du ein Mensch bist, lasse das Feld leer: <input type=\"text\" name=\"_mc4wp_honeypot\" value=\"\" tabindex=\"-1\" autocomplete=\"off\" \/><\/label><input type=\"hidden\" name=\"_mc4wp_timestamp\" value=\"1776357193\" \/><input type=\"hidden\" name=\"_mc4wp_form_id\" value=\"2324\" \/><input type=\"hidden\" name=\"_mc4wp_form_element_id\" value=\"mc4wp-form-1\" \/><div class=\"mc4wp-response\"><\/div><\/form><!-- \/ Mailchimp for WordPress Plugin -->\n<\/div>\n<\/div><\/section>\n\n\n\n<section class=\"wp-block-uagb-section uagb-section__wrap uagb-section__background-color uagb-block-d3422919\" id=\"uagb-section-e3c9cb62-2112-4898-8995-fe5ea23f83e2\"><div class=\"uagb-section__overlay\"><\/div><div class=\"uagb-section__inner-wrap\">\n<div class=\"wp-block-uagb-icon-list uagb-block-1bf15ac7 uagb-icon-list__outer-wrap uagb-icon-list__layout-horizontal uagb-icon-list__no-label\" id=\"uagb-icon-list-d263384b-acfb-4730-a865-13db5b133a25\"><div class=\"uagb-icon-list__wrap\">\n<div class=\"wp-block-uagb-icon-list-child uagb-block-d4ff9bd1\"><span class=\"uagb-icon-list__source-wrap\"><svg xmlns=\"https:\/\/www.w3.org\/2000\/svg\" viewBox=\"0 0 512 512\"><path d=\"M18.92 351.2l108.5-46.52c12.78-5.531 27.77-1.801 36.45 8.98l44.09 53.82c69.25-34 125.5-90.31 159.5-159.5l-53.81-44.04c-10.75-8.781-14.41-23.69-8.974-36.47l46.51-108.5c6.094-13.91 21.1-21.52 35.79-18.11l100.8 23.25c14.25 3.25 24.22 15.8 24.22 30.46c0 252.3-205.2 457.5-457.5 457.5c-14.67 0-27.18-9.968-30.45-24.22l-23.25-100.8C-2.571 372.4 5.018 357.2 18.92 351.2z\"><\/path><\/svg><\/span><\/div>\n<\/div><\/div>\n\n\n\n<div style=\"height:50px\" aria-hidden=\"true\" class=\"wp-block-spacer\"><\/div>\n\n\n\n<div style=\"text-align:center;\"><a href=\"tel:+43 664 8872 0770\"><h1>0043 664 8872 0770<\/h1><\/a><\/div>\n<\/div><\/section>\n\n\n\n<section class=\"wp-block-uagb-section uagb-section__wrap uagb-section__background-color uagb-block-22f540e2\" id=\"uagb-section-75ec1069-3ccf-46b8-80a0-afbbf0c4bcf2\"><div class=\"uagb-section__overlay\"><\/div><div class=\"uagb-section__inner-wrap\">\n<section class=\"wp-block-uagb-columns uagb-columns__wrap uagb-columns__background-none uagb-columns__stack-mobile uagb-columns__valign- uagb-columns__gap-10 align uagb-block-6af12755 uagb-columns__columns-3 uagb-columns__max_width-theme uagb-columns__background-undefined uagb-columns__valign-undefined alignundefined\" id=\"uagb-columns-482a3850-2610-418d-9b6e-77a654275e96\"><div class=\"uagb-columns__overlay\"><\/div><div class=\"uagb-columns__inner-wrap uagb-columns__columns-3\">\n<div class=\"wp-block-uagb-column uagb-column__wrap uagb-column__background-undefined uagb-block-abef8dfb\"><div class=\"uagb-column__overlay\"><\/div><\/div>\n\n\n\n<div class=\"wp-block-uagb-column uagb-column__wrap uagb-column__background-undefined uagb-block-0aa71320\"><div class=\"uagb-column__overlay\"><\/div>\n<div class=\"wp-block-uagb-advanced-heading uagb-block-0ff914b2\" id=\"uagb-adv-heading-cb39f699-c1df-4f0d-a813-85de8062eef3\"><h1 class=\"uagb-heading-text\">Lust auf mehr?<\/h1><\/div>\n\n\n\n<div style=\"height:50px\" aria-hidden=\"true\" class=\"wp-block-spacer\"><\/div>\n\n\n\n<p class=\"has-text-align-center has-text-color\" style=\"color:#ffffff;font-size:22px\"> Zeitpolster in meiner Region aufbauen<br>und weiterbringen<\/p>\n\n\n\n<div style=\"height:20px\" aria-hidden=\"true\" class=\"wp-block-spacer\"><\/div>\n\n\n\n<div class=\"wp-block-uagb-buttons uagb-buttons__outer-wrap uagb-btn__default-btn uagb-btn-tablet__default-btn uagb-btn-mobile__default-btn uagb-block-8251f213\" id=\"uagb-buttons-0794f320-f34a-47bc-b547-04e76837a038\"><div class=\"uagb-buttons__wrap uagb-buttons-layout-wrap\">\n<div class=\"wp-block-uagb-buttons-child uagb-buttons__outer-wrap uagb-block-18bc853f wp-block-button is-style-outline\"><div class=\"uagb-button__wrapper\"><a class=\"uagb-buttons-repeater wp-block-button__link has-background has-text-color\" href=\"https:\/\/www.zeitpolster.com\/ch\/kontakt\/\" rel=\"follow noopener\" target=\"_self\"><div class=\"uagb-button__link\">Kontakt<\/div><\/a><\/div><\/div>\n<\/div><\/div>\n<\/div>\n\n\n\n<div class=\"wp-block-uagb-column uagb-column__wrap uagb-column__background-undefined uagb-block-bd7b44cc\"><div class=\"uagb-column__overlay\"><\/div><\/div>\n<\/div><\/section>\n<\/div><\/section>\n\n\n\n<section class=\"wp-block-uagb-columns uagb-columns__wrap uagb-columns__background-none uagb-columns__stack-mobile uagb-columns__valign- uagb-columns__gap-10 align uagb-block-e1a2f796 uagb-columns__columns-3 uagb-columns__max_width-theme uagb-columns__valign-undefined alignundefined\" id=\"uagb-columns-c343fb1b-b020-4cbf-a06e-bb84be576f28\"><div class=\"uagb-columns__overlay\"><\/div><div class=\"uagb-columns__inner-wrap uagb-columns__columns-3\">\n<div class=\"wp-block-uagb-column uagb-column__wrap uagb-column__background-undefined uagb-block-90f0129d\"><div class=\"uagb-column__overlay\"><\/div>\n<p><\/p>\n<\/div>\n\n\n\n<div class=\"wp-block-uagb-column uagb-column__wrap uagb-column__background-undefined uagb-block-9b6d9025\"><div class=\"uagb-column__overlay\"><\/div>\n<figure class=\"wp-block-image aligncenter\"><img loading=\"lazy\" decoding=\"async\" width=\"361\" height=\"192\" src=\"https:\/\/www.zeitpolster.com\/ch\/wp-content\/uploads\/sites\/23\/2019\/10\/logo_green-2.png\" alt=\"\" class=\"wp-image-32\" srcset=\"https:\/\/www.zeitpolster.com\/ch\/wp-content\/uploads\/sites\/23\/2019\/10\/logo_green-2.png 361w, https:\/\/www.zeitpolster.com\/ch\/wp-content\/uploads\/sites\/23\/2019\/10\/logo_green-2-300x160.png 300w, https:\/\/www.zeitpolster.com\/ch\/wp-content\/uploads\/sites\/23\/2019\/10\/logo_green-2-140x74.png 140w\" sizes=\"auto, (max-width: 361px) 100vw, 361px\" \/><\/figure>\n\n\n\n<p class=\"has-text-align-center\" style=\"font-size:22px\">Die Zeits\u00e4ule f\u00fcr die Altersvorsorge<\/p>\n\n\n\n<div style=\"height:20px\" aria-hidden=\"true\" class=\"wp-block-spacer\"><\/div>\n\n\n\n<div class=\"wp-block-uagb-icon-list uagb-block-0ab91fec uagb-icon-list__outer-wrap uagb-icon-list__layout-horizontal uagb-icon-list__no-label\" id=\"uagb-icon-list-dfbd1f4b-65e7-4380-9bd7-39cd3df8dc19\"><div class=\"uagb-icon-list__wrap\">\n<div class=\"wp-block-uagb-icon-list-child uagb-block-193e8fe0 uagb-icon-list-repeater uagb-icon-list__wrapper\"><a target=\"_self\" aria-label=\"Label #1\" rel=\"noopener noreferrer\" href=\"https:\/\/de-de.facebook.com\/zeitpolster\/\"> <\/a><span class=\"uagb-icon-list__source-wrap\"><svg xmlns=\"https:\/\/www.w3.org\/2000\/svg\" viewBox=\"0 0 320 512\"><path d=\"M279.1 288l14.22-92.66h-88.91v-60.13c0-25.35 12.42-50.06 52.24-50.06h40.42V6.26S260.4 0 225.4 0c-73.22 0-121.1 44.38-121.1 124.7v70.62H22.89V288h81.39v224h100.2V288z\"><\/path><\/svg><\/span><\/div>\n\n\n\n<div class=\"wp-block-uagb-icon-list-child uagb-block-97fc6acb uagb-icon-list-repeater uagb-icon-list__wrapper\"><a target=\"_self\" aria-label=\"Label #2\" rel=\"noopener noreferrer\" href=\"mailto:info@zeitpolster.com\"> <\/a><span class=\"uagb-icon-list__source-wrap\"><svg xmlns=\"https:\/\/www.w3.org\/2000\/svg\" viewBox=\"0 0 512 512\"><path d=\"M464 64C490.5 64 512 85.49 512 112C512 127.1 504.9 141.3 492.8 150.4L275.2 313.6C263.8 322.1 248.2 322.1 236.8 313.6L19.2 150.4C7.113 141.3 0 127.1 0 112C0 85.49 21.49 64 48 64H464zM217.6 339.2C240.4 356.3 271.6 356.3 294.4 339.2L512 176V384C512 419.3 483.3 448 448 448H64C28.65 448 0 419.3 0 384V176L217.6 339.2z\"><\/path><\/svg><\/span><\/div>\n<\/div><\/div>\n<\/div>\n\n\n\n<div class=\"wp-block-uagb-column uagb-column__wrap uagb-column__background-undefined uagb-block-a8c56950\"><div class=\"uagb-column__overlay\"><\/div>\n<p><\/p>\n<\/div>\n<\/div><\/section>\n","protected":false},"excerpt":{"rendered":"<p>Newsletter abonnieren Die Zeits\u00e4ule f\u00fcr die Altersvorsorge<\/p>\n","protected":false},"author":1,"featured_media":0,"parent":0,"menu_order":0,"comment_status":"closed","ping_status":"closed","template":"","meta":{"_bbp_topic_count":0,"_bbp_reply_count":0,"_bbp_total_topic_count":0,"_bbp_total_reply_count":0,"_bbp_voice_count":0,"_bbp_anonymous_reply_count":0,"_bbp_topic_count_hidden":0,"_bbp_reply_count_hidden":0,"_bbp_forum_subforum_count":0,"_uag_custom_page_level_css":"","site-sidebar-layout":"no-sidebar","site-content-layout":"page-builder","ast-site-content-layout":"default","site-content-style":"default","site-sidebar-style":"default","ast-global-header-display":"","ast-banner-title-visibility":"","ast-main-header-display":"","ast-hfb-above-header-display":"","ast-hfb-below-header-display":"","ast-hfb-mobile-header-display":"","site-post-title":"disabled","ast-breadcrumbs-content":"","ast-featured-img":"disabled","footer-sml-layout":"","ast-disable-related-posts":"","theme-transparent-header-meta":"disabled","adv-header-id-meta":"","stick-header-meta":"","header-above-stick-meta":"","header-main-stick-meta":"","header-below-stick-meta":"","astra-migrate-meta-layouts":"default","ast-page-background-enabled":"default","ast-page-background-meta":{"desktop":{"background-color":"","background-image":"","background-repeat":"repeat","background-position":"center center","background-size":"auto","background-attachment":"scroll","background-type":"","background-media":"","overlay-type":"","overlay-color":"","overlay-opacity":"","overlay-gradient":""},"tablet":{"background-color":"","background-image":"","background-repeat":"repeat","background-position":"center center","background-size":"auto","background-attachment":"scroll","background-type":"","background-media":"","overlay-type":"","overlay-color":"","overlay-opacity":"","overlay-gradient":""},"mobile":{"background-color":"","background-image":"","background-repeat":"repeat","background-position":"center center","background-size":"auto","background-attachment":"scroll","background-type":"","background-media":"","overlay-type":"","overlay-color":"","overlay-opacity":"","overlay-gradient":""}},"ast-content-background-meta":{"desktop":{"background-color":"var(--ast-global-color-5)","background-image":"","background-repeat":"repeat","background-position":"center center","background-size":"auto","background-attachment":"scroll","background-type":"","background-media":"","overlay-type":"","overlay-color":"","overlay-opacity":"","overlay-gradient":""},"tablet":{"background-color":"var(--ast-global-color-5)","background-image":"","background-repeat":"repeat","background-position":"center center","background-size":"auto","background-attachment":"scroll","background-type":"","background-media":"","overlay-type":"","overlay-color":"","overlay-opacity":"","overlay-gradient":""},"mobile":{"background-color":"var(--ast-global-color-5)","background-image":"","background-repeat":"repeat","background-position":"center center","background-size":"auto","background-attachment":"scroll","background-type":"","background-media":"","overlay-type":"","overlay-color":"","overlay-opacity":"","overlay-gradient":""}},"footnotes":""},"class_list":["post-3053","page","type-page","status-publish","hentry"],"yoast_head":"<!-- This site is optimized with the Yoast SEO plugin v27.3 - https:\/\/yoast.com\/product\/yoast-seo-wordpress\/ -->\n<title>Newsletter - Zeitpolster Schweiz<\/title>\n<meta name=\"description\" content=\"Informieren Sie sich \u00fcber Zeitpolster News: Lesen Sie was aktuell passiert, erfahren Sie etwas \u00fcber Hintergr\u00fcnde. Melden Sie sich gleich an!\" \/>\n<meta name=\"robots\" content=\"index, follow, max-snippet:-1, max-image-preview:large, max-video-preview:-1\" \/>\n<link rel=\"canonical\" href=\"https:\/\/www.zeitpolster.com\/ch\/newsletter\/\" \/>\n<meta property=\"og:locale\" content=\"de_DE\" \/>\n<meta property=\"og:type\" content=\"article\" \/>\n<meta property=\"og:title\" content=\"Newsletter - Zeitpolster Schweiz\" \/>\n<meta property=\"og:description\" content=\"Informieren Sie sich \u00fcber Zeitpolster News: Lesen Sie was aktuell passiert, erfahren Sie etwas \u00fcber Hintergr\u00fcnde. Melden Sie sich gleich an!\" \/>\n<meta property=\"og:url\" content=\"https:\/\/www.zeitpolster.com\/ch\/newsletter\/\" \/>\n<meta property=\"og:site_name\" content=\"Zeitpolster Schweiz\" \/>\n<meta property=\"article:modified_time\" content=\"2022-09-06T15:35:38+00:00\" \/>\n<meta property=\"og:image\" content=\"https:\/\/www.zeitpolster.com\/ch\/wp-content\/uploads\/sites\/23\/2019\/10\/logo_green-2.png\" \/>\n<meta name=\"twitter:card\" content=\"summary_large_image\" \/>\n<meta name=\"twitter:label1\" content=\"Gesch\u00e4tzte Lesezeit\" \/>\n\t<meta name=\"twitter:data1\" content=\"1\u00a0Minute\" \/>\n<script type=\"application\/ld+json\" class=\"yoast-schema-graph\">{\"@context\":\"https:\\\/\\\/schema.org\",\"@graph\":[{\"@type\":\"WebPage\",\"@id\":\"https:\\\/\\\/www.zeitpolster.com\\\/ch\\\/newsletter\\\/\",\"url\":\"https:\\\/\\\/www.zeitpolster.com\\\/ch\\\/newsletter\\\/\",\"name\":\"Newsletter - Zeitpolster Schweiz\",\"isPartOf\":{\"@id\":\"https:\\\/\\\/www.zeitpolster.com\\\/ch\\\/#website\"},\"primaryImageOfPage\":{\"@id\":\"https:\\\/\\\/www.zeitpolster.com\\\/ch\\\/newsletter\\\/#primaryimage\"},\"image\":{\"@id\":\"https:\\\/\\\/www.zeitpolster.com\\\/ch\\\/newsletter\\\/#primaryimage\"},\"thumbnailUrl\":\"https:\\\/\\\/www.zeitpolster.com\\\/ch\\\/wp-content\\\/uploads\\\/sites\\\/23\\\/2019\\\/10\\\/logo_green-2.png\",\"datePublished\":\"2020-05-16T11:08:59+00:00\",\"dateModified\":\"2022-09-06T15:35:38+00:00\",\"description\":\"Informieren Sie sich \u00fcber Zeitpolster News: Lesen Sie was aktuell passiert, erfahren Sie etwas \u00fcber Hintergr\u00fcnde. Melden Sie sich gleich an!\",\"breadcrumb\":{\"@id\":\"https:\\\/\\\/www.zeitpolster.com\\\/ch\\\/newsletter\\\/#breadcrumb\"},\"inLanguage\":\"de\",\"potentialAction\":[{\"@type\":\"ReadAction\",\"target\":[\"https:\\\/\\\/www.zeitpolster.com\\\/ch\\\/newsletter\\\/\"]}]},{\"@type\":\"ImageObject\",\"inLanguage\":\"de\",\"@id\":\"https:\\\/\\\/www.zeitpolster.com\\\/ch\\\/newsletter\\\/#primaryimage\",\"url\":\"https:\\\/\\\/www.zeitpolster.com\\\/ch\\\/wp-content\\\/uploads\\\/sites\\\/23\\\/2019\\\/10\\\/logo_green-2.png\",\"contentUrl\":\"https:\\\/\\\/www.zeitpolster.com\\\/ch\\\/wp-content\\\/uploads\\\/sites\\\/23\\\/2019\\\/10\\\/logo_green-2.png\",\"width\":361,\"height\":192,\"caption\":\"Logo Zeitpolster\"},{\"@type\":\"BreadcrumbList\",\"@id\":\"https:\\\/\\\/www.zeitpolster.com\\\/ch\\\/newsletter\\\/#breadcrumb\",\"itemListElement\":[{\"@type\":\"ListItem\",\"position\":1,\"name\":\"Startseite\",\"item\":\"https:\\\/\\\/www.zeitpolster.com\\\/ch\\\/\"},{\"@type\":\"ListItem\",\"position\":2,\"name\":\"Newsletter\"}]},{\"@type\":\"WebSite\",\"@id\":\"https:\\\/\\\/www.zeitpolster.com\\\/ch\\\/#website\",\"url\":\"https:\\\/\\\/www.zeitpolster.com\\\/ch\\\/\",\"name\":\"Zeitpolster Schweiz\",\"description\":\"Verein f\u00fcr Zeitvorsorge\",\"publisher\":{\"@id\":\"https:\\\/\\\/www.zeitpolster.com\\\/ch\\\/#organization\"},\"potentialAction\":[{\"@type\":\"SearchAction\",\"target\":{\"@type\":\"EntryPoint\",\"urlTemplate\":\"https:\\\/\\\/www.zeitpolster.com\\\/ch\\\/?s={search_term_string}\"},\"query-input\":{\"@type\":\"PropertyValueSpecification\",\"valueRequired\":true,\"valueName\":\"search_term_string\"}}],\"inLanguage\":\"de\"},{\"@type\":\"Organization\",\"@id\":\"https:\\\/\\\/www.zeitpolster.com\\\/ch\\\/#organization\",\"name\":\"Zeitpolster Schweiz\",\"url\":\"https:\\\/\\\/www.zeitpolster.com\\\/ch\\\/\",\"logo\":{\"@type\":\"ImageObject\",\"inLanguage\":\"de\",\"@id\":\"https:\\\/\\\/www.zeitpolster.com\\\/ch\\\/#\\\/schema\\\/logo\\\/image\\\/\",\"url\":\"https:\\\/\\\/www.zeitpolster.com\\\/ch\\\/wp-content\\\/uploads\\\/sites\\\/23\\\/2019\\\/10\\\/logo_green-2.png\",\"contentUrl\":\"https:\\\/\\\/www.zeitpolster.com\\\/ch\\\/wp-content\\\/uploads\\\/sites\\\/23\\\/2019\\\/10\\\/logo_green-2.png\",\"width\":361,\"height\":192,\"caption\":\"Zeitpolster Schweiz\"},\"image\":{\"@id\":\"https:\\\/\\\/www.zeitpolster.com\\\/ch\\\/#\\\/schema\\\/logo\\\/image\\\/\"}}]}<\/script>\n<!-- \/ Yoast SEO plugin. -->","yoast_head_json":{"title":"Newsletter - Zeitpolster Schweiz","description":"Informieren Sie sich \u00fcber Zeitpolster News: Lesen Sie was aktuell passiert, erfahren Sie etwas \u00fcber Hintergr\u00fcnde. Melden Sie sich gleich an!","robots":{"index":"index","follow":"follow","max-snippet":"max-snippet:-1","max-image-preview":"max-image-preview:large","max-video-preview":"max-video-preview:-1"},"canonical":"https:\/\/www.zeitpolster.com\/ch\/newsletter\/","og_locale":"de_DE","og_type":"article","og_title":"Newsletter - Zeitpolster Schweiz","og_description":"Informieren Sie sich \u00fcber Zeitpolster News: Lesen Sie was aktuell passiert, erfahren Sie etwas \u00fcber Hintergr\u00fcnde. Melden Sie sich gleich an!","og_url":"https:\/\/www.zeitpolster.com\/ch\/newsletter\/","og_site_name":"Zeitpolster Schweiz","article_modified_time":"2022-09-06T15:35:38+00:00","og_image":[{"url":"https:\/\/www.zeitpolster.com\/ch\/wp-content\/uploads\/sites\/23\/2019\/10\/logo_green-2.png","type":"","width":"","height":""}],"twitter_card":"summary_large_image","twitter_misc":{"Gesch\u00e4tzte Lesezeit":"1\u00a0Minute"},"schema":{"@context":"https:\/\/schema.org","@graph":[{"@type":"WebPage","@id":"https:\/\/www.zeitpolster.com\/ch\/newsletter\/","url":"https:\/\/www.zeitpolster.com\/ch\/newsletter\/","name":"Newsletter - Zeitpolster Schweiz","isPartOf":{"@id":"https:\/\/www.zeitpolster.com\/ch\/#website"},"primaryImageOfPage":{"@id":"https:\/\/www.zeitpolster.com\/ch\/newsletter\/#primaryimage"},"image":{"@id":"https:\/\/www.zeitpolster.com\/ch\/newsletter\/#primaryimage"},"thumbnailUrl":"https:\/\/www.zeitpolster.com\/ch\/wp-content\/uploads\/sites\/23\/2019\/10\/logo_green-2.png","datePublished":"2020-05-16T11:08:59+00:00","dateModified":"2022-09-06T15:35:38+00:00","description":"Informieren Sie sich \u00fcber Zeitpolster News: Lesen Sie was aktuell passiert, erfahren Sie etwas \u00fcber Hintergr\u00fcnde. Melden Sie sich gleich an!","breadcrumb":{"@id":"https:\/\/www.zeitpolster.com\/ch\/newsletter\/#breadcrumb"},"inLanguage":"de","potentialAction":[{"@type":"ReadAction","target":["https:\/\/www.zeitpolster.com\/ch\/newsletter\/"]}]},{"@type":"ImageObject","inLanguage":"de","@id":"https:\/\/www.zeitpolster.com\/ch\/newsletter\/#primaryimage","url":"https:\/\/www.zeitpolster.com\/ch\/wp-content\/uploads\/sites\/23\/2019\/10\/logo_green-2.png","contentUrl":"https:\/\/www.zeitpolster.com\/ch\/wp-content\/uploads\/sites\/23\/2019\/10\/logo_green-2.png","width":361,"height":192,"caption":"Logo Zeitpolster"},{"@type":"BreadcrumbList","@id":"https:\/\/www.zeitpolster.com\/ch\/newsletter\/#breadcrumb","itemListElement":[{"@type":"ListItem","position":1,"name":"Startseite","item":"https:\/\/www.zeitpolster.com\/ch\/"},{"@type":"ListItem","position":2,"name":"Newsletter"}]},{"@type":"WebSite","@id":"https:\/\/www.zeitpolster.com\/ch\/#website","url":"https:\/\/www.zeitpolster.com\/ch\/","name":"Zeitpolster Schweiz","description":"Verein f\u00fcr Zeitvorsorge","publisher":{"@id":"https:\/\/www.zeitpolster.com\/ch\/#organization"},"potentialAction":[{"@type":"SearchAction","target":{"@type":"EntryPoint","urlTemplate":"https:\/\/www.zeitpolster.com\/ch\/?s={search_term_string}"},"query-input":{"@type":"PropertyValueSpecification","valueRequired":true,"valueName":"search_term_string"}}],"inLanguage":"de"},{"@type":"Organization","@id":"https:\/\/www.zeitpolster.com\/ch\/#organization","name":"Zeitpolster Schweiz","url":"https:\/\/www.zeitpolster.com\/ch\/","logo":{"@type":"ImageObject","inLanguage":"de","@id":"https:\/\/www.zeitpolster.com\/ch\/#\/schema\/logo\/image\/","url":"https:\/\/www.zeitpolster.com\/ch\/wp-content\/uploads\/sites\/23\/2019\/10\/logo_green-2.png","contentUrl":"https:\/\/www.zeitpolster.com\/ch\/wp-content\/uploads\/sites\/23\/2019\/10\/logo_green-2.png","width":361,"height":192,"caption":"Zeitpolster Schweiz"},"image":{"@id":"https:\/\/www.zeitpolster.com\/ch\/#\/schema\/logo\/image\/"}}]}},"featured_image_src":null,"featured_image_src_square":null,"uagb_featured_image_src":{"full":false,"thumbnail":false,"medium":false,"medium_large":false,"large":false,"1536x1536":false,"2048x2048":false,"gb-block-post-grid-landscape":false,"gb-block-post-grid-square":false,"woocommerce_thumbnail":false,"woocommerce_single":false,"woocommerce_gallery_thumbnail":false},"uagb_author_info":{"display_name":"wordpressadmin","author_link":"https:\/\/www.zeitpolster.com\/ch\/author\/wordpressadmin\/"},"uagb_comment_info":0,"uagb_excerpt":"Newsletter abonnieren Die Zeits\u00e4ule f\u00fcr die Altersvorsorge","_links":{"self":[{"href":"https:\/\/www.zeitpolster.com\/ch\/wp-json\/wp\/v2\/pages\/3053","targetHints":{"allow":["GET"]}}],"collection":[{"href":"https:\/\/www.zeitpolster.com\/ch\/wp-json\/wp\/v2\/pages"}],"about":[{"href":"https:\/\/www.zeitpolster.com\/ch\/wp-json\/wp\/v2\/types\/page"}],"author":[{"embeddable":true,"href":"https:\/\/www.zeitpolster.com\/ch\/wp-json\/wp\/v2\/users\/1"}],"replies":[{"embeddable":true,"href":"https:\/\/www.zeitpolster.com\/ch\/wp-json\/wp\/v2\/comments?post=3053"}],"version-history":[{"count":2,"href":"https:\/\/www.zeitpolster.com\/ch\/wp-json\/wp\/v2\/pages\/3053\/revisions"}],"predecessor-version":[{"id":5739,"href":"https:\/\/www.zeitpolster.com\/ch\/wp-json\/wp\/v2\/pages\/3053\/revisions\/5739"}],"wp:attachment":[{"href":"https:\/\/www.zeitpolster.com\/ch\/wp-json\/wp\/v2\/media?parent=3053"}],"curies":[{"name":"wp","href":"https:\/\/api.w.org\/{rel}","templated":true}]}}